{"id":5462,"date":"2026-04-22T14:05:58","date_gmt":"2026-04-22T11:05:58","guid":{"rendered":"https:\/\/koogiart.ee\/?page_id=5462"},"modified":"2026-04-22T14:08:05","modified_gmt":"2026-04-22T11:08:05","slug":"rassrochka","status":"publish","type":"page","link":"https:\/\/koogiart.ee\/ru\/rassrochka\/","title":{"rendered":"\u0420\u0430\u0441\u0441\u0440\u043e\u0447\u043a\u0430"},"content":{"rendered":"<p>[et_pb_section fb_built=&#187;1&#8243; _builder_version=&#187;4.18.0&#8243; _module_preset=&#187;default&#187; global_colors_info=&#187;{}&#187;][et_pb_row _builder_version=&#187;4.18.0&#8243; _module_preset=&#187;default&#187; global_colors_info=&#187;{}&#187;][et_pb_column type=&#187;4_4&#8243; _builder_version=&#187;4.18.0&#8243; _module_preset=&#187;default&#187; global_colors_info=&#187;{}&#187;][et_pb_text _builder_version=&#187;4.25.1&#8243; _module_preset=&#187;default&#187; global_colors_info=&#187;{}&#187;]<\/p>\n<h1>\u0420\u0430\u0441\u0441\u0440\u043e\u0447\u043a\u0430 ESTO<\/h1>\n<p>[\/et_pb_text][et_pb_image src=&#187;https:\/\/koogiart.ee\/wp-content\/uploads\/2026\/04\/HP_banner_offline_1000x523.jpg&#187; title_text=&#187;HP_banner_offline_1000x523&#8243; _builder_version=&#187;4.25.1&#8243; _module_preset=&#187;default&#187; max_width=&#187;70%&#187; max_width_tablet=&#187;100%&#187; max_width_phone=&#187;100%&#187; max_width_last_edited=&#187;on|desktop&#187; module_alignment=&#187;center&#187; global_colors_info=&#187;{}&#187;][\/et_pb_image][et_pb_text _builder_version=&#187;4.25.1&#8243; _module_preset=&#187;default&#187; text_font=&#187;||||||||&#187; global_colors_info=&#187;{}&#187;]<\/p>\n<p><strong>\u041d\u0435 \u0445\u043e\u0442\u0438\u0442\u0435 \u043e\u043f\u043b\u0430\u0447\u0438\u0432\u0430\u0442\u044c \u0432\u0441\u044e \u0441\u0443\u043c\u043c\u0443 \u0441\u0440\u0430\u0437\u0443? \u041f\u043b\u0430\u0442\u0438\u0442\u0435 \u0432 \u0440\u0430\u0441\u0441\u0440\u043e\u0447\u043a\u0443!<br \/><\/strong>\u0420\u0430\u0441\u0441\u0440\u043e\u0447\u043a\u0430 \u043e\u0442 ESTO \u2014 \u044d\u0442\u043e \u0438\u043d\u043d\u043e\u0432\u0430\u0446\u0438\u043e\u043d\u043d\u043e\u0435 \u043f\u043b\u0430\u0442\u0435\u0436\u043d\u043e\u0435 \u0440\u0435\u0448\u0435\u043d\u0438\u0435, \u043a\u043e\u0442\u043e\u0440\u043e\u0435 \u043f\u043e\u0437\u0432\u043e\u043b\u044f\u0435\u0442 \u0441\u043e\u0441\u0442\u0430\u0432\u0438\u0442\u044c \u0433\u0440\u0430\u0444\u0438\u043a \u043f\u043b\u0430\u0442\u0435\u0436\u0435\u0439 \u043d\u0430 \u0432\u044b\u0431\u0440\u0430\u043d\u043d\u044b\u0439 \u0432\u0430\u043c\u0438 \u043f\u0435\u0440\u0438\u043e\u0434. \u0420\u0435\u0448\u0435\u043d\u0438\u0435 \u043f\u0440\u0438\u043d\u0438\u043c\u0430\u0435\u0442\u0441\u044f \u0432 \u0440\u0435\u0436\u0438\u043c\u0435 \u0440\u0435\u0430\u043b\u044c\u043d\u043e\u0433\u043e \u0432\u0440\u0435\u043c\u0435\u043d\u0438, \u0430 \u043e\u0444\u043e\u0440\u043c\u043b\u0435\u043d\u0438\u0435 \u043f\u043e\u043a\u0443\u043f\u043a\u0438 \u0437\u0430\u043d\u0438\u043c\u0430\u0435\u0442 \u043c\u0435\u043d\u0435\u0435 60 \u0441\u0435\u043a\u0443\u043d\u0434.<br \/>\u0412\u044b\u0431\u0435\u0440\u0438\u0442\u0435 \u043f\u043e\u0434\u0445\u043e\u0434\u044f\u0449\u0438\u0439 \u0442\u043e\u0432\u0430\u0440 \u0438\u043b\u0438 \u0443\u0441\u043b\u0443\u0433\u0443, \u0441\u043e\u043e\u0431\u0449\u0438\u0442\u0435 \u043e\u0431\u0441\u043b\u0443\u0436\u0438\u0432\u0430\u044e\u0449\u0435\u043c\u0443 \u0441\u043e\u0442\u0440\u0443\u0434\u043d\u0438\u043a\u0443, \u0447\u0442\u043e \u0445\u043e\u0442\u0438\u0442\u0435 \u043e\u043f\u043b\u0430\u0442\u0438\u0442\u044c \u0441 \u043f\u043e\u043c\u043e\u0449\u044c\u044e \u0440\u0430\u0441\u0441\u0440\u043e\u0447\u043a\u0438 ESTO, \u0438 \u0437\u0430\u0442\u0435\u043c \u043f\u043e\u0434\u0442\u0432\u0435\u0440\u0434\u0438\u0442\u0435 \u0437\u0430\u043a\u0430\u0437. \u041f\u0440\u0438 \u043f\u043e\u0434\u0442\u0432\u0435\u0440\u0436\u0434\u0435\u043d\u0438\u0438 \u043f\u043e\u043a\u0443\u043f\u043a\u0438 \u0432\u044b\u0431\u0435\u0440\u0438\u0442\u0435 \u0443\u0434\u043e\u0431\u043d\u044b\u0439 \u0441\u0440\u043e\u043a, \u0440\u0430\u0437\u043c\u0435\u0440 \u0435\u0436\u0435\u043c\u0435\u0441\u044f\u0447\u043d\u043e\u0433\u043e \u043f\u043b\u0430\u0442\u0435\u0436\u0430 \u0438 \u043f\u043e\u0434\u043f\u0438\u0448\u0438\u0442\u0435 \u0434\u043e\u0433\u043e\u0432\u043e\u0440 \u0446\u0438\u0444\u0440\u043e\u0432\u043e\u0439 \u043f\u043e\u0434\u043f\u0438\u0441\u044c\u044e \u0441 \u043f\u043e\u043c\u043e\u0449\u044c\u044e ID-\u043a\u0430\u0440\u0442\u044b, Smart-ID \u0438\u043b\u0438 Mobiili-ID.<br \/>\u25cf \u041f\u043e\u0434\u0430\u0442\u044c \u0437\u0430\u044f\u0432\u043a\u0443 \u043d\u0430 \u0440\u0430\u0441\u0441\u0440\u043e\u0447\u043a\u0443 ESTO \u043c\u043e\u0433\u0443\u0442 \u0432\u0441\u0435 \u0433\u0440\u0430\u0436\u0434\u0430\u043d\u0435 \u042d\u0441\u0442\u043e\u043d\u0441\u043a\u043e\u0439 \u0420\u0435\u0441\u043f\u0443\u0431\u043b\u0438\u043a\u0438 \u0432 \u0432\u043e\u0437\u0440\u0430\u0441\u0442\u0435 \u043e\u0442 18 \u0434\u043e 70 \u043b\u0435\u0442.<br \/>\u25cf \u0420\u0430\u0441\u0441\u0440\u043e\u0447\u043a\u0443 ESTO \u043c\u043e\u0436\u043d\u043e \u0431\u044b\u0441\u0442\u0440\u043e \u0438 \u0443\u0434\u043e\u0431\u043d\u043e \u043e\u0444\u043e\u0440\u043c\u0438\u0442\u044c \u0442\u0430\u043a\u0436\u0435 \u043d\u0430 \u044e\u0440\u0438\u0434\u0438\u0447\u0435\u0441\u043a\u043e\u0435 \u043b\u0438\u0446\u043e.<br \/>\u25cf \u0420\u0430\u0441\u0441\u0440\u043e\u0447\u043a\u0443 ESTO \u043f\u0440\u0435\u0434\u043e\u0441\u0442\u0430\u0432\u043b\u044f\u0435\u0442 \u0438 \u043e\u0431\u0441\u043b\u0443\u0436\u0438\u0432\u0430\u0435\u0442 ESTO AS.<\/p>\n<p>[\/et_pb_text][et_pb_text _builder_version=&#187;4.25.1&#8243; _module_preset=&#187;default&#187; custom_padding=&#187;30px||||false|false&#187; global_colors_info=&#187;{}&#187;]<\/p>\n<p><strong>\u0412\u041d\u0418\u041c\u0410\u041d\u0418\u0415!<\/strong> \u041a\u0430\u0436\u0434\u0430\u044f \u0440\u0430\u0441\u0441\u0440\u043e\u0447\u043a\u0430 \u044f\u0432\u043b\u044f\u0435\u0442\u0441\u044f \u0444\u0438\u043d\u0430\u043d\u0441\u043e\u0432\u044b\u043c \u043e\u0431\u044f\u0437\u0430\u0442\u0435\u043b\u044c\u0441\u0442\u0432\u043e\u043c. \u041f\u0435\u0440\u0435\u0434 \u0437\u0430\u043a\u043b\u044e\u0447\u0435\u043d\u0438\u0435\u043c \u0434\u043e\u0433\u043e\u0432\u043e\u0440\u0430 \u0440\u0430\u0441\u0441\u0440\u043e\u0447\u043a\u0438 \u043e\u0437\u043d\u0430\u043a\u043e\u043c\u044c\u0442\u0435\u0441\u044c \u0441 \u0443\u0441\u043b\u043e\u0432\u0438\u044f\u043c\u0438 \u0443\u0441\u043b\u0443\u0433\u0438 \u0438 \u043f\u0440\u0438 \u043d\u0435\u043e\u0431\u0445\u043e\u0434\u0438\u043c\u043e\u0441\u0442\u0438 \u043f\u0440\u043e\u043a\u043e\u043d\u0441\u0443\u043b\u044c\u0442\u0438\u0440\u0443\u0439\u0442\u0435\u0441\u044c \u0441\u043e \u0441\u043f\u0435\u0446\u0438\u0430\u043b\u0438\u0441\u0442\u043e\u043c. \u0413\u043e\u0434\u043e\u0432\u0430\u044f \u043f\u0440\u043e\u0446\u0435\u043d\u0442\u043d\u0430\u044f \u0441\u0442\u0430\u0432\u043a\u0430 \u0440\u0430\u0441\u0445\u043e\u0434\u043e\u0432 (APR) \u043f\u043e \u0440\u0430\u0441\u0441\u0440\u043e\u0447\u043a\u0435 ESTO AS \u0441\u043e\u0441\u0442\u0430\u0432\u043b\u044f\u0435\u0442 23,63% \u043f\u0440\u0438 \u0441\u043b\u0435\u0434\u0443\u044e\u0449\u0438\u0445 \u043f\u0440\u0438\u043c\u0435\u0440\u043d\u044b\u0445 \u0443\u0441\u043b\u043e\u0432\u0438\u044f\u0445: \u0441\u0443\u043c\u043c\u0430 \u043a\u0440\u0435\u0434\u0438\u0442\u0430 \u2014 1490 EUR, \u0441\u0442\u043e\u0438\u043c\u043e\u0441\u0442\u044c \u0442\u043e\u0432\u0430\u0440\u0430\/\u0443\u0441\u043b\u0443\u0433\u0438 \u2014 1490 EUR, \u043f\u0435\u0440\u0432\u043e\u043d\u0430\u0447\u0430\u043b\u044c\u043d\u044b\u0439 \u0432\u0437\u043d\u043e\u0441 \u2014 0%, \u0444\u0438\u043a\u0441\u0438\u0440\u043e\u0432\u0430\u043d\u043d\u0430\u044f \u043f\u0440\u043e\u0446\u0435\u043d\u0442\u043d\u0430\u044f \u0441\u0442\u0430\u0432\u043a\u0430 \u2014 11,90%, \u043f\u043b\u0430\u0442\u0430 \u0437\u0430 \u0434\u043e\u0433\u043e\u0432\u043e\u0440 \u2014 0 EUR, \u043e\u0431\u0449\u0430\u044f \u0441\u0443\u043c\u043c\u0430 \u043a\u0440\u0435\u0434\u0438\u0442\u0430 \u0438 \u0441\u0443\u043c\u043c\u0430 \u0432\u043e\u0437\u0432\u0440\u0430\u0442\u0430 \u2014 1844,64 EUR, \u043f\u0440\u0438 \u0443\u0441\u043b\u043e\u0432\u0438\u0438 \u043f\u043e\u0433\u0430\u0448\u0435\u043d\u0438\u044f \u043a\u0440\u0435\u0434\u0438\u0442\u0430 \u0432 \u0442\u0435\u0447\u0435\u043d\u0438\u0435 24 \u043c\u0435\u0441\u044f\u0446\u0435\u0432 \u0440\u0430\u0432\u043d\u044b\u043c\u0438 \u0435\u0436\u0435\u043c\u0435\u0441\u044f\u0447\u043d\u044b\u043c\u0438 \u043f\u043b\u0430\u0442\u0435\u0436\u0430\u043c\u0438 \u043f\u043e 76,86 EUR. \u041f\u0435\u0440\u0435\u0434 \u0437\u0430\u043a\u043b\u044e\u0447\u0435\u043d\u0438\u0435\u043c \u0434\u043e\u0433\u043e\u0432\u043e\u0440\u0430 \u043e\u0437\u043d\u0430\u043a\u043e\u043c\u044c\u0442\u0435\u0441\u044c \u0441 \u0443\u0441\u043b\u043e\u0432\u0438\u044f\u043c\u0438 \u0438 \u043f\u0440\u0438 \u043d\u0435\u043e\u0431\u0445\u043e\u0434\u0438\u043c\u043e\u0441\u0442\u0438 \u043f\u0440\u043e\u043a\u043e\u043d\u0441\u0443\u043b\u044c\u0442\u0438\u0440\u0443\u0439\u0442\u0435\u0441\u044c \u0441\u043e \u0441\u043f\u0435\u0446\u0438\u0430\u043b\u0438\u0441\u0442\u043e\u043c. \u0420\u0430\u0441\u0441\u0440\u043e\u0447\u043a\u0443 \u043f\u0440\u0435\u0434\u043e\u0441\u0442\u0430\u0432\u043b\u044f\u0435\u0442 \u0438 \u043e\u0431\u0441\u043b\u0443\u0436\u0438\u0432\u0430\u0435\u0442 ESTO AS.<\/p>\n<p><strong>\u0427\u0422\u041e \u0422\u0410\u041a\u041e\u0415 ESTO? <\/strong>ESTO \u2014 \u043a\u043e\u043c\u043f\u0430\u043d\u0438\u044f, \u043f\u0440\u0435\u0434\u043e\u0441\u0442\u0430\u0432\u043b\u044f\u044e\u0449\u0430\u044f \u0444\u0438\u043d\u0430\u043d\u0441\u043e\u0432\u044b\u0435 \u0443\u0441\u043b\u0443\u0433\u0438, \u0440\u0430\u0431\u043e\u0442\u0430\u044e\u0449\u0430\u044f \u0441 2016 \u0433\u043e\u0434\u0430. \u0411\u0440\u0435\u043d\u0434 \u0432\u043e\u0437\u043d\u0438\u043a \u0438\u0437 \u043f\u043e\u0442\u0440\u0435\u0431\u043d\u043e\u0441\u0442\u0438 \u0432 \u043f\u043b\u0430\u0442\u0435\u0436\u043d\u044b\u0445 \u0440\u0435\u0448\u0435\u043d\u0438\u044f\u0445 \u043d\u043e\u0432\u043e\u0433\u043e \u043f\u043e\u043a\u043e\u043b\u0435\u043d\u0438\u044f, \u0443\u0434\u043e\u0431\u043d\u044b\u0445 \u043a\u0430\u043a \u0434\u043b\u044f \u043a\u043e\u043d\u0435\u0447\u043d\u043e\u0433\u043e \u043f\u043e\u0442\u0440\u0435\u0431\u0438\u0442\u0435\u043b\u044f, \u0442\u0430\u043a \u0438 \u0434\u043b\u044f \u043f\u0440\u043e\u0434\u0430\u0432\u0446\u0430. \u0421\u0435\u0433\u043e\u0434\u043d\u044f ESTO \u043f\u0440\u0435\u0434\u043b\u0430\u0433\u0430\u0435\u0442 \u0441\u0430\u043c\u044b\u0439 \u0448\u0438\u0440\u043e\u043a\u0438\u0439 \u0432\u044b\u0431\u043e\u0440 \u043f\u043b\u0430\u0442\u0435\u0436\u043d\u044b\u0445 \u0440\u0435\u0448\u0435\u043d\u0438\u0439 \u0432 \u0441\u0442\u0440\u0430\u043d\u0430\u0445 \u0411\u0430\u043b\u0442\u0438\u0438. \u0412 \u043f\u0430\u0440\u0442\u043d\u0435\u0440\u0441\u043a\u0443\u044e \u0441\u0435\u0442\u044c ESTO \u0432\u0445\u043e\u0434\u044f\u0442 \u0431\u043e\u043b\u0435\u0435 2600 \u043f\u0430\u0440\u0442\u043d\u0435\u0440\u043e\u0432 \u0438 \u043c\u0430\u0433\u0430\u0437\u0438\u043d\u043e\u0432, \u0430 \u0447\u0438\u0441\u043b\u043e \u043a\u043b\u0438\u0435\u043d\u0442\u043e\u0432 \u043f\u0440\u0435\u0432\u044b\u0448\u0430\u0435\u0442 300 000.<\/p>\n<p>\u0421 \u0443\u0441\u043b\u043e\u0432\u0438\u044f\u043c\u0438 \u043c\u043e\u0436\u043d\u043e \u043e\u0437\u043d\u0430\u043a\u043e\u043c\u0438\u0442\u044c\u0441\u044f \u0437\u0434\u0435\u0441\u044c: <a href=\"https:\/\/esto.ee\/ru\" target=\"_blank\" rel=\"nofollow noopener\">www.esto.eu\/ru<\/a><br \/>\u041f\u0440\u0438 \u043d\u0435\u043e\u0431\u0445\u043e\u0434\u0438\u043c\u043e\u0441\u0442\u0438 \u0441\u0432\u044f\u0436\u0438\u0442\u0435\u0441\u044c \u0441 \u043f\u0440\u0435\u0434\u0441\u0442\u0430\u0432\u0438\u0442\u0435\u043b\u0435\u043c ESTO AS: <a href=\"mailto:info@esto.ee\">info@esto.ee <\/a>\u0438\u043b\u0438 \u0447\u0435\u0440\u0435\u0437 LIVE-\u0447\u0430\u0442 \u043d\u0430 <a href=\"https:\/\/esto.ee\/ru\" target=\"_blank\" rel=\"nofollow noopener\">www.esto.eu\/ru<\/a><\/p>\n<p>[\/et_pb_text][\/et_pb_column][\/et_pb_row][\/et_pb_section]<\/p>\n","protected":false},"excerpt":{"rendered":"<p>\u0420\u0430\u0441\u0441\u0440\u043e\u0447\u043a\u0430 ESTO\u041d\u0435 \u0445\u043e\u0442\u0438\u0442\u0435 \u043e\u043f\u043b\u0430\u0447\u0438\u0432\u0430\u0442\u044c \u0432\u0441\u044e \u0441\u0443\u043c\u043c\u0443 \u0441\u0440\u0430\u0437\u0443? \u041f\u043b\u0430\u0442\u0438\u0442\u0435 \u0432 \u0440\u0430\u0441\u0441\u0440\u043e\u0447\u043a\u0443!\u0420\u0430\u0441\u0441\u0440\u043e\u0447\u043a\u0430 \u043e\u0442 ESTO \u2014 \u044d\u0442\u043e \u0438\u043d\u043d\u043e\u0432\u0430\u0446\u0438\u043e\u043d\u043d\u043e\u0435 \u043f\u043b\u0430\u0442\u0435\u0436\u043d\u043e\u0435 \u0440\u0435\u0448\u0435\u043d\u0438\u0435, \u043a\u043e\u0442\u043e\u0440\u043e\u0435 \u043f\u043e\u0437\u0432\u043e\u043b\u044f\u0435\u0442 \u0441\u043e\u0441\u0442\u0430\u0432\u0438\u0442\u044c \u0433\u0440\u0430\u0444\u0438\u043a \u043f\u043b\u0430\u0442\u0435\u0436\u0435\u0439 \u043d\u0430 \u0432\u044b\u0431\u0440\u0430\u043d\u043d\u044b\u0439 \u0432\u0430\u043c\u0438 \u043f\u0435\u0440\u0438\u043e\u0434. \u0420\u0435\u0448\u0435\u043d\u0438\u0435 \u043f\u0440\u0438\u043d\u0438\u043c\u0430\u0435\u0442\u0441\u044f \u0432 \u0440\u0435\u0436\u0438\u043c\u0435 \u0440\u0435\u0430\u043b\u044c\u043d\u043e\u0433\u043e \u0432\u0440\u0435\u043c\u0435\u043d\u0438, \u0430 \u043e\u0444\u043e\u0440\u043c\u043b\u0435\u043d\u0438\u0435 \u043f\u043e\u043a\u0443\u043f\u043a\u0438 \u0437\u0430\u043d\u0438\u043c\u0430\u0435\u0442 \u043c\u0435\u043d\u0435\u0435 60 \u0441\u0435\u043a\u0443\u043d\u0434.\u0412\u044b\u0431\u0435\u0440\u0438\u0442\u0435 \u043f\u043e\u0434\u0445\u043e\u0434\u044f\u0449\u0438\u0439 \u0442\u043e\u0432\u0430\u0440 \u0438\u043b\u0438 \u0443\u0441\u043b\u0443\u0433\u0443, \u0441\u043e\u043e\u0431\u0449\u0438\u0442\u0435 \u043e\u0431\u0441\u043b\u0443\u0436\u0438\u0432\u0430\u044e\u0449\u0435\u043c\u0443 \u0441\u043e\u0442\u0440\u0443\u0434\u043d\u0438\u043a\u0443, \u0447\u0442\u043e \u0445\u043e\u0442\u0438\u0442\u0435 \u043e\u043f\u043b\u0430\u0442\u0438\u0442\u044c \u0441 \u043f\u043e\u043c\u043e\u0449\u044c\u044e \u0440\u0430\u0441\u0441\u0440\u043e\u0447\u043a\u0438 ESTO, \u0438 \u0437\u0430\u0442\u0435\u043c [&hellip;]<\/p>\n","protected":false},"author":1,"featured_media":0,"parent":0,"menu_order":0,"comment_status":"closed","ping_status":"closed","template":"","meta":{"_et_pb_use_builder":"on","_et_pb_old_content":"<p>[et_pb_section fb_built=\"1\" _builder_version=\"4.18.0\" _module_preset=\"default\" global_colors_info=\"{}\"][et_pb_row _builder_version=\"4.18.0\" _module_preset=\"default\" global_colors_info=\"{}\"][et_pb_column type=\"4_4\" _builder_version=\"4.18.0\" _module_preset=\"default\" global_colors_info=\"{}\"][et_pb_text _builder_version=\"4.25.1\" _module_preset=\"default\" global_colors_info=\"{}\"]<\/p><h1>ESTO j\u00e4relmaks<\/h1><p>[\/et_pb_text][et_pb_image src=\"https:\/\/koogiart.ee\/wp-content\/uploads\/2026\/04\/HP_banner_offline_1000x523.jpg\" title_text=\"HP_banner_offline_1000x523\" _builder_version=\"4.25.1\" _module_preset=\"default\" max_width=\"70%\" max_width_tablet=\"100%\" max_width_phone=\"100%\" max_width_last_edited=\"on|desktop\" module_alignment=\"center\" global_colors_info=\"{}\"][\/et_pb_image][et_pb_text _builder_version=\"4.25.1\" _module_preset=\"default\" text_font=\"||||||||\" global_colors_info=\"{}\"]<\/p><p><strong>Ei soovi maksta kogu summat korraga? Maksa osamaksete kaupa!<\/strong><br \/>ESTO j\u00e4relmaksu puhul on tegemist innovatiivse makselahendusega, mis aitab koostada sulle sinu poolt valitud perioodi alusel maksegraafiku. Makselahendus teeb otsuse reaalajas ning aitab ostu sooritada v\u00e4hem kui 60 sekundiga.<br \/>Vali sobiv toode v\u00f5i teenus, anna klienditeenindajale m\u00e4rku, et soovid tasuda ESTO j\u00e4relmaksuga ning seej\u00e4rel kinnita oma tellimus. Ostu kinnitamisel vali endale sobiv periood, igakuise osamakse suurus ning digiallkirjasta ID-kaardi, Smart-ID v\u00f5i Mobiili-ID abil.<br \/>\u25cf ESTO j\u00e4relmaksu saavad taotleda k\u00f5ik 18-70-aastased Eesti Vabariigi kodanikud.<br \/>\u25cf ESTO j\u00e4relmaks on v\u00f5imalik vormistada kiirelt ja mugavalt ka juriidilisele isikule.<br \/>\u25cf ESTO j\u00e4relmaksu pakub ja haldab ESTO AS.<\/p><p>[\/et_pb_text][et_pb_text _builder_version=\"4.25.1\" _module_preset=\"default\" custom_padding=\"30px||||false|false\" hover_enabled=\"0\" global_colors_info=\"{}\" sticky_enabled=\"0\"]<\/p><p><strong>T\u00c4HELEPANU!<\/strong> Iga j\u00e4relmaks on finantskohustus. Enne j\u00e4relmaksulepingu s\u00f5lmimist tutvuge vastava teenuse tingimustega ning vajadusel konsulteerige asjatundjaga. ESTO AS j\u00e4relmaksu krediidi kulukuse m\u00e4\u00e4r on 23.63% aastas j\u00e4rgmistel n\u00e4idistingimustel: krediidi summa 1490 EUR, kauba\/teenuse maksumus 1490 EUR, sissemakse 0%, fikseeritud intressim\u00e4\u00e4r 11.90%, lepingutasu 0 EUR, krediidi kogusumma ja tagasimaksete summa 1844.64 EUR eeldusel, et krediit tagastatakse 24 kuu jooksul igakuiste v\u00f5rdsete osamaksetena suuruses 76.86 EUR. Tutvu enne lepingu s\u00f5lmimist tingimustega ja vajadusel konsulteeri spetsialistiga. J\u00e4relmaksu pakub ja haldab ESTO AS.<\/p><p><strong>MIS ON ESTO?<\/strong> ESTO on finantsteenuseid pakkuv ettev\u00f5te, mille algusaeg ulatub aastasse 2016. Br\u00e4nd sai alguse vajadusest uue generatsiooni makselahenduste j\u00e4rele, mis oleksid sobilikud nii l\u00f5pptarbijale kui ka m\u00fc\u00fcjale. T\u00e4na pakub ESTO k\u00f5ige suuremat valikut erinevaid makselahendusi Baltikumis ning ESTO partnerv\u00f5rgustikku kuulub \u00fcle 2600 koost\u00f6\u00f6partneri ja kaupluse ning \u00fcle 300 000 kliendi.<\/p><p>Tutvu tingimustega siin: <a href=\"https:\/\/esto.ee\/et\" target=\"_blank\" rel=\"nofollow noopener\">www.esto.eu\/ee<\/a><br \/>Vajadusel kontakteeruge ESTO AS t\u00f6\u00f6tajaga - <a href=\"mailto:info@esto.ee\">info@esto.ee<\/a> v\u00f5i <a href=\"https:\/\/esto.ee\/et\" target=\"_blank\" rel=\"nofollow noopener\">www.esto.eu\/ee<\/a> LIVE chat-aknas.<\/p><p>[\/et_pb_text][\/et_pb_column][\/et_pb_row][\/et_pb_section]<\/p>","_et_gb_content_width":"","footnotes":""},"_links":{"self":[{"href":"https:\/\/koogiart.ee\/ru\/wp-json\/wp\/v2\/pages\/5462"}],"collection":[{"href":"https:\/\/koogiart.ee\/ru\/wp-json\/wp\/v2\/pages"}],"about":[{"href":"https:\/\/koogiart.ee\/ru\/wp-json\/wp\/v2\/types\/page"}],"author":[{"embeddable":true,"href":"https:\/\/koogiart.ee\/ru\/wp-json\/wp\/v2\/users\/1"}],"replies":[{"embeddable":true,"href":"https:\/\/koogiart.ee\/ru\/wp-json\/wp\/v2\/comments?post=5462"}],"version-history":[{"count":3,"href":"https:\/\/koogiart.ee\/ru\/wp-json\/wp\/v2\/pages\/5462\/revisions"}],"predecessor-version":[{"id":5468,"href":"https:\/\/koogiart.ee\/ru\/wp-json\/wp\/v2\/pages\/5462\/revisions\/5468"}],"wp:attachment":[{"href":"https:\/\/koogiart.ee\/ru\/wp-json\/wp\/v2\/media?parent=5462"}],"curies":[{"name":"wp","href":"https:\/\/api.w.org\/{rel}","templated":true}]}}