{"id":4322,"date":"2021-10-12T15:17:14","date_gmt":"2021-10-12T12:17:14","guid":{"rendered":"https:\/\/koogiart.ee\/?page_id=4322"},"modified":"2021-10-12T15:18:22","modified_gmt":"2021-10-12T12:18:22","slug":"blogi","status":"publish","type":"page","link":"https:\/\/koogiart.ee\/ru\/blogi\/","title":{"rendered":"\u0411\u043b\u043e\u0433"},"content":{"rendered":"<p>[et_pb_section fb_built=&#187;1&#8243; fullwidth=&#187;on&#187; _builder_version=&#187;4.10.7&#8243; _module_preset=&#187;default&#187; global_colors_info=&#187;{}&#187;][et_pb_fullwidth_post_title meta=&#187;off&#187; featured_image=&#187;off&#187; _builder_version=&#187;4.10.7&#8243; _module_preset=&#187;default&#187; title_font_size=&#187;34px&#187; background_color=&#187;#f2f2f2&#8243; text_orientation=&#187;center&#187; custom_padding=&#187;40px||40px||true|false&#187; global_colors_info=&#187;{}&#187;][\/et_pb_fullwidth_post_title][\/et_pb_section][et_pb_section fb_built=&#187;1&#8243; specialty=&#187;on&#187; _builder_version=&#187;4.11.2&#8243; _module_preset=&#187;default&#187; global_colors_info=&#187;{}&#187;][et_pb_column type=&#187;3_4&#8243; specialty_columns=&#187;3&#8243; _builder_version=&#187;3.25&#8243; custom_padding=&#187;|||&#187; global_colors_info=&#187;{}&#187; custom_padding__hover=&#187;|||&#187;][et_pb_row_inner column_structure=&#187;1_2,1_2&#8243; _builder_version=&#187;4.11.2&#8243; _module_preset=&#187;default&#187; global_colors_info=&#187;{}&#187;][et_pb_column_inner type=&#187;1_2&#8243; saved_specialty_column_type=&#187;3_4&#8243; _builder_version=&#187;4.11.2&#8243; _module_preset=&#187;default&#187; background_color=&#187;rgba(0,0,0,0.03)&#187; custom_padding=&#187;30px|30px|24px|30px|false|true&#187; global_colors_info=&#187;{}&#187;][et_pb_text _builder_version=&#187;4.11.2&#8243; _module_preset=&#187;default&#187; header_font_size=&#187;22px&#187; global_colors_info=&#187;{}&#187;]<\/p>\n<h1><a href=\"https:\/\/koogiart.ee\/ru\/koogi-disain\/\">\u0414\u0438\u0437\u0430\u0439\u043d \u043a\u0443\u0445\u043d\u0438<\/a><\/h1>\n<p>[\/et_pb_text][et_pb_image src=&#187;https:\/\/koogiart.ee\/wp-content\/uploads\/2021\/10\/kd3.png&#187; title_text=&#187;kd3&#8243; url=&#187;https:\/\/koogiart.ee\/ru\/koogi-disain\/&#187; _builder_version=&#187;4.11.2&#8243; _module_preset=&#187;default&#187; global_colors_info=&#187;{}&#187;][\/et_pb_image][et_pb_text _builder_version=&#187;4.11.2&#8243; _module_preset=&#187;default&#187; hover_enabled=&#187;0&#8243; global_colors_info=&#187;{}&#187; sticky_enabled=&#187;0&#8243;]\u041a\u0443\u0445\u043d\u044f \u044f\u0432\u043b\u044f\u0435\u0442\u0441\u044f, \u043f\u043e\u0436\u0430\u043b\u0443\u0439, \u0441\u0430\u043c\u044b\u043c \u0443\u044e\u0442\u043d\u044b\u043c \u043f\u043e\u043c\u0435\u0449\u0435\u043d\u0438\u0435\u043c \u0432 \u0434\u043e\u043c\u0435, \u0433\u0434\u0435 \u0447\u043b\u0435\u043d\u044b \u0441\u0435\u043c\u044c\u0438 \u043d\u0435 \u0442\u043e\u043b\u044c\u043a\u043e \u0437\u0430\u0432\u0442\u0440\u0430\u043a\u0430\u044e\u0442\/\u043e\u0431\u0435\u0434\u0430\u044e\u0442\/\u0443\u0436\u0438\u043d\u0430\u044e\u0442 \u0432\u043c\u0435\u0441\u0442\u0435, \u043d\u043e \u0438 \u043e\u0431\u0449\u0430\u044e\u0442\u0441\u044f \u043c\u0435\u0436\u0434\u0443 \u0441\u043e\u0431\u043e\u0439, \u043e\u0442\u0434\u044b\u0445\u0430\u044e\u0442 \u043f\u043e\u0441\u043b\u0435 \u0442\u044f\u0436\u0435\u043b\u043e\u0433\u043e \u0440\u0430\u0431\u043e\u0447\u0435\u0433\u043e \u0434\u043d\u044f. <a href=\"https:\/\/koogiart.ee\/ru\/koogi-disain\/\">\u041f\u0440\u043e\u0434\u043e\u043b\u0436\u0438\u0442\u044c \u0447\u0438\u0442\u0430\u0442\u044c \u2192<\/a>[\/et_pb_text][\/et_pb_column_inner][et_pb_column_inner type=&#187;1_2&#8243; saved_specialty_column_type=&#187;3_4&#8243; _builder_version=&#187;4.11.2&#8243; _module_preset=&#187;default&#187; background_color=&#187;rgba(0,0,0,0.03)&#187; custom_padding=&#187;30px|30px|24px|30px|false|false&#187; global_colors_info=&#187;{}&#187;][et_pb_text _builder_version=&#187;4.11.2&#8243; _module_preset=&#187;default&#187; header_font_size=&#187;22px&#187; global_colors_info=&#187;{}&#187;]<\/p>\n<h1><a href=\"https:\/\/koogiart.ee\/ru\/koogi-planeerimine\/\">\u041f\u043b\u0430\u043d\u0438\u0440\u043e\u0432\u0430\u043d\u0438\u0435 \u043a\u0443\u0445\u043d\u0438<\/a><\/h1>\n<p>[\/et_pb_text][et_pb_image src=&#187;https:\/\/koogiart.ee\/wp-content\/uploads\/2021\/10\/triangle300.jpg&#187; title_text=&#187;triangle300&#8243; url=&#187;https:\/\/koogiart.ee\/ru\/koogi-planeerimine\/&#187; _builder_version=&#187;4.11.2&#8243; _module_preset=&#187;default&#187; global_colors_info=&#187;{}&#187;][\/et_pb_image][et_pb_text _builder_version=&#187;4.11.2&#8243; _module_preset=&#187;default&#187; global_colors_info=&#187;{}&#187;]\u0415\u0441\u043b\u0438 \u0432\u044b \u0441\u043e\u0431\u0438\u0440\u0430\u0435\u0442\u0435\u0441\u044c \u043f\u0435\u0440\u0435\u0434\u0435\u043b\u044b\u0432\u0430\u0442\u044c \u043a\u0443\u0445\u043d\u044e, \u0442\u043e \u043d\u0430\u0432\u0435\u0440\u043d\u044f\u043a\u0430 \u0432\u044b \u043c\u043d\u043e\u0433\u043e \u0441\u043b\u044b\u0448\u0430\u043b\u0438 \u043e \u00ab\u0440\u0430\u0431\u043e\u0447\u0438\u0445 \u0442\u0440\u0435\u0443\u0433\u043e\u043b\u044c\u043d\u0438\u043a\u0430\u0445\u00bb. \u0425\u043e\u0442\u044f \u0447\u0430\u0441\u0442\u043e \u0434\u0438\u0437\u0430\u0439\u043d\u0435\u0440\u044b \u043d\u0430\u0437\u044b\u0432\u0430\u044e\u0442 \u044d\u0442\u043e \u043a\u0430\u043a \u0441\u043f\u043e\u0441\u043e\u0431 \u0441\u043e\u0437\u0434\u0430\u0442\u044c \u043d\u0430\u0438\u0431\u043e\u043b\u0435\u0435 \u044d\u0444\u0444\u0435\u043a\u0442\u0438\u0432\u043d\u0443\u044e \u043a\u0443\u0445\u043d\u044e, \u043a\u043e\u0442\u043e\u0440\u0430\u044f \u0431\u0443\u0434\u0435\u0442 \u043e\u0442\u0432\u0435\u0447\u0430\u0442\u044c \u0432\u0441\u0435\u043c \u043f\u043e\u0442\u0440\u0435\u0431\u043d\u043e\u0441\u0442\u044f\u043c \u0445\u043e\u0437\u044f\u0439\u043a\u0438. <a href=\"https:\/\/koogiart.ee\/ru\/koogi-planeerimine\/\">\u041f\u0440\u043e\u0434\u043e\u043b\u0436\u0438\u0442\u044c \u0447\u0438\u0442\u0430\u0442\u044c \u2192<\/a>[\/et_pb_text][\/et_pb_column_inner][\/et_pb_row_inner][et_pb_row_inner column_structure=&#187;1_2,1_2&#8243; _builder_version=&#187;4.11.2&#8243; _module_preset=&#187;default&#187; global_colors_info=&#187;{}&#187;][et_pb_column_inner type=&#187;1_2&#8243; saved_specialty_column_type=&#187;3_4&#8243; _builder_version=&#187;4.11.2&#8243; _module_preset=&#187;default&#187; background_color=&#187;rgba(0,0,0,0.03)&#187; custom_padding=&#187;30px|30px|24px|30px|false|true&#187; global_colors_info=&#187;{}&#187;][et_pb_text _builder_version=&#187;4.11.2&#8243; _module_preset=&#187;default&#187; header_font_size=&#187;22px&#187; global_colors_info=&#187;{}&#187;]<\/p>\n<h1><a href=\"https:\/\/koogiart.ee\/ru\/vaike-kook\/\">\u041c\u0430\u043b\u0435\u043d\u044c\u043a\u0430\u044f \u043a\u0443\u0445\u043d\u044f \u0441\u043e \u0432\u0441\u0442\u0440\u043e\u0435\u043d\u043d\u043e\u0439 \u0442\u0435\u0445\u043d\u0438\u043a\u043e\u0439<\/a><\/h1>\n<p>[\/et_pb_text][et_pb_image src=&#187;https:\/\/koogiart.ee\/wp-content\/uploads\/2021\/10\/dsc_0319.jpg&#187; title_text=&#187;dsc_0319&#8243; url=&#187;https:\/\/koogiart.ee\/ru\/vaike-kook\/&#187; _builder_version=&#187;4.11.2&#8243; _module_preset=&#187;default&#187; global_colors_info=&#187;{}&#187;][\/et_pb_image][et_pb_text _builder_version=&#187;4.11.2&#8243; _module_preset=&#187;default&#187; global_colors_info=&#187;{}&#187;]\u0421\u0442\u043e\u043b\u0435\u0448\u043d\u0438\u0446\u0430: \u043c\u0435\u043b\u0430\u043c\u0438\u043d \u0411\u0435\u0440\u0451\u0437\u0430. \u041a\u0430\u0440\u043a\u0430\u0441: \u043c\u0435\u043b\u0430\u043c\u0438\u043d \u0411\u0435\u0440\u0451\u0437\u0430. \u0424\u0430\u0441\u0430\u0434: \u043c\u0435\u043b\u0430\u043c\u0438\u043d \u0411\u0435\u0440\u0451\u0437\u0430. <a href=\"https:\/\/koogiart.ee\/ru\/vaike-kook\/\" >\u041f\u0440\u043e\u0434\u043e\u043b\u0436\u0438\u0442\u044c \u0447\u0438\u0442\u0430\u0442\u044c \u2192<\/a>[\/et_pb_text][\/et_pb_column_inner][et_pb_column_inner type=&#187;1_2&#8243; saved_specialty_column_type=&#187;3_4&#8243; _builder_version=&#187;4.11.2&#8243; _module_preset=&#187;default&#187; background_color=&#187;rgba(0,0,0,0.03)&#187; custom_padding=&#187;30px|30px|24px|30px|false|false&#187; global_colors_info=&#187;{}&#187;][et_pb_text _builder_version=&#187;4.11.2&#8243; _module_preset=&#187;default&#187; header_font_size=&#187;22px&#187; global_colors_info=&#187;{}&#187;]<\/p>\n<h1><a href=\"https:\/\/koogiart.ee\/ru\/e-lux\/\">\u041d\u0430\u0448 \u043f\u0430\u0440\u0442\u043d\u0451\u0440 E-lux<\/a><\/h1>\n<p>[\/et_pb_text][et_pb_image src=&#187;https:\/\/koogiart.ee\/wp-content\/uploads\/2021\/10\/elux2.png&#187; title_text=&#187;elux2&#8243; url=&#187;https:\/\/koogiart.ee\/ru\/e-lux\/&#187; _builder_version=&#187;4.11.2&#8243; _module_preset=&#187;default&#187; global_colors_info=&#187;{}&#187;][\/et_pb_image][et_pb_text _builder_version=&#187;4.11.2&#8243; _module_preset=&#187;default&#187; global_colors_info=&#187;{}&#187;]K\u00f6\u00f6giArt \u0437\u0430\u043a\u043b\u044e\u0447\u0438\u043b\u043e \u0434\u043e\u0433\u043e\u0432\u043e\u0440 \u043e \u0441\u043e\u0442\u0440\u0443\u0434\u043d\u0438\u0447\u0435\u0441\u0442\u0432\u0435 \u0441 \u043f\u043e\u0441\u0442\u0430\u0432\u0449\u0438\u043a\u043e\u043c \u043a\u0443\u0445\u043e\u043d\u043d\u043e\u0439 \u0442\u0435\u0445\u043d\u0438\u043a\u0438 E-Lux. <a href=\"https:\/\/koogiart.ee\/ru\/e-lux\/\">\u041f\u0440\u043e\u0434\u043e\u043b\u0436\u0438\u0442\u044c \u0447\u0438\u0442\u0430\u0442\u044c \u2192<\/a>[\/et_pb_text][\/et_pb_column_inner][\/et_pb_row_inner][\/et_pb_column][et_pb_column type=&#187;1_4&#8243; _builder_version=&#187;3.25&#8243; custom_padding=&#187;|||&#187; global_colors_info=&#187;{}&#187; custom_padding__hover=&#187;|||&#187;][et_pb_sidebar show_border=&#187;off&#187; _builder_version=&#187;4.11.2&#8243; _module_preset=&#187;default&#187; global_colors_info=&#187;{}&#187;][\/et_pb_sidebar][\/et_pb_column][\/et_pb_section]<\/p>\n","protected":false},"excerpt":{"rendered":"<p>\u0414\u0438\u0437\u0430\u0439\u043d \u043a\u0443\u0445\u043d\u0438\u041a\u0443\u0445\u043d\u044f \u044f\u0432\u043b\u044f\u0435\u0442\u0441\u044f, \u043f\u043e\u0436\u0430\u043b\u0443\u0439, \u0441\u0430\u043c\u044b\u043c \u0443\u044e\u0442\u043d\u044b\u043c \u043f\u043e\u043c\u0435\u0449\u0435\u043d\u0438\u0435\u043c \u0432 \u0434\u043e\u043c\u0435, \u0433\u0434\u0435 \u0447\u043b\u0435\u043d\u044b \u0441\u0435\u043c\u044c\u0438 \u043d\u0435 \u0442\u043e\u043b\u044c\u043a\u043e \u0437\u0430\u0432\u0442\u0440\u0430\u043a\u0430\u044e\u0442\/\u043e\u0431\u0435\u0434\u0430\u044e\u0442\/\u0443\u0436\u0438\u043d\u0430\u044e\u0442 \u0432\u043c\u0435\u0441\u0442\u0435, \u043d\u043e \u0438 \u043e\u0431\u0449\u0430\u044e\u0442\u0441\u044f \u043c\u0435\u0436\u0434\u0443 \u0441\u043e\u0431\u043e\u0439, \u043e\u0442\u0434\u044b\u0445\u0430\u044e\u0442 \u043f\u043e\u0441\u043b\u0435 \u0442\u044f\u0436\u0435\u043b\u043e\u0433\u043e \u0440\u0430\u0431\u043e\u0447\u0435\u0433\u043e \u0434\u043d\u044f. \u041f\u0440\u043e\u0434\u043e\u043b\u0436\u0438\u0442\u044c \u0447\u0438\u0442\u0430\u0442\u044c \u2192\u041f\u043b\u0430\u043d\u0438\u0440\u043e\u0432\u0430\u043d\u0438\u0435 \u043a\u0443\u0445\u043d\u0438\u0415\u0441\u043b\u0438 \u0432\u044b \u0441\u043e\u0431\u0438\u0440\u0430\u0435\u0442\u0435\u0441\u044c \u043f\u0435\u0440\u0435\u0434\u0435\u043b\u044b\u0432\u0430\u0442\u044c \u043a\u0443\u0445\u043d\u044e, \u0442\u043e \u043d\u0430\u0432\u0435\u0440\u043d\u044f\u043a\u0430 \u0432\u044b \u043c\u043d\u043e\u0433\u043e \u0441\u043b\u044b\u0448\u0430\u043b\u0438 \u043e \u00ab\u0440\u0430\u0431\u043e\u0447\u0438\u0445 \u0442\u0440\u0435\u0443\u0433\u043e\u043b\u044c\u043d\u0438\u043a\u0430\u0445\u00bb. \u0425\u043e\u0442\u044f \u0447\u0430\u0441\u0442\u043e \u0434\u0438\u0437\u0430\u0439\u043d\u0435\u0440\u044b \u043d\u0430\u0437\u044b\u0432\u0430\u044e\u0442 \u044d\u0442\u043e \u043a\u0430\u043a \u0441\u043f\u043e\u0441\u043e\u0431 \u0441\u043e\u0437\u0434\u0430\u0442\u044c \u043d\u0430\u0438\u0431\u043e\u043b\u0435\u0435 \u044d\u0444\u0444\u0435\u043a\u0442\u0438\u0432\u043d\u0443\u044e \u043a\u0443\u0445\u043d\u044e, \u043a\u043e\u0442\u043e\u0440\u0430\u044f \u0431\u0443\u0434\u0435\u0442 [&hellip;]<\/p>\n","protected":false},"author":1,"featured_media":0,"parent":0,"menu_order":0,"comment_status":"closed","ping_status":"closed","template":"","meta":{"_et_pb_use_builder":"on","_et_pb_old_content":"[et_pb_section fb_built=\"1\" fullwidth=\"on\" _builder_version=\"4.10.7\" _module_preset=\"default\" global_colors_info=\"{}\"][et_pb_fullwidth_post_title meta=\"off\" featured_image=\"off\" _builder_version=\"4.10.7\" _module_preset=\"default\" title_font_size=\"34px\" background_color=\"#f2f2f2\" text_orientation=\"center\" custom_padding=\"40px||40px||true|false\" global_colors_info=\"{}\"][\/et_pb_fullwidth_post_title][\/et_pb_section][et_pb_section fb_built=\"1\" specialty=\"on\" _builder_version=\"4.11.2\" _module_preset=\"default\" global_colors_info=\"{}\"][et_pb_column type=\"3_4\" specialty_columns=\"3\" _builder_version=\"3.25\" custom_padding=\"|||\" global_colors_info=\"{}\" custom_padding__hover=\"|||\"][et_pb_row_inner column_structure=\"1_2,1_2\" _builder_version=\"4.11.2\" _module_preset=\"default\" global_colors_info=\"{}\"][et_pb_column_inner type=\"1_2\" saved_specialty_column_type=\"3_4\" _builder_version=\"4.11.2\" _module_preset=\"default\" background_color=\"rgba(0,0,0,0.03)\" custom_padding=\"30px|30px|24px|30px|false|true\" global_colors_info=\"{}\"][et_pb_text _builder_version=\"4.11.2\" _module_preset=\"default\" header_font_size=\"22px\" global_colors_info=\"{}\"]<h1><a href=\"https:\/\/koogiart.ee\/koogi-disain\/\">K\u00f6\u00f6gi disain<\/a><\/h1>[\/et_pb_text][et_pb_image src=\"https:\/\/koogiart.ee\/wp-content\/uploads\/2021\/10\/kd3.png\" title_text=\"kd3\" _builder_version=\"4.11.2\" _module_preset=\"default\" global_colors_info=\"{}\"][\/et_pb_image][et_pb_text _builder_version=\"4.11.2\" _module_preset=\"default\" global_colors_info=\"{}\"]K\u00f6\u00f6k on t\u00f5esti k\u00f5ige hubasem tuba, kus pereliikmed nii s\u00f6\u00f6vad hommikus\u00f6\u00f6ki \/ l\u00f5unas\u00f6\u00f6ki \/ \u00f5htus\u00f6\u00f6ki k\u00f5ik koos, kui ka suhtlevad omavahel, puhkavad p\u00e4rast rasket p\u00e4eva.\r\n<a href=\"https:\/\/koogiart.ee\/koogi-disain\/\">Loe edasi \u2192<\/a>[\/et_pb_text][\/et_pb_column_inner][et_pb_column_inner type=\"1_2\" saved_specialty_column_type=\"3_4\" _builder_version=\"4.11.2\" _module_preset=\"default\" background_color=\"rgba(0,0,0,0.03)\" custom_padding=\"30px|30px|24px|30px|false|false\" global_colors_info=\"{}\"][et_pb_text _builder_version=\"4.11.2\" _module_preset=\"default\" header_font_size=\"22px\" global_colors_info=\"{}\"]<h1><a href=\"https:\/\/koogiart.ee\/koogi-planeerimine\/\">K\u00f6\u00f6gi planeerimine<\/a><\/h1>[\/et_pb_text][et_pb_image src=\"https:\/\/koogiart.ee\/wp-content\/uploads\/2021\/10\/triangle300.jpg\" title_text=\"triangle300\" _builder_version=\"4.11.2\" _module_preset=\"default\" global_colors_info=\"{}\"][\/et_pb_image][et_pb_text _builder_version=\"4.11.2\" _module_preset=\"default\" global_colors_info=\"{}\"]Kui teie kavatsete uuendada k\u00f6\u00f6ki, siis kindlasti olete palju kuulnud \u201ct\u00f6\u00f6 kolmnurkadest\u201d. Kuigi sageli disainerid \u00fctlevad, et see on kindel viis k\u00f5ige t\u00f5husama k\u00f6\u00f6gi loomiseks, mis vastaks k\u00f5igile perenaise vajadustele. <a href=\"https:\/\/koogiart.ee\/koogi-planeerimine\/\">Loe edasi \u2192<\/a>[\/et_pb_text][\/et_pb_column_inner][\/et_pb_row_inner][et_pb_row_inner column_structure=\"1_2,1_2\" _builder_version=\"4.11.2\" _module_preset=\"default\" global_colors_info=\"{}\"][et_pb_column_inner type=\"1_2\" saved_specialty_column_type=\"3_4\" _builder_version=\"4.11.2\" _module_preset=\"default\" background_color=\"rgba(0,0,0,0.03)\" custom_padding=\"30px|30px|24px|30px|false|true\" global_colors_info=\"{}\"][et_pb_text _builder_version=\"4.11.2\" _module_preset=\"default\" header_font_size=\"22px\" global_colors_info=\"{}\"]<h1><a href=\"https:\/\/koogiart.ee\/vaike-kook\/\">V\u00e4ike k\u00f6\u00f6k integreeritava tehnikaga<\/a><\/h1>[\/et_pb_text][et_pb_image src=\"https:\/\/koogiart.ee\/wp-content\/uploads\/2021\/10\/dsc_0319.jpg\" title_text=\"dsc_0319\" _builder_version=\"4.11.2\" _module_preset=\"default\" global_colors_info=\"{}\"][\/et_pb_image][et_pb_text _builder_version=\"4.11.2\" _module_preset=\"default\" global_colors_info=\"{}\"]T\u00f6\u00f6pind: melamiin Kask. Karkass: melamiin Kask. Esipaneelid: melamiin Kask. <a href=\"https:\/\/koogiart.ee\/vaike-kook\/\" >Loe edasi \u2192<\/a>[\/et_pb_text][\/et_pb_column_inner][et_pb_column_inner type=\"1_2\" saved_specialty_column_type=\"3_4\" _builder_version=\"4.11.2\" _module_preset=\"default\" background_color=\"rgba(0,0,0,0.03)\" custom_padding=\"30px|30px|24px|30px|false|false\" global_colors_info=\"{}\"][et_pb_text _builder_version=\"4.11.2\" _module_preset=\"default\" header_font_size=\"22px\" global_colors_info=\"{}\"]<h1><a href=\"https:\/\/koogiart.ee\/e-lux\/\">Meie k\u00f6\u00f6gitehnika koost\u00f6\u00f6partner E-lux<\/a><\/h1>[\/et_pb_text][et_pb_image src=\"https:\/\/koogiart.ee\/wp-content\/uploads\/2021\/10\/elux2.png\" title_text=\"elux2\" _builder_version=\"4.11.2\" _module_preset=\"default\" global_colors_info=\"{}\"][\/et_pb_image][et_pb_text _builder_version=\"4.11.2\" _module_preset=\"default\" global_colors_info=\"{}\"]K\u00f6\u00f6giArt s\u00f5lmis koost\u00f6\u00f6lepingu k\u00f6\u00f6gitehnika tarnijaga E-Lux. <a href=\"https:\/\/koogiart.ee\/e-lux\/\">Loe edasi \u2192<\/a>[\/et_pb_text][\/et_pb_column_inner][\/et_pb_row_inner][\/et_pb_column][et_pb_column type=\"1_4\" _builder_version=\"3.25\" custom_padding=\"|||\" global_colors_info=\"{}\" custom_padding__hover=\"|||\"][et_pb_sidebar _builder_version=\"4.11.2\" _module_preset=\"default\" show_border=\"off\" hover_enabled=\"0\" sticky_enabled=\"0\"][\/et_pb_sidebar][\/et_pb_column][\/et_pb_section]","_et_gb_content_width":"","footnotes":""},"_links":{"self":[{"href":"https:\/\/koogiart.ee\/ru\/wp-json\/wp\/v2\/pages\/4322"}],"collection":[{"href":"https:\/\/koogiart.ee\/ru\/wp-json\/wp\/v2\/pages"}],"about":[{"href":"https:\/\/koogiart.ee\/ru\/wp-json\/wp\/v2\/types\/page"}],"author":[{"embeddable":true,"href":"https:\/\/koogiart.ee\/ru\/wp-json\/wp\/v2\/users\/1"}],"replies":[{"embeddable":true,"href":"https:\/\/koogiart.ee\/ru\/wp-json\/wp\/v2\/comments?post=4322"}],"version-history":[{"count":4,"href":"https:\/\/koogiart.ee\/ru\/wp-json\/wp\/v2\/pages\/4322\/revisions"}],"predecessor-version":[{"id":4333,"href":"https:\/\/koogiart.ee\/ru\/wp-json\/wp\/v2\/pages\/4322\/revisions\/4333"}],"wp:attachment":[{"href":"https:\/\/koogiart.ee\/ru\/wp-json\/wp\/v2\/media?parent=4322"}],"curies":[{"name":"wp","href":"https:\/\/api.w.org\/{rel}","templated":true}]}}