{"id":4293,"date":"2021-10-12T14:58:24","date_gmt":"2021-10-12T11:58:24","guid":{"rendered":"https:\/\/koogiart.ee\/?page_id=4293"},"modified":"2021-10-13T11:34:22","modified_gmt":"2021-10-13T08:34:22","slug":"mdf","status":"publish","type":"page","link":"https:\/\/koogiart.ee\/ru\/materjalid\/uksed\/mdf\/","title":{"rendered":"\u0414\u0432\u0435\u0440\u0438 \u0438\u0437 \u041c\u0414\u0424"},"content":{"rendered":"<p>[et_pb_section fb_built=&#187;1&#8243; fullwidth=&#187;on&#187; _builder_version=&#187;4.10.7&#8243; _module_preset=&#187;default&#187; global_colors_info=&#187;{}&#187;][et_pb_fullwidth_post_title meta=&#187;off&#187; featured_image=&#187;off&#187; _builder_version=&#187;4.10.7&#8243; _module_preset=&#187;default&#187; title_font_size=&#187;34px&#187; background_color=&#187;#f2f2f2&#8243; text_orientation=&#187;center&#187; custom_padding=&#187;40px||40px||true|false&#187; global_colors_info=&#187;{}&#187;][\/et_pb_fullwidth_post_title][\/et_pb_section][et_pb_section fb_built=&#187;1&#8243; specialty=&#187;on&#187; _builder_version=&#187;4.10.7&#8243; _module_preset=&#187;default&#187; global_colors_info=&#187;{}&#187;][et_pb_column type=&#187;3_4&#8243; specialty_columns=&#187;3&#8243; _builder_version=&#187;3.25&#8243; custom_padding=&#187;|||&#187; global_colors_info=&#187;{}&#187; custom_padding__hover=&#187;|||&#187;][et_pb_row_inner _builder_version=&#187;4.10.7&#8243; _module_preset=&#187;default&#187; global_colors_info=&#187;{}&#187;][et_pb_column_inner saved_specialty_column_type=&#187;3_4&#8243; _builder_version=&#187;4.10.7&#8243; _module_preset=&#187;default&#187; global_colors_info=&#187;{}&#187;][et_pb_text _builder_version=&#187;4.11.2&#8243; _module_preset=&#187;default&#187; global_colors_info=&#187;{}&#187;]\u041c\u0414\u0424 \u2014 \u044d\u0442\u043e \u043e\u0447\u0435\u043d\u044c \u043f\u0440\u043e\u0441\u0442\u043e\u0439 \u0432 \u043e\u0431\u0440\u0430\u0431\u043e\u0442\u043a\u0435 \u043c\u0430\u0442\u0435\u0440\u0438\u0430\u043b, \u043a\u043e\u0442\u043e\u0440\u044b\u0439 \u0442\u0430\u043a\u0436\u0435 \u044f\u0432\u043b\u044f\u0435\u0442\u0441\u044f \u0444\u0430\u0432\u043e\u0440\u0438\u0442\u043e\u043c \u043d\u0430\u0448\u0438\u0445 \u043a\u043b\u0438\u0435\u043d\u0442\u043e\u0432.<\/p>\n<p>\u041c\u044b \u043c\u043e\u0436\u0435\u043c \u043f\u043e\u043a\u0440\u0430\u0441\u0438\u0442\u044c \u0434\u0432\u0435\u0440\u0438 \u0438\u0437 \u041c\u0414\u0424 \u0432 \u043b\u044e\u0431\u043e\u0439 \u043e\u0442\u0442\u0435\u043d\u043e\u043a \u043f\u043e \u043a\u0430\u0442\u0430\u043b\u043e\u0433\u0430\u043c RAL \u0438 NCS.<\/p>\n<p>\u0426\u0432\u0435\u0442 \u043c\u043e\u0436\u0435\u0442 \u0431\u044b\u0442\u044c \u043c\u0430\u0442\u043e\u0432\u044b\u043c, \u043f\u043e\u043b\u0443\u043c\u0430\u0442\u043e\u0432\u044b\u043c \u0438\u043b\u0438 \u0433\u043b\u044f\u043d\u0446\u0435\u0432\u044b\u043c.[\/et_pb_text][\/et_pb_column_inner][\/et_pb_row_inner][et_pb_row_inner column_structure=&#187;1_2,1_2&#8243; _builder_version=&#187;4.10.7&#8243; _module_preset=&#187;default&#187; global_colors_info=&#187;{}&#187;][et_pb_column_inner type=&#187;1_2&#8243; saved_specialty_column_type=&#187;3_4&#8243; _builder_version=&#187;4.10.7&#8243; _module_preset=&#187;default&#187; global_colors_info=&#187;{}&#187;][et_pb_image src=&#187;https:\/\/koogiart.ee\/wp-content\/uploads\/2021\/10\/IMG_47602.jpg&#187; title_text=&#187;IMG_4760(2)&#187; show_in_lightbox=&#187;on&#187; _builder_version=&#187;4.10.7&#8243; _module_preset=&#187;default&#187; global_colors_info=&#187;{}&#187;][\/et_pb_image][\/et_pb_column_inner][et_pb_column_inner type=&#187;1_2&#8243; saved_specialty_column_type=&#187;3_4&#8243; _builder_version=&#187;4.10.7&#8243; _module_preset=&#187;default&#187; global_colors_info=&#187;{}&#187;][et_pb_image src=&#187;https:\/\/koogiart.ee\/wp-content\/uploads\/2021\/10\/IMG_47651.jpg&#187; title_text=&#187;IMG_4765(1)&#187; show_in_lightbox=&#187;on&#187; _builder_version=&#187;4.10.7&#8243; _module_preset=&#187;default&#187; global_colors_info=&#187;{}&#187;][\/et_pb_image][\/et_pb_column_inner][\/et_pb_row_inner][\/et_pb_column][et_pb_column type=&#187;1_4&#8243; _builder_version=&#187;3.25&#8243; custom_padding=&#187;|||&#187; global_colors_info=&#187;{}&#187; custom_padding__hover=&#187;|||&#187;][et_pb_sidebar show_border=&#187;off&#187; _builder_version=&#187;4.10.7&#8243; _module_preset=&#187;default&#187; global_colors_info=&#187;{}&#187;][\/et_pb_sidebar][\/et_pb_column][\/et_pb_section]<\/p>\n","protected":false},"excerpt":{"rendered":"<p>\u041c\u0414\u0424 \u2014 \u044d\u0442\u043e \u043e\u0447\u0435\u043d\u044c \u043f\u0440\u043e\u0441\u0442\u043e\u0439 \u0432 \u043e\u0431\u0440\u0430\u0431\u043e\u0442\u043a\u0435 \u043c\u0430\u0442\u0435\u0440\u0438\u0430\u043b, \u043a\u043e\u0442\u043e\u0440\u044b\u0439 \u0442\u0430\u043a\u0436\u0435 \u044f\u0432\u043b\u044f\u0435\u0442\u0441\u044f \u0444\u0430\u0432\u043e\u0440\u0438\u0442\u043e\u043c \u043d\u0430\u0448\u0438\u0445 \u043a\u043b\u0438\u0435\u043d\u0442\u043e\u0432. \u041c\u044b \u043c\u043e\u0436\u0435\u043c \u043f\u043e\u043a\u0440\u0430\u0441\u0438\u0442\u044c \u0434\u0432\u0435\u0440\u0438 \u0438\u0437 \u041c\u0414\u0424 \u0432 \u043b\u044e\u0431\u043e\u0439 \u043e\u0442\u0442\u0435\u043d\u043e\u043a \u043f\u043e \u043a\u0430\u0442\u0430\u043b\u043e\u0433\u0430\u043c RAL \u0438 NCS. \u0426\u0432\u0435\u0442 \u043c\u043e\u0436\u0435\u0442 \u0431\u044b\u0442\u044c \u043c\u0430\u0442\u043e\u0432\u044b\u043c, \u043f\u043e\u043b\u0443\u043c\u0430\u0442\u043e\u0432\u044b\u043c \u0438\u043b\u0438 \u0433\u043b\u044f\u043d\u0446\u0435\u0432\u044b\u043c.<\/p>\n","protected":false},"author":1,"featured_media":0,"parent":4054,"menu_order":0,"comment_status":"closed","ping_status":"closed","template":"","meta":{"_et_pb_use_builder":"on","_et_pb_old_content":"[et_pb_section fb_built=\"1\" fullwidth=\"on\" _builder_version=\"4.10.7\" _module_preset=\"default\" global_colors_info=\"{}\"][et_pb_fullwidth_post_title meta=\"off\" featured_image=\"off\" _builder_version=\"4.10.7\" _module_preset=\"default\" title_font_size=\"34px\" background_color=\"#f2f2f2\" text_orientation=\"center\" custom_padding=\"40px||40px||true|false\" global_colors_info=\"{}\"][\/et_pb_fullwidth_post_title][\/et_pb_section][et_pb_section fb_built=\"1\" specialty=\"on\" _builder_version=\"4.10.7\" _module_preset=\"default\" global_colors_info=\"{}\"][et_pb_column type=\"3_4\" specialty_columns=\"3\" _builder_version=\"3.25\" custom_padding=\"|||\" global_colors_info=\"{}\" custom_padding__hover=\"|||\"][et_pb_row_inner _builder_version=\"4.10.7\" _module_preset=\"default\" global_colors_info=\"{}\"][et_pb_column_inner saved_specialty_column_type=\"3_4\" _builder_version=\"4.10.7\" _module_preset=\"default\" global_colors_info=\"{}\"][et_pb_text _builder_version=\"4.10.7\" _module_preset=\"default\" global_colors_info=\"{}\"]MDF on v\u00e4ga kergesti t\u00f6\u00f6deldav materjal ja ka meie klientide lemmik. \r\n\r\nSaame MDF uksed v\u00e4rvida teile sobivat tooni kogu RAL ja NCS kataloogidest. \r\n\r\nV\u00e4rvitooni saab viimistleda matiks, poolmatiks ja l\u00e4ikivaks.[\/et_pb_text][\/et_pb_column_inner][\/et_pb_row_inner][et_pb_row_inner column_structure=\"1_2,1_2\" _builder_version=\"4.10.7\" _module_preset=\"default\" global_colors_info=\"{}\"][et_pb_column_inner type=\"1_2\" saved_specialty_column_type=\"3_4\" _builder_version=\"4.10.7\" _module_preset=\"default\" global_colors_info=\"{}\"][et_pb_image src=\"https:\/\/koogiart.ee\/wp-content\/uploads\/2021\/10\/IMG_47602.jpg\" title_text=\"IMG_4760(2)\" show_in_lightbox=\"on\" _builder_version=\"4.10.7\" _module_preset=\"default\" hover_enabled=\"0\" global_colors_info=\"{}\" sticky_enabled=\"0\"][\/et_pb_image][\/et_pb_column_inner][et_pb_column_inner type=\"1_2\" saved_specialty_column_type=\"3_4\" _builder_version=\"4.10.7\" _module_preset=\"default\" global_colors_info=\"{}\"][et_pb_image src=\"https:\/\/koogiart.ee\/wp-content\/uploads\/2021\/10\/IMG_47651.jpg\" title_text=\"IMG_4765(1)\" show_in_lightbox=\"on\" _builder_version=\"4.10.7\" _module_preset=\"default\" global_colors_info=\"{}\"][\/et_pb_image][\/et_pb_column_inner][\/et_pb_row_inner][et_pb_row_inner disabled_on=\"on|on|on\" _builder_version=\"4.10.7\" _module_preset=\"default\" disabled=\"on\" global_colors_info=\"{}\"][et_pb_column_inner saved_specialty_column_type=\"3_4\" _builder_version=\"4.10.7\" _module_preset=\"default\" global_colors_info=\"{}\"][et_pb_text admin_label=\"color-table\" _builder_version=\"4.10.7\" _module_preset=\"default\" global_colors_info=\"{}\"]<table style=\"width: 100%; height: 2500px;\" border=\"5\" cellpadding=\"5px\" bordercolor=\"#737373\">\r\n<tbody>\r\n<tr>\r\n<td bgcolor=\"#cccc99\">\r\n<div>1000<\/div>\r\n<\/td>\r\n<td bgcolor=\"#d2aa5a\">\r\n<div>1001<\/div>\r\n<\/td>\r\n<td bgcolor=\"#d0a818\">\r\n<div>1002<\/div>\r\n<\/td>\r\n<td bgcolor=\"#ffcc00\">\r\n<div>1003<\/div>\r\n<\/td>\r\n<td bgcolor=\"#e0b000\">\r\n<div>1004<\/div>\r\n<\/td>\r\n<td bgcolor=\"#d1a40f\">\r\n<div>1005<\/div>\r\n<\/td>\r\n<\/tr>\r\n<tr>\r\n<td bgcolor=\"#e3a529\">\r\n<div>1006<\/div>\r\n<\/td>\r\n<td bgcolor=\"#dd9f23\">\r\n<div>1007<\/div>\r\n<\/td>\r\n<td bgcolor=\"#ac7e24\">\r\n<div>1011<\/div>\r\n<\/td>\r\n<td bgcolor=\"#d8b400\">\r\n<div>1012<\/div>\r\n<\/td>\r\n<td bgcolor=\"#eae9c2\">\r\n<div>1013<\/div>\r\n<\/td>\r\n<td bgcolor=\"#d3c378\">\r\n<div>1014<\/div>\r\n<\/td>\r\n<\/tr>\r\n<tr>\r\n<td bgcolor=\"#f5e1aa\">\r\n<div>1015<\/div>\r\n<\/td>\r\n<td bgcolor=\"yellow\">\r\n<div>1016<\/div>\r\n<\/td>\r\n<td bgcolor=\"#f4c431\">\r\n<div>1017<\/div>\r\n<\/td>\r\n<td bgcolor=\"#fbe22b\">\r\n<div>1018<\/div>\r\n<\/td>\r\n<td bgcolor=\"#a68a3c\">\r\n<div>1019<\/div>\r\n<\/td>\r\n<td bgcolor=\"#a8901a\">\r\n<div>1020<\/div>\r\n<\/td>\r\n<\/tr>\r\n<tr>\r\n<td bgcolor=\"#ffcd06\">\r\n<div>1021<\/div>\r\n<\/td>\r\n<td bgcolor=\"#eec61b\">\r\n<div>1023<\/div>\r\n<\/td>\r\n<td bgcolor=\"#b29504\">\r\n<div>1024<\/div>\r\n<\/td>\r\n<td bgcolor=\"#aa880c\">\r\n<div>1027<\/div>\r\n<\/td>\r\n<td bgcolor=\"#fd9e00\">\r\n<div>1028<\/div>\r\n<\/td>\r\n<td bgcolor=\"#d0a300\">\r\n<div>1032<\/div>\r\n<\/td>\r\n<\/tr>\r\n<tr>\r\n<td bgcolor=\"#ff9a35\">\r\n<div>1033<\/div>\r\n<\/td>\r\n<td bgcolor=\"#e79645\">\r\n<div>1034<\/div>\r\n<\/td>\r\n<td bgcolor=\"#e29600\">\r\n<div>2000<\/div>\r\n<\/td>\r\n<td bgcolor=\"#a21d00\">\r\n<div>2001<\/div>\r\n<\/td>\r\n<td bgcolor=\"#d21500\">\r\n<div>2002<\/div>\r\n<\/td>\r\n<td bgcolor=\"#e09500\">\r\n<div>2003<\/div>\r\n<\/td>\r\n<\/tr>\r\n<tr>\r\n<td bgcolor=\"#d47a04\">\r\n<div>2004<\/div>\r\n<\/td>\r\n<td bgcolor=\"#d68212\">\r\n<div>2008<\/div>\r\n<\/td>\r\n<td bgcolor=\"#d06b18\">\r\n<div>2009<\/div>\r\n<\/td>\r\n<td bgcolor=\"#cc6600\">\r\n<div>2010<\/div>\r\n<\/td>\r\n<td bgcolor=\"#d68822\">\r\n<div>2011<\/div>\r\n<\/td>\r\n<td bgcolor=\"#d26a24\">\r\n<div>2012<\/div>\r\n<\/td>\r\n<\/tr>\r\n<tr>\r\n<td bgcolor=\"#b00900\">\r\n<div>3000<\/div>\r\n<\/td>\r\n<td bgcolor=\"#8e0700\">\r\n<div>3001<\/div>\r\n<\/td>\r\n<td bgcolor=\"#970700\">\r\n<div>3002<\/div>\r\n<\/td>\r\n<td bgcolor=\"#8e0700\">\r\n<div>3003<\/div>\r\n<\/td>\r\n<td bgcolor=\"#771f0b\">\r\n<div>3004<\/div>\r\n<\/td>\r\n<td bgcolor=\"#611200\">\r\n<div>3005<\/div>\r\n<\/td>\r\n<\/tr>\r\n<tr>\r\n<td bgcolor=\"black\">\r\n<div>3007<\/div>\r\n<\/td>\r\n<td bgcolor=\"#641706\">\r\n<div>3009<\/div>\r\n<\/td>\r\n<td bgcolor=\"#993333\">\r\n<div>3011<\/div>\r\n<\/td>\r\n<td bgcolor=\"#bd7157\">\r\n<div>3012<\/div>\r\n<\/td>\r\n<td bgcolor=\"#8c0700\">\r\n<div>3013<\/div>\r\n<\/td>\r\n<td bgcolor=\"#ff605b\">\r\n<div>3014<\/div>\r\n<\/td>\r\n<\/tr>\r\n<tr>\r\n<td bgcolor=\"#d68789\">\r\n<div>3015<\/div>\r\n<\/td>\r\n<td bgcolor=\"#9d0c00\">\r\n<div>3016<\/div>\r\n<\/td>\r\n<td bgcolor=\"#d03737\">\r\n<div>3017<\/div>\r\n<\/td>\r\n<td bgcolor=\"#d12121\">\r\n<div>3018<\/div>\r\n<\/td>\r\n<td bgcolor=\"#d20b00\">\r\n<div>3020<\/div>\r\n<\/td>\r\n<td bgcolor=\"#d5462d\">\r\n<div>3022<\/div>\r\n<\/td>\r\n<\/tr>\r\n<tr>\r\n<td bgcolor=\"#bf0000\">\r\n<div>3027<\/div>\r\n<\/td>\r\n<td bgcolor=\"#9e110e\">\r\n<div>3031<\/div>\r\n<\/td>\r\n<td bgcolor=\"#66536f\">\r\n<div>4001<\/div>\r\n<\/td>\r\n<td bgcolor=\"#7c2527\">\r\n<div>4002<\/div>\r\n<\/td>\r\n<td bgcolor=\"#d23e58\">\r\n<div>4003<\/div>\r\n<\/td>\r\n<td bgcolor=\"#710b19\">\r\n<div>4004<\/div>\r\n<\/td>\r\n<\/tr>\r\n<tr>\r\n<td bgcolor=\"#75406d\">\r\n<div>4005<\/div>\r\n<\/td>\r\n<td bgcolor=\"#8f415b\">\r\n<div>4006<\/div>\r\n<\/td>\r\n<td bgcolor=\"#3d1b21\">\r\n<div>4007<\/div>\r\n<\/td>\r\n<td bgcolor=\"#6b2948\">\r\n<div>4008<\/div>\r\n<\/td>\r\n<td bgcolor=\"#7e6763\">\r\n<div>4009<\/div>\r\n<\/td>\r\n<td bgcolor=\"#404056\">\r\n<div>5000<\/div>\r\n<\/td>\r\n<\/tr>\r\n<tr>\r\n<td bgcolor=\"#001a4f\">\r\n<div>5001<\/div>\r\n<\/td>\r\n<td bgcolor=\"#00054a\">\r\n<div>5002<\/div>\r\n<\/td>\r\n<td bgcolor=\"#111526\">\r\n<div>5003<\/div>\r\n<\/td>\r\n<td bgcolor=\"#111526\">\r\n<div>5004<\/div>\r\n<\/td>\r\n<td bgcolor=\"#2d2d6d\">\r\n<div>5005<\/div>\r\n<\/td>\r\n<td bgcolor=\"#2d386c\">\r\n<div>5007<\/div>\r\n<\/td>\r\n<\/tr>\r\n<tr>\r\n<td bgcolor=\"#13132d\">\r\n<div>5008<\/div>\r\n<\/td>\r\n<td bgcolor=\"#0b2f5b\">\r\n<div>5009<\/div>\r\n<\/td>\r\n<td bgcolor=\"#0b1877\">\r\n<div>5010<\/div>\r\n<\/td>\r\n<td bgcolor=\"#0f1114\">\r\n<div>5011<\/div>\r\n<\/td>\r\n<td bgcolor=\"#4a6e8c\">\r\n<div>5012<\/div>\r\n<\/td>\r\n<td bgcolor=\"#00054a\">\r\n<div>5013<\/div>\r\n<\/td>\r\n<\/tr>\r\n<tr>\r\n<td bgcolor=\"#6e6e6e\">\r\n<div>5014<\/div>\r\n<\/td>\r\n<td bgcolor=\"#2851ae\">\r\n<div>5015<\/div>\r\n<\/td>\r\n<td bgcolor=\"#003e91\">\r\n<div>5017<\/div>\r\n<\/td>\r\n<td bgcolor=\"#007b6c\">\r\n<div>5018<\/div>\r\n<\/td>\r\n<td bgcolor=\"#24439f\">\r\n<div>5019<\/div>\r\n<\/td>\r\n<td bgcolor=\"#003a3c\">\r\n<div>5020<\/div>\r\n<\/td>\r\n<\/tr>\r\n<tr>\r\n<td bgcolor=\"#006661\">\r\n<div>5021<\/div>\r\n<\/td>\r\n<td bgcolor=\"#00004a\">\r\n<div>5022<\/div>\r\n<\/td>\r\n<td bgcolor=\"#5e718e\">\r\n<div>5024<\/div>\r\n<\/td>\r\n<td bgcolor=\"#21752f\">\r\n<div>6000<\/div>\r\n<\/td>\r\n<td bgcolor=\"#216f2e\">\r\n<div>6001<\/div>\r\n<\/td>\r\n<td bgcolor=\"#1d5f28\">\r\n<div>6002<\/div>\r\n<\/td>\r\n<\/tr>\r\n<tr>\r\n<td bgcolor=\"#2d3520\">\r\n<div>6003<\/div>\r\n<\/td>\r\n<td bgcolor=\"#003935\">\r\n<div>6004<\/div>\r\n<\/td>\r\n<td bgcolor=\"#00281c\">\r\n<div>6005<\/div>\r\n<\/td>\r\n<td bgcolor=\"#24261c\">\r\n<div>6006<\/div>\r\n<\/td>\r\n<td bgcolor=\"#16230e\">\r\n<div>6007<\/div>\r\n<\/td>\r\n<td bgcolor=\"black\">\r\n<div>6008<\/div>\r\n<\/td>\r\n<\/tr>\r\n<tr>\r\n<td bgcolor=\"#171e17\">\r\n<div>6009<\/div>\r\n<\/td>\r\n<td bgcolor=\"#156722\">\r\n<div>6010<\/div>\r\n<\/td>\r\n<td bgcolor=\"#71825e\">\r\n<div>6011<\/div>\r\n<\/td>\r\n<td bgcolor=\"#1b2720\">\r\n<div>6012<\/div>\r\n<\/td>\r\n<td bgcolor=\"#8c8556\">\r\n<div>6013<\/div>\r\n<\/td>\r\n<td bgcolor=\"#30381d\">\r\n<div>6014<\/div>\r\n<\/td>\r\n<\/tr>\r\n<tr>\r\n<td bgcolor=\"#003333\">\r\n<div>6015<\/div>\r\n<\/td>\r\n<td bgcolor=\"#316d2f\">\r\n<div>6016<\/div>\r\n<\/td>\r\n<td bgcolor=\"#347e35\">\r\n<div>6017<\/div>\r\n<\/td>\r\n<td bgcolor=\"#2b8a20\">\r\n<div>6018<\/div>\r\n<\/td>\r\n<td bgcolor=\"#acd0aa\">\r\n<div>6019<\/div>\r\n<\/td>\r\n<td bgcolor=\"#1e3315\">\r\n<div>6020<\/div>\r\n<\/td>\r\n<\/tr>\r\n<tr>\r\n<td bgcolor=\"#718154\">\r\n<div>6021<\/div>\r\n<\/td>\r\n<td bgcolor=\"#000033\">\r\n<div>6022<\/div>\r\n<\/td>\r\n<td bgcolor=\"#297d2f\">\r\n<div>6024<\/div>\r\n<\/td>\r\n<td bgcolor=\"#385924\">\r\n<div>6025<\/div>\r\n<\/td>\r\n<td bgcolor=\"#004a38\">\r\n<div>6026<\/div>\r\n<\/td>\r\n<td bgcolor=\"#5b9b94\">\r\n<div>6027<\/div>\r\n<\/td>\r\n<\/tr>\r\n<tr>\r\n<td bgcolor=\"#243329\">\r\n<div>6028<\/div>\r\n<\/td>\r\n<td bgcolor=\"#005b34\">\r\n<div>6029<\/div>\r\n<\/td>\r\n<td bgcolor=\"#339900\">\r\n<div>6032<\/div>\r\n<\/td>\r\n<td bgcolor=\"#78806a\">\r\n<div>7000<\/div>\r\n<\/td>\r\n<td bgcolor=\"#999999\">\r\n<div>7001<\/div>\r\n<\/td>\r\n<td bgcolor=\"#999966\">\r\n<div>7002<\/div>\r\n<\/td>\r\n<\/tr>\r\n<tr>\r\n<td bgcolor=\"#6f896f\">\r\n<div>7003<\/div>\r\n<\/td>\r\n<td bgcolor=\"#999999\">\r\n<div>7004<\/div>\r\n<\/td>\r\n<td bgcolor=\"#97957f\">\r\n<div>7005<\/div>\r\n<\/td>\r\n<td bgcolor=\"#807850\">\r\n<div>7006<\/div>\r\n<\/td>\r\n<td bgcolor=\"#7c6343\">\r\n<div>7008<\/div>\r\n<\/td>\r\n<td bgcolor=\"#5d5d3d\">\r\n<div>7009<\/div>\r\n<\/td>\r\n<\/tr>\r\n<tr>\r\n<td bgcolor=\"#575737\">\r\n<div>7010<\/div>\r\n<\/td>\r\n<td bgcolor=\"#323a3d\">\r\n<div>7011<\/div>\r\n<\/td>\r\n<td bgcolor=\"#616137\">\r\n<div>7012<\/div>\r\n<\/td>\r\n<td bgcolor=\"#3d3d13\">\r\n<div>7013<\/div>\r\n<\/td>\r\n<td bgcolor=\"#272b30\">\r\n<div>7015<\/div>\r\n<\/td>\r\n<td bgcolor=\"#364135\">\r\n<div>7016<\/div>\r\n<\/td>\r\n<\/tr>\r\n<tr>\r\n<td bgcolor=\"#161516\">\r\n<div>7021<\/div>\r\n<\/td>\r\n<td bgcolor=\"#354435\">\r\n<div>7022<\/div>\r\n<\/td>\r\n<td bgcolor=\"#948b6a\">\r\n<div>7023<\/div>\r\n<\/td>\r\n<td bgcolor=\"#2c292b\">\r\n<div>7024<\/div>\r\n<\/td>\r\n<td bgcolor=\"#1f2323\">\r\n<div>7026<\/div>\r\n<\/td>\r\n<td bgcolor=\"#a4987a\">\r\n<div>7030<\/div>\r\n<\/td>\r\n<\/tr>\r\n<tr>\r\n<td bgcolor=\"#374146\">\r\n<div>7031<\/div>\r\n<\/td>\r\n<td bgcolor=\"#cfbe91\">\r\n<div>7032<\/div>\r\n<\/td>\r\n<td bgcolor=\"#535c4e\">\r\n<div>7033<\/div>\r\n<\/td>\r\n<td bgcolor=\"#ac993a\">\r\n<div>7034<\/div>\r\n<\/td>\r\n<td bgcolor=\"#b3bbb6\">\r\n<div>7035<\/div>\r\n<\/td>\r\n<td bgcolor=\"#9f8d67\">\r\n<div>7036<\/div>\r\n<\/td>\r\n<\/tr>\r\n<tr>\r\n<td bgcolor=\"#948666\">\r\n<div>7037<\/div>\r\n<\/td>\r\n<td bgcolor=\"#a2977a\">\r\n<div>7038<\/div>\r\n<\/td>\r\n<td bgcolor=\"#7b6e4b\">\r\n<div>7039<\/div>\r\n<\/td>\r\n<td bgcolor=\"#9f9477\">\r\n<div>7040<\/div>\r\n<\/td>\r\n<td bgcolor=\"#9a8967\">\r\n<div>7042<\/div>\r\n<\/td>\r\n<td bgcolor=\"#1b1e1d\">\r\n<div>7043<\/div>\r\n<\/td>\r\n<\/tr>\r\n<tr>\r\n<td bgcolor=\"#c7ac7a\">\r\n<div>7044<\/div>\r\n<\/td>\r\n<td bgcolor=\"#816927\">\r\n<div>8000<\/div>\r\n<\/td>\r\n<td bgcolor=\"#926b00\">\r\n<div>8001<\/div>\r\n<\/td>\r\n<td bgcolor=\"#65270a\">\r\n<div>8002<\/div>\r\n<\/td>\r\n<td bgcolor=\"#7b4e05\">\r\n<div>8003<\/div>\r\n<\/td>\r\n<td bgcolor=\"#8c290d\">\r\n<div>8004<\/div>\r\n<\/td>\r\n<\/tr>\r\n<tr>\r\n<td bgcolor=\"#562707\">\r\n<div>8007<\/div>\r\n<\/td>\r\n<td bgcolor=\"#7b584e\">\r\n<div>8008<\/div>\r\n<\/td>\r\n<td bgcolor=\"#3d1c05\">\r\n<div>8011<\/div>\r\n<\/td>\r\n<td bgcolor=\"#7b3a05\">\r\n<div>8012<\/div>\r\n<\/td>\r\n<td bgcolor=\"#211c14\">\r\n<div>8014<\/div>\r\n<\/td>\r\n<td bgcolor=\"#6c3304\">\r\n<div>8015<\/div>\r\n<\/td>\r\n<\/tr>\r\n<tr>\r\n<td bgcolor=\"#331104\">\r\n<div>8016<\/div>\r\n<\/td>\r\n<td bgcolor=\"#330f04\">\r\n<div>8017<\/div>\r\n<\/td>\r\n<td bgcolor=\"#231f1d\">\r\n<div>8019<\/div>\r\n<\/td>\r\n<td bgcolor=\"black\">\r\n<div>8022<\/div>\r\n<\/td>\r\n<td bgcolor=\"#ad6d2d\">\r\n<div>8023<\/div>\r\n<\/td>\r\n<td bgcolor=\"#75522c\">\r\n<div>8024<\/div>\r\n<\/td>\r\n<\/tr>\r\n<tr>\r\n<td bgcolor=\"#937066\">\r\n<div>8025<\/div>\r\n<\/td>\r\n<td bgcolor=\"#2e2216\">\r\n<div>8028<\/div>\r\n<\/td>\r\n<td bgcolor=\"#f9f5d9\">\r\n<div>9001<\/div>\r\n<\/td>\r\n<td bgcolor=\"#d6d8c7\">\r\n<div>9002<\/div>\r\n<\/td>\r\n<td bgcolor=\"white\">\r\n<div>9003<\/div>\r\n<\/td>\r\n<td bgcolor=\"#0b0b0b\">\r\n<div>9004<\/div>\r\n<\/td>\r\n<\/tr>\r\n<tr>\r\n<td bgcolor=\"#080808\">\r\n<div>9005<\/div>\r\n<\/td>\r\n<td bgcolor=\"white\">\r\n<div>9010<\/div>\r\n<\/td>\r\n<td bgcolor=\"black\">\r\n<div>9011<\/div>\r\n<\/td>\r\n<td bgcolor=\"white\">\r\n<div>9016<\/div>\r\n<\/td>\r\n<td bgcolor=\"black\">\r\n<div>9017<\/div>\r\n<\/td>\r\n<td bgcolor=\"#bdc6be\">\r\n<div>9018<\/div>\r\n<\/td>\r\n<\/tr>\r\n<\/tbody>\r\n<\/table>[\/et_pb_text][et_pb_text _builder_version=\"4.10.7\" _module_preset=\"default\" global_colors_info=\"{}\"]<p><strong>NB! Pildid on n\u00e4itlikud. Toonid v\u00f5ivad reaalsest erineda.<\/strong><\/p>[\/et_pb_text][\/et_pb_column_inner][\/et_pb_row_inner][\/et_pb_column][et_pb_column type=\"1_4\" _builder_version=\"3.25\" custom_padding=\"|||\" global_colors_info=\"{}\" custom_padding__hover=\"|||\"][et_pb_sidebar show_border=\"off\" _builder_version=\"4.10.7\" _module_preset=\"default\" global_colors_info=\"{}\"][\/et_pb_sidebar][\/et_pb_column][\/et_pb_section]","_et_gb_content_width":"","footnotes":""},"_links":{"self":[{"href":"https:\/\/koogiart.ee\/ru\/wp-json\/wp\/v2\/pages\/4293"}],"collection":[{"href":"https:\/\/koogiart.ee\/ru\/wp-json\/wp\/v2\/pages"}],"about":[{"href":"https:\/\/koogiart.ee\/ru\/wp-json\/wp\/v2\/types\/page"}],"author":[{"embeddable":true,"href":"https:\/\/koogiart.ee\/ru\/wp-json\/wp\/v2\/users\/1"}],"replies":[{"embeddable":true,"href":"https:\/\/koogiart.ee\/ru\/wp-json\/wp\/v2\/comments?post=4293"}],"version-history":[{"count":5,"href":"https:\/\/koogiart.ee\/ru\/wp-json\/wp\/v2\/pages\/4293\/revisions"}],"predecessor-version":[{"id":4419,"href":"https:\/\/koogiart.ee\/ru\/wp-json\/wp\/v2\/pages\/4293\/revisions\/4419"}],"up":[{"embeddable":true,"href":"https:\/\/koogiart.ee\/ru\/wp-json\/wp\/v2\/pages\/4054"}],"wp:attachment":[{"href":"https:\/\/koogiart.ee\/ru\/wp-json\/wp\/v2\/media?parent=4293"}],"curies":[{"name":"wp","href":"https:\/\/api.w.org\/{rel}","templated":true}]}}