{"id":4287,"date":"2021-10-12T14:56:23","date_gmt":"2021-10-12T11:56:23","guid":{"rendered":"https:\/\/koogiart.ee\/?page_id=4287"},"modified":"2022-12-14T15:48:23","modified_gmt":"2022-12-14T12:48:23","slug":"taispuidust","status":"publish","type":"page","link":"https:\/\/koogiart.ee\/ru\/materjalid\/tootasapinnad\/taispuidust\/","title":{"rendered":"\u0421\u0442\u043e\u043b\u0435\u0448\u043d\u0438\u0446\u044b \u0438\u0437 \u043c\u0430\u0441\u0441\u0438\u0432\u0430 \u0434\u0435\u0440\u0435\u0432\u0430"},"content":{"rendered":"<p>[et_pb_section fb_built=&#187;1&#8243; fullwidth=&#187;on&#187; _builder_version=&#187;4.16&#8243; _module_preset=&#187;default&#187; global_colors_info=&#187;{}&#187;][et_pb_fullwidth_post_title meta=&#187;off&#187; featured_image=&#187;off&#187; _builder_version=&#187;4.16&#8243; _module_preset=&#187;default&#187; title_font_size=&#187;34px&#187; background_color=&#187;#f2f2f2&#8243; text_orientation=&#187;center&#187; custom_padding=&#187;40px||40px||true|false&#187; global_colors_info=&#187;{}&#187;][\/et_pb_fullwidth_post_title][\/et_pb_section][et_pb_section fb_built=&#187;1&#8243; specialty=&#187;on&#187; _builder_version=&#187;4.16&#8243; _module_preset=&#187;default&#187; global_colors_info=&#187;{}&#187;][et_pb_column type=&#187;3_4&#8243; specialty_columns=&#187;3&#8243; _builder_version=&#187;4.16&#8243; custom_padding=&#187;|||&#187; global_colors_info=&#187;{}&#187; custom_padding__hover=&#187;|||&#187;][et_pb_row_inner column_structure=&#187;1_2,1_2&#8243; _builder_version=&#187;4.16&#8243; _module_preset=&#187;default&#187; global_colors_info=&#187;{}&#187;][et_pb_column_inner type=&#187;1_2&#8243; saved_specialty_column_type=&#187;3_4&#8243; _builder_version=&#187;4.16&#8243; _module_preset=&#187;default&#187; global_colors_info=&#187;{}&#187;][et_pb_text _builder_version=&#187;4.18.0&#8243; _module_preset=&#187;default&#187; hover_enabled=&#187;0&#8243; global_colors_info=&#187;{}&#187; sticky_enabled=&#187;0&#8243;]<\/p>\n<p>\u0421\u0442\u043e\u043b\u0435\u0448\u043d\u0438\u0446\u044b \u0438\u0437\u0433\u043e\u0442\u043e\u0432\u043b\u0435\u043d\u044b \u0438\u0437 \u043a\u043b\u0435\u0435\u043d\u043e\u0439 \u0434\u0440\u0435\u0432\u0435\u0441\u0438\u043d\u044b \u0434\u0443\u0431\u0430 \u0438 \u043e\u0431\u0440\u0430\u0431\u043e\u0442\u0430\u043d\u044b \u043c\u0430\u0441\u043b\u043e\u043c \u0441 \u0432\u043e\u0441\u043a\u043e\u043c Osmo.<br \/>\u0422\u043e\u043b\u0449\u0438\u043d\u0430 \u0441\u0442\u043e\u043b\u0435\u0448\u043d\u0438\u0446\u044b \u043c\u043e\u0436\u0435\u0442 \u0431\u044b\u0442\u044c 30 \u0438\u043b\u0438 40 \u043c\u043c.<br \/>\u041f\u043e\u0432\u0435\u0440\u0445\u043d\u043e\u0441\u0442\u0438 \u0438\u0437 \u043c\u0430\u0441\u0441\u0438\u0432\u0430 \u0434\u0435\u0440\u0435\u0432\u0430 \u0442\u0440\u0435\u0431\u0443\u044e\u0442 \u0440\u0435\u0433\u0443\u043b\u044f\u0440\u043d\u043e\u0433\u043e \u0443\u0445\u043e\u0434\u0430 \u0438 \u043d\u0435 \u0432\u044b\u0434\u0435\u0440\u0436\u0438\u0432\u0430\u044e\u0442 \u0432\u044b\u0441\u043e\u043a\u0438\u0445 \u0442\u0435\u043c\u043f\u0435\u0440\u0430\u0442\u0443\u0440.<\/p>\n<p><a href=\"https:\/\/koogiart.ee\/ru\/meie-koogid\/\">\u041a\u0443\u0445\u043d\u0438<\/a> \u0441\u043e \u0441\u0442\u043e\u043b\u0435\u0448\u043d\u0438\u0446\u0435\u0439 \u0438\u0437 \u043c\u0430\u0441\u0441\u0438\u0432\u0430 \u0434\u0435\u0440\u0435\u0432\u0430 \u043c\u043e\u0436\u043d\u043e \u043f\u043e\u0441\u043c\u043e\u0442\u0440\u0435\u0442\u044c \u0432 \u0433\u0430\u043b\u0435\u0440\u0435\u0435 \u043d\u0430\u0448\u0438\u0445 \u0440\u0430\u0431\u043e\u0442.<\/p>\n<p>[\/et_pb_text][\/et_pb_column_inner][et_pb_column_inner type=&#187;1_2&#8243; saved_specialty_column_type=&#187;3_4&#8243; _builder_version=&#187;4.16&#8243; _module_preset=&#187;default&#187; global_colors_info=&#187;{}&#187;][et_pb_image src=&#187;https:\/\/koogiart.ee\/wp-content\/uploads\/2022\/10\/IMG_5347.jpg&#187; alt=&#187; \u0421\u0442\u043e\u043b\u0435\u0448\u043d\u0438\u0446\u044b \u0438\u0437 \u043c\u0430\u0441\u0441\u0438\u0432\u0430 \u0434\u0435\u0440\u0435\u0432\u0430&#187; title_text=&#187;IMG_5347&#8243; _builder_version=&#187;4.17.6&#8243; _module_preset=&#187;default&#187; global_colors_info=&#187;{}&#187;][\/et_pb_image][\/et_pb_column_inner][\/et_pb_row_inner][\/et_pb_column][et_pb_column type=&#187;1_4&#8243; _builder_version=&#187;4.16&#8243; custom_padding=&#187;|||&#187; global_colors_info=&#187;{}&#187; custom_padding__hover=&#187;|||&#187;][et_pb_sidebar show_border=&#187;off&#187; _builder_version=&#187;4.16&#8243; _module_preset=&#187;default&#187; global_colors_info=&#187;{}&#187;][\/et_pb_sidebar][\/et_pb_column][\/et_pb_section]<\/p>\n","protected":false},"excerpt":{"rendered":"<p>\u0421\u0442\u043e\u043b\u0435\u0448\u043d\u0438\u0446\u044b \u0438\u0437\u0433\u043e\u0442\u043e\u0432\u043b\u0435\u043d\u044b \u0438\u0437 \u043a\u043b\u0435\u0435\u043d\u043e\u0439 \u0434\u0440\u0435\u0432\u0435\u0441\u0438\u043d\u044b \u0434\u0443\u0431\u0430 \u0438 \u043e\u0431\u0440\u0430\u0431\u043e\u0442\u0430\u043d\u044b \u043c\u0430\u0441\u043b\u043e\u043c \u0441 \u0432\u043e\u0441\u043a\u043e\u043c Osmo.\u0422\u043e\u043b\u0449\u0438\u043d\u0430 \u0441\u0442\u043e\u043b\u0435\u0448\u043d\u0438\u0446\u044b \u043c\u043e\u0436\u0435\u0442 \u0431\u044b\u0442\u044c 30 \u0438\u043b\u0438 40 \u043c\u043c.\u041f\u043e\u0432\u0435\u0440\u0445\u043d\u043e\u0441\u0442\u0438 \u0438\u0437 \u043c\u0430\u0441\u0441\u0438\u0432\u0430 \u0434\u0435\u0440\u0435\u0432\u0430 \u0442\u0440\u0435\u0431\u0443\u044e\u0442 \u0440\u0435\u0433\u0443\u043b\u044f\u0440\u043d\u043e\u0433\u043e \u0443\u0445\u043e\u0434\u0430 \u0438 \u043d\u0435 \u0432\u044b\u0434\u0435\u0440\u0436\u0438\u0432\u0430\u044e\u0442 \u0432\u044b\u0441\u043e\u043a\u0438\u0445 \u0442\u0435\u043c\u043f\u0435\u0440\u0430\u0442\u0443\u0440. \u041a\u0443\u0445\u043d\u0438 \u0441\u043e \u0441\u0442\u043e\u043b\u0435\u0448\u043d\u0438\u0446\u0435\u0439 \u0438\u0437 \u043c\u0430\u0441\u0441\u0438\u0432\u0430 \u0434\u0435\u0440\u0435\u0432\u0430 \u043c\u043e\u0436\u043d\u043e \u043f\u043e\u0441\u043c\u043e\u0442\u0440\u0435\u0442\u044c \u0432 \u0433\u0430\u043b\u0435\u0440\u0435\u0435 \u043d\u0430\u0448\u0438\u0445 \u0440\u0430\u0431\u043e\u0442.<\/p>\n","protected":false},"author":1,"featured_media":0,"parent":4036,"menu_order":0,"comment_status":"closed","ping_status":"closed","template":"","meta":{"_et_pb_use_builder":"on","_et_pb_old_content":"[et_pb_section fb_built=\"1\" fullwidth=\"on\" _builder_version=\"4.10.7\" _module_preset=\"default\" global_colors_info=\"{}\"][et_pb_fullwidth_post_title meta=\"off\" featured_image=\"off\" _builder_version=\"4.10.7\" _module_preset=\"default\" title_font_size=\"34px\" background_color=\"#f2f2f2\" text_orientation=\"center\" custom_padding=\"40px||40px||true|false\" global_colors_info=\"{}\"][\/et_pb_fullwidth_post_title][\/et_pb_section][et_pb_section fb_built=\"1\" specialty=\"on\" _builder_version=\"4.10.7\" _module_preset=\"default\" global_colors_info=\"{}\"][et_pb_column type=\"3_4\" specialty_columns=\"3\" _builder_version=\"3.25\" custom_padding=\"|||\" global_colors_info=\"{}\" custom_padding__hover=\"|||\"][et_pb_row_inner column_structure=\"1_2,1_2\" _builder_version=\"4.10.7\" _module_preset=\"default\" global_colors_info=\"{}\"][et_pb_column_inner type=\"1_2\" saved_specialty_column_type=\"3_4\" _builder_version=\"4.10.7\" _module_preset=\"default\" global_colors_info=\"{}\"][et_pb_text _builder_version=\"4.10.7\" _module_preset=\"default\" hover_enabled=\"0\" global_colors_info=\"{}\" sticky_enabled=\"0\"]T\u00f6\u00f6tasapinnad on valmistatud tamme liimpuidust ja viimistletud Osmo \u00f5livahaga.\r\nT\u00f6\u00f6tasapinna paksus on 30mm ja 40mm. \r\nT\u00e4ispuidust pinnad vajavad regulaarset hooldust ja ei talu kuumust.[\/et_pb_text][\/et_pb_column_inner][et_pb_column_inner type=\"1_2\" saved_specialty_column_type=\"3_4\" _builder_version=\"4.10.7\" _module_preset=\"default\" global_colors_info=\"{}\"][et_pb_image src=\"https:\/\/koogiart.ee\/wp-content\/uploads\/2021\/10\/puidust.jpg\" title_text=\"puidust\" _builder_version=\"4.10.7\" _module_preset=\"default\" global_colors_info=\"{}\"][\/et_pb_image][\/et_pb_column_inner][\/et_pb_row_inner][\/et_pb_column][et_pb_column type=\"1_4\" _builder_version=\"3.25\" custom_padding=\"|||\" global_colors_info=\"{}\" custom_padding__hover=\"|||\"][et_pb_sidebar show_border=\"off\" _builder_version=\"4.10.7\" _module_preset=\"default\" global_colors_info=\"{}\"][\/et_pb_sidebar][\/et_pb_column][\/et_pb_section]","_et_gb_content_width":"","footnotes":""},"_links":{"self":[{"href":"https:\/\/koogiart.ee\/ru\/wp-json\/wp\/v2\/pages\/4287"}],"collection":[{"href":"https:\/\/koogiart.ee\/ru\/wp-json\/wp\/v2\/pages"}],"about":[{"href":"https:\/\/koogiart.ee\/ru\/wp-json\/wp\/v2\/types\/page"}],"author":[{"embeddable":true,"href":"https:\/\/koogiart.ee\/ru\/wp-json\/wp\/v2\/users\/1"}],"replies":[{"embeddable":true,"href":"https:\/\/koogiart.ee\/ru\/wp-json\/wp\/v2\/comments?post=4287"}],"version-history":[{"count":4,"href":"https:\/\/koogiart.ee\/ru\/wp-json\/wp\/v2\/pages\/4287\/revisions"}],"predecessor-version":[{"id":5103,"href":"https:\/\/koogiart.ee\/ru\/wp-json\/wp\/v2\/pages\/4287\/revisions\/5103"}],"up":[{"embeddable":true,"href":"https:\/\/koogiart.ee\/ru\/wp-json\/wp\/v2\/pages\/4036"}],"wp:attachment":[{"href":"https:\/\/koogiart.ee\/ru\/wp-json\/wp\/v2\/media?parent=4287"}],"curies":[{"name":"wp","href":"https:\/\/api.w.org\/{rel}","templated":true}]}}