{"id":4278,"date":"2021-10-12T14:53:27","date_gmt":"2021-10-12T11:53:27","guid":{"rendered":"https:\/\/koogiart.ee\/?page_id=4278"},"modified":"2022-10-12T12:19:38","modified_gmt":"2022-10-12T09:19:38","slug":"presskivist","status":"publish","type":"page","link":"https:\/\/koogiart.ee\/ru\/materjalid\/tootasapinnad\/presskivist\/","title":{"rendered":"\u0421\u0442\u043e\u043b\u0435\u0448\u043d\u0438\u0446\u044b \u0438\u0437 \u043f\u0440\u0435\u0441\u0441\u043e\u0432\u0430\u043d\u043e\u0433\u043e \u043a\u0430\u043c\u043d\u044f"},"content":{"rendered":"<p>[et_pb_section fb_built=&#187;1&#8243; fullwidth=&#187;on&#187; _builder_version=&#187;4.16&#8243; _module_preset=&#187;default&#187; global_colors_info=&#187;{}&#187;][et_pb_fullwidth_post_title meta=&#187;off&#187; featured_image=&#187;off&#187; _builder_version=&#187;4.16&#8243; _module_preset=&#187;default&#187; title_font_size=&#187;34px&#187; background_color=&#187;#f2f2f2&#8243; text_orientation=&#187;center&#187; custom_padding=&#187;40px||40px||true|false&#187; global_colors_info=&#187;{}&#187;][\/et_pb_fullwidth_post_title][\/et_pb_section][et_pb_section fb_built=&#187;1&#8243; specialty=&#187;on&#187; _builder_version=&#187;4.16&#8243; _module_preset=&#187;default&#187; global_colors_info=&#187;{}&#187;][et_pb_column type=&#187;3_4&#8243; specialty_columns=&#187;3&#8243; _builder_version=&#187;4.16&#8243; custom_padding=&#187;|||&#187; global_colors_info=&#187;{}&#187; custom_padding__hover=&#187;|||&#187;][et_pb_row_inner _builder_version=&#187;4.16&#8243; _module_preset=&#187;default&#187; global_colors_info=&#187;{}&#187;][et_pb_column_inner saved_specialty_column_type=&#187;3_4&#8243; _builder_version=&#187;4.16&#8243; _module_preset=&#187;default&#187; global_colors_info=&#187;{}&#187;][et_pb_text _builder_version=&#187;4.16&#8243; _module_preset=&#187;default&#187; global_colors_info=&#187;{}&#187;]<\/p>\n<h2>\u0421\u0422\u041e\u041b\u0415\u0428\u041d\u0418\u0426\u042b TECHNISTONE<\/h2>\n<p>\u0421\u0430\u043c\u043e\u0439 \u043f\u0440\u043e\u0447\u043d\u043e\u0439 \u0440\u0430\u0431\u043e\u0447\u0435\u0439 \u043f\u043e\u0432\u0435\u0440\u0445\u043d\u043e\u0441\u0442\u044c\u044e \u043d\u0430 \u043a\u0443\u0445\u043d\u0435, \u0431\u0435\u0437\u0443\u0441\u043b\u043e\u0432\u043d\u043e, \u044f\u0432\u043b\u044f\u0435\u0442\u0441\u044f \u0438\u0441\u043a\u0443\u0441\u0441\u0442\u0432\u0435\u043d\u043d\u044b\u0439 \u043a\u0430\u043c\u0435\u043d\u044c. \u041d\u0430\u0448 \u043e\u0441\u043d\u043e\u0432\u043d\u043e\u0439 \u0432\u044b\u0431\u043e\u0440 \u2014 \u044d\u0442\u043e \u043f\u0440\u0435\u0441\u0441-\u043a\u0430\u043c\u0435\u043d\u044c Technistone \u0438\u043b\u0438 \u043a\u0432\u0430\u0440\u0446\u0435\u0432\u044b\u0435 \u0438 \u043a\u0435\u0440\u0430\u043c\u0438\u0447\u0435\u0441\u043a\u0438\u0435 \u0441\u0442\u043e\u043b\u0435\u0448\u043d\u0438\u0446\u044b Dekton.<\/p>\n<p>\u0421\u0430\u043c\u044b\u043c \u0431\u043e\u043b\u044c\u0448\u0438\u043c \u043f\u0440\u0435\u0438\u043c\u0443\u0449\u0435\u0441\u0442\u0432\u043e\u043c \u0438\u0441\u043a\u0443\u0441\u0441\u0442\u0432\u0435\u043d\u043d\u043e\u0433\u043e \u043a\u0430\u043c\u043d\u044f \u0438 \u043a\u0435\u0440\u0430\u043c\u0438\u043a\u0438 \u043f\u0435\u0440\u0435\u0434 \u043d\u0430\u0442\u0443\u0440\u0430\u043b\u044c\u043d\u044b\u043c \u043a\u0430\u043c\u043d\u0435\u043c \u044f\u0432\u043b\u044f\u0435\u0442\u0441\u044f \u043d\u0435\u043f\u043e\u0440\u0438\u0441\u0442\u0430\u044f \u043f\u043e\u0432\u0435\u0440\u0445\u043d\u043e\u0441\u0442\u044c, \u043a\u043e\u0442\u043e\u0440\u0430\u044f \u043f\u043e\u0434\u0434\u0430\u0435\u0442\u0441\u044f \u0433\u0438\u0433\u0438\u0435\u043d\u0438\u0447\u0435\u0441\u043a\u043e\u0439 \u043e\u0447\u0438\u0441\u0442\u043a\u0435.<\/p>\n<p>\u0421\u0442\u043e\u043b\u0435\u0448\u043d\u0438\u0446\u044b Technistone \u0432\u044b\u0434\u0435\u0440\u0436\u0438\u0432\u0430\u044e\u0442 \u0442\u0435\u043c\u043f\u0435\u0440\u0430\u0442\u0443\u0440\u0443 \u0434\u043e 180 \u00b0 C.<\/p>\n<p>\u041a\u0435\u0440\u0430\u043c\u0438\u0447\u0435\u0441\u043a\u0438\u0435 \u043f\u043e\u0432\u0435\u0440\u0445\u043d\u043e\u0441\u0442\u0438 Dekton \u0441\u0442\u0440\u0430\u0434\u0430\u044e\u0442 \u043e\u0442 \u043e\u0447\u0435\u043d\u044c \u0432\u044b\u0441\u043e\u043a\u0438\u0445 \u0442\u0435\u043c\u043f\u0435\u0440\u0430\u0442\u0443\u0440, \u043f\u043e\u0442\u043e\u043c\u0443 \u0447\u0442\u043e \u043e\u043d\u0438 \u0441\u0430\u043c\u0438 \u0441\u0434\u0435\u043b\u0430\u043d\u044b \u043f\u043e\u0434 \u0434\u0435\u0439\u0441\u0442\u0432\u0438\u0435\u043c \u0432\u044b\u0441\u043e\u043a\u0438\u0445 \u0442\u0435\u043c\u043f\u0435\u0440\u0430\u0442\u0443\u0440.[\/et_pb_text][\/et_pb_column_inner][\/et_pb_row_inner][et_pb_row_inner column_structure=&#187;1_2,1_2&#8243; _builder_version=&#187;4.16&#8243; _module_preset=&#187;default&#187; custom_padding=&#187;0px||0px||true|false&#187; global_colors_info=&#187;{}&#187;][et_pb_column_inner type=&#187;1_2&#8243; saved_specialty_column_type=&#187;3_4&#8243; _builder_version=&#187;4.16&#8243; _module_preset=&#187;default&#187; background_color=&#187;#E51B22&#8243; global_colors_info=&#187;{}&#187;][et_pb_button button_url=&#187;https:\/\/www.technistone.com\/en\/color&#187; url_new_window=&#187;on&#187; button_text=&#187;\u041f\u043e\u0441\u043c\u043e\u0442\u0440\u0438\u0442\u0435 \u0432\u044b\u0431\u043e\u0440 Technistone &#187; button_alignment=&#187;center&#187; _builder_version=&#187;4.16&#8243; _module_preset=&#187;default&#187; custom_button=&#187;on&#187; button_text_size=&#187;12px&#187; button_text_color=&#187;#FFFFFF&#187; button_bg_color=&#187;#E51B22&#8243; button_border_width=&#187;0px&#187; button_border_radius=&#187;0px&#187; button_letter_spacing=&#187;0.1em&#187; button_font=&#187;|700||on|||||&#187; button_rel=&#187;off|off|on|off|off&#187; custom_padding=&#187;14px|34px|14px|34px|true|true&#187; global_colors_info=&#187;{}&#187;][\/et_pb_button][\/et_pb_column_inner][et_pb_column_inner type=&#187;1_2&#8243; saved_specialty_column_type=&#187;3_4&#8243; _builder_version=&#187;4.16&#8243; _module_preset=&#187;default&#187; background_color=&#187;#E51B22&#8243; global_colors_info=&#187;{}&#187;][et_pb_button button_url=&#187;https:\/\/www.dekton.com\/in\/colours\/&#187; url_new_window=&#187;on&#187; button_text=&#187;\u041f\u043e\u0441\u043c\u043e\u0442\u0440\u0438\u0442\u0435 \u0432\u044b\u0431\u043e\u0440 Dekton&#187; button_alignment=&#187;center&#187; _builder_version=&#187;4.16&#8243; _module_preset=&#187;default&#187; custom_button=&#187;on&#187; button_text_size=&#187;12px&#187; button_text_color=&#187;#FFFFFF&#187; button_bg_color=&#187;#E51B22&#8243; button_border_width=&#187;0px&#187; button_border_radius=&#187;0px&#187; button_letter_spacing=&#187;0.1em&#187; button_font=&#187;|700||on|||||&#187; button_rel=&#187;off|off|on|off|off&#187; custom_padding=&#187;14px|34px|14px|34px|true|true&#187; global_colors_info=&#187;{}&#187;][\/et_pb_button][\/et_pb_column_inner][\/et_pb_row_inner][et_pb_row_inner _builder_version=&#187;4.16&#8243; _module_preset=&#187;default&#187; global_colors_info=&#187;{}&#187;][et_pb_column_inner saved_specialty_column_type=&#187;3_4&#8243; _builder_version=&#187;4.16&#8243; _module_preset=&#187;default&#187; global_colors_info=&#187;{}&#187;][et_pb_image src=&#187;https:\/\/koogiart.ee\/wp-content\/uploads\/2022\/10\/IMG_7442.jpg&#187; title_text=&#187;IMG_7442&#8243; _builder_version=&#187;4.17.6&#8243; _module_preset=&#187;default&#187; hover_enabled=&#187;0&#8243; global_colors_info=&#187;{}&#187; alt=&#187;\u0421\u0442\u043e\u043b\u0435\u0448\u043d\u0438\u0446\u044b \u0438\u0437 \u043f\u0440\u0435\u0441\u0441\u043e\u0432\u0430\u043d\u043e\u0433\u043e \u043a\u0430\u043c\u043d\u044f&#187; sticky_enabled=&#187;0&#8243;][\/et_pb_image][\/et_pb_column_inner][\/et_pb_row_inner][\/et_pb_column][et_pb_column type=&#187;1_4&#8243; _builder_version=&#187;4.16&#8243; custom_padding=&#187;|||&#187; global_colors_info=&#187;{}&#187; custom_padding__hover=&#187;|||&#187;][et_pb_sidebar show_border=&#187;off&#187; _builder_version=&#187;4.16&#8243; _module_preset=&#187;default&#187; global_colors_info=&#187;{}&#187;][\/et_pb_sidebar][\/et_pb_column][\/et_pb_section]<\/p>\n","protected":false},"excerpt":{"rendered":"<p>\u0421\u0422\u041e\u041b\u0415\u0428\u041d\u0418\u0426\u042b TECHNISTONE \u0421\u0430\u043c\u043e\u0439 \u043f\u0440\u043e\u0447\u043d\u043e\u0439 \u0440\u0430\u0431\u043e\u0447\u0435\u0439 \u043f\u043e\u0432\u0435\u0440\u0445\u043d\u043e\u0441\u0442\u044c\u044e \u043d\u0430 \u043a\u0443\u0445\u043d\u0435, \u0431\u0435\u0437\u0443\u0441\u043b\u043e\u0432\u043d\u043e, \u044f\u0432\u043b\u044f\u0435\u0442\u0441\u044f \u0438\u0441\u043a\u0443\u0441\u0441\u0442\u0432\u0435\u043d\u043d\u044b\u0439 \u043a\u0430\u043c\u0435\u043d\u044c. \u041d\u0430\u0448 \u043e\u0441\u043d\u043e\u0432\u043d\u043e\u0439 \u0432\u044b\u0431\u043e\u0440 \u2014 \u044d\u0442\u043e \u043f\u0440\u0435\u0441\u0441-\u043a\u0430\u043c\u0435\u043d\u044c Technistone \u0438\u043b\u0438 \u043a\u0432\u0430\u0440\u0446\u0435\u0432\u044b\u0435 \u0438 \u043a\u0435\u0440\u0430\u043c\u0438\u0447\u0435\u0441\u043a\u0438\u0435 \u0441\u0442\u043e\u043b\u0435\u0448\u043d\u0438\u0446\u044b Dekton. \u0421\u0430\u043c\u044b\u043c \u0431\u043e\u043b\u044c\u0448\u0438\u043c \u043f\u0440\u0435\u0438\u043c\u0443\u0449\u0435\u0441\u0442\u0432\u043e\u043c \u0438\u0441\u043a\u0443\u0441\u0441\u0442\u0432\u0435\u043d\u043d\u043e\u0433\u043e \u043a\u0430\u043c\u043d\u044f \u0438 \u043a\u0435\u0440\u0430\u043c\u0438\u043a\u0438 \u043f\u0435\u0440\u0435\u0434 \u043d\u0430\u0442\u0443\u0440\u0430\u043b\u044c\u043d\u044b\u043c \u043a\u0430\u043c\u043d\u0435\u043c \u044f\u0432\u043b\u044f\u0435\u0442\u0441\u044f \u043d\u0435\u043f\u043e\u0440\u0438\u0441\u0442\u0430\u044f \u043f\u043e\u0432\u0435\u0440\u0445\u043d\u043e\u0441\u0442\u044c, \u043a\u043e\u0442\u043e\u0440\u0430\u044f \u043f\u043e\u0434\u0434\u0430\u0435\u0442\u0441\u044f \u0433\u0438\u0433\u0438\u0435\u043d\u0438\u0447\u0435\u0441\u043a\u043e\u0439 \u043e\u0447\u0438\u0441\u0442\u043a\u0435. \u0421\u0442\u043e\u043b\u0435\u0448\u043d\u0438\u0446\u044b Technistone \u0432\u044b\u0434\u0435\u0440\u0436\u0438\u0432\u0430\u044e\u0442 \u0442\u0435\u043c\u043f\u0435\u0440\u0430\u0442\u0443\u0440\u0443 \u0434\u043e 180 \u00b0 C. \u041a\u0435\u0440\u0430\u043c\u0438\u0447\u0435\u0441\u043a\u0438\u0435 \u043f\u043e\u0432\u0435\u0440\u0445\u043d\u043e\u0441\u0442\u0438 Dekton \u0441\u0442\u0440\u0430\u0434\u0430\u044e\u0442 \u043e\u0442 [&hellip;]<\/p>\n","protected":false},"author":1,"featured_media":0,"parent":4036,"menu_order":0,"comment_status":"closed","ping_status":"closed","template":"","meta":{"_et_pb_use_builder":"on","_et_pb_old_content":"[et_pb_section fb_built=\"1\" fullwidth=\"on\" _builder_version=\"4.10.7\" _module_preset=\"default\" global_colors_info=\"{}\"][et_pb_fullwidth_post_title meta=\"off\" featured_image=\"off\" _builder_version=\"4.10.7\" _module_preset=\"default\" title_font_size=\"34px\" background_color=\"#f2f2f2\" text_orientation=\"center\" custom_padding=\"40px||40px||true|false\" global_colors_info=\"{}\"][\/et_pb_fullwidth_post_title][\/et_pb_section][et_pb_section fb_built=\"1\" specialty=\"on\" _builder_version=\"4.10.7\" _module_preset=\"default\" global_colors_info=\"{}\"][et_pb_column type=\"3_4\" specialty_columns=\"3\" _builder_version=\"3.25\" custom_padding=\"|||\" global_colors_info=\"{}\" custom_padding__hover=\"|||\"][et_pb_row_inner _builder_version=\"4.10.7\" _module_preset=\"default\" global_colors_info=\"{}\"][et_pb_column_inner saved_specialty_column_type=\"3_4\" _builder_version=\"4.10.7\" _module_preset=\"default\" global_colors_info=\"{}\"][et_pb_text _builder_version=\"4.10.7\" _module_preset=\"default\" global_colors_info=\"{}\"]<h2>T\u00d6\u00d6TASAPINNAD PRESSITUD KIVIST TECHISTONE.<\/h2>\r\nK\u00f5ige vastupidavam t\u00f6\u00f6pind k\u00f6\u00f6gis on kindlasti tehiskivi. Meie p\u00f5hivalikus on Technistone presskivi ehk kvarts ning Dekton keraamilised t\u00f6\u00f6pinnad.\r\n\r\nTehiskivi ja keraamika suurimaks eeliseks loodusliku kivi ees on mittepoorne pind, mida on v\u00f5imalik h\u00fcgieeniliselt puhastada.\r\n\r\nTechnistone t\u00f6\u00f6pinnad taluvad temperatuuri kuni 180c.\r\n\r\nDekton keraamilised pinnad kannatavad v\u00e4ga k\u00f5rget temperatuuri, kuna on ise valmistatud suurel kuumusel.[\/et_pb_text][\/et_pb_column_inner][\/et_pb_row_inner][et_pb_row_inner column_structure=\"1_2,1_2\" _builder_version=\"4.10.7\" _module_preset=\"default\" custom_padding=\"0px||0px||true|false\" global_colors_info=\"{}\"][et_pb_column_inner type=\"1_2\" saved_specialty_column_type=\"3_4\" _builder_version=\"4.10.7\" _module_preset=\"default\" hover_enabled=\"0\" global_colors_info=\"{}\" background_color=\"#E51B22\" sticky_enabled=\"0\"][et_pb_button button_url=\"https:\/\/www.technistone.com\/en\/color\" url_new_window=\"on\" button_text=\"Vaadake Technistone valiku\" button_alignment=\"center\" _builder_version=\"4.10.7\" _module_preset=\"default\" custom_button=\"on\" button_text_size=\"12px\" button_text_color=\"#FFFFFF\" button_bg_color=\"#E51B22\" button_border_width=\"0px\" button_border_radius=\"0px\" button_letter_spacing=\"0.1em\" button_font=\"|700||on|||||\" custom_padding=\"14px|34px|14px|34px|true|true\" hover_enabled=\"0\" global_colors_info=\"{}\" sticky_enabled=\"0\" button_rel=\"off|off|on|off|off\"][\/et_pb_button][\/et_pb_column_inner][et_pb_column_inner type=\"1_2\" saved_specialty_column_type=\"3_4\" _builder_version=\"4.10.7\" _module_preset=\"default\" hover_enabled=\"0\" global_colors_info=\"{}\" background_color=\"#E51B22\" sticky_enabled=\"0\"][et_pb_button button_url=\"https:\/\/www.dekton.com\/in\/colours\/\" url_new_window=\"on\" button_text=\"Vaadake Dekton valiku\" button_alignment=\"center\" _builder_version=\"4.10.7\" _module_preset=\"default\" custom_button=\"on\" button_text_size=\"12px\" button_text_color=\"#FFFFFF\" button_bg_color=\"#E51B22\" button_border_width=\"0px\" button_border_radius=\"0px\" button_letter_spacing=\"0.1em\" button_font=\"|700||on|||||\" custom_padding=\"14px|34px|14px|34px|true|true\" hover_enabled=\"0\" global_colors_info=\"{}\" button_rel=\"off|off|on|off|off\" sticky_enabled=\"0\"][\/et_pb_button][\/et_pb_column_inner][\/et_pb_row_inner][et_pb_row_inner _builder_version=\"4.10.7\" _module_preset=\"default\" global_colors_info=\"{}\"][et_pb_column_inner saved_specialty_column_type=\"3_4\" _builder_version=\"4.10.7\" _module_preset=\"default\" global_colors_info=\"{}\"][et_pb_image src=\"https:\/\/koogiart.ee\/wp-content\/uploads\/2021\/10\/20210607112036-21.png\" title_text=\"20210607112036-2(1)\" _builder_version=\"4.10.7\" _module_preset=\"default\" global_colors_info=\"{}\"][\/et_pb_image][\/et_pb_column_inner][\/et_pb_row_inner][et_pb_row_inner disabled_on=\"on|on|on\" _builder_version=\"4.10.7\" _module_preset=\"default\" disabled=\"on\" global_colors_info=\"{}\"][et_pb_column_inner saved_specialty_column_type=\"3_4\" _builder_version=\"4.10.7\" _module_preset=\"default\" global_colors_info=\"{}\"][et_pb_text admin_label=\"Starlight seeria\" _builder_version=\"4.10.7\" _module_preset=\"default\" global_colors_info=\"{}\"]<h3>Starlight seeria<\/h3>\r\n[nggallery id=8][\/et_pb_text][et_pb_text admin_label=\"Crystal seeria\" _builder_version=\"4.10.7\" _module_preset=\"default\" global_colors_info=\"{}\"]<h3>Crystal seeria<\/h3>\r\n[nggallery id=14][\/et_pb_text][et_pb_text admin_label=\"Goby & Elegance seeria\" _builder_version=\"4.10.7\" _module_preset=\"default\" global_colors_info=\"{}\"]<h3>Goby & Elegance seeria<\/h3>\r\n[nggallery id=12][\/et_pb_text][et_pb_text admin_label=\"Granite seeria\" _builder_version=\"4.10.7\" _module_preset=\"default\" global_colors_info=\"{}\"]<h3>Granite seeria<\/h3>\r\n[nggallery id=10][\/et_pb_text][et_pb_text admin_label=\"Translucent seeria\" _builder_version=\"4.10.7\" _module_preset=\"default\" global_colors_info=\"{}\"]<h3>Translucent seeria<\/h3>\r\n[nggallery id=16][\/et_pb_text][et_pb_text admin_label=\"Venetian seeria\" _builder_version=\"4.10.7\" _module_preset=\"default\" global_colors_info=\"{}\"]<h3>Venetian seeria<\/h3>\r\n[nggallery id=18][\/et_pb_text][et_pb_text _builder_version=\"4.10.7\" _module_preset=\"default\" global_colors_info=\"{}\"]<p><strong>NB! Pildid on n\u00e4itlikud. Toonid v\u00f5ivad reaalsest erineda.<\/strong><\/p>[\/et_pb_text][\/et_pb_column_inner][\/et_pb_row_inner][\/et_pb_column][et_pb_column type=\"1_4\" _builder_version=\"3.25\" custom_padding=\"|||\" global_colors_info=\"{}\" custom_padding__hover=\"|||\"][et_pb_sidebar show_border=\"off\" _builder_version=\"4.10.7\" _module_preset=\"default\" global_colors_info=\"{}\"][\/et_pb_sidebar][\/et_pb_column][\/et_pb_section]","_et_gb_content_width":"","footnotes":""},"_links":{"self":[{"href":"https:\/\/koogiart.ee\/ru\/wp-json\/wp\/v2\/pages\/4278"}],"collection":[{"href":"https:\/\/koogiart.ee\/ru\/wp-json\/wp\/v2\/pages"}],"about":[{"href":"https:\/\/koogiart.ee\/ru\/wp-json\/wp\/v2\/types\/page"}],"author":[{"embeddable":true,"href":"https:\/\/koogiart.ee\/ru\/wp-json\/wp\/v2\/users\/1"}],"replies":[{"embeddable":true,"href":"https:\/\/koogiart.ee\/ru\/wp-json\/wp\/v2\/comments?post=4278"}],"version-history":[{"count":5,"href":"https:\/\/koogiart.ee\/ru\/wp-json\/wp\/v2\/pages\/4278\/revisions"}],"predecessor-version":[{"id":4782,"href":"https:\/\/koogiart.ee\/ru\/wp-json\/wp\/v2\/pages\/4278\/revisions\/4782"}],"up":[{"embeddable":true,"href":"https:\/\/koogiart.ee\/ru\/wp-json\/wp\/v2\/pages\/4036"}],"wp:attachment":[{"href":"https:\/\/koogiart.ee\/ru\/wp-json\/wp\/v2\/media?parent=4278"}],"curies":[{"name":"wp","href":"https:\/\/api.w.org\/{rel}","templated":true}]}}