{"id":4268,"date":"2021-10-12T14:48:36","date_gmt":"2021-10-12T11:48:36","guid":{"rendered":"https:\/\/koogiart.ee\/?page_id=4268"},"modified":"2022-11-02T12:39:18","modified_gmt":"2022-11-02T09:39:18","slug":"koogitehnika","status":"publish","type":"page","link":"https:\/\/koogiart.ee\/ru\/koogitehnika\/","title":{"rendered":"\u041a\u0443\u0445\u043e\u043d\u043d\u0430\u044f \u0442\u0435\u0445\u043d\u0438\u043a\u0430"},"content":{"rendered":"<p>[et_pb_section fb_built=&#187;1&#8243; fullwidth=&#187;on&#187; _builder_version=&#187;4.16&#8243; _module_preset=&#187;default&#187; global_colors_info=&#187;{}&#187;][et_pb_fullwidth_post_title meta=&#187;off&#187; featured_image=&#187;off&#187; _builder_version=&#187;4.16&#8243; _module_preset=&#187;default&#187; title_font_size=&#187;34px&#187; background_color=&#187;#f2f2f2&#8243; text_orientation=&#187;center&#187; custom_padding=&#187;40px||40px||true|false&#187; global_colors_info=&#187;{}&#187;][\/et_pb_fullwidth_post_title][\/et_pb_section][et_pb_section fb_built=&#187;1&#8243; specialty=&#187;on&#187; _builder_version=&#187;4.16&#8243; _module_preset=&#187;default&#187; global_colors_info=&#187;{}&#187;][et_pb_column type=&#187;3_4&#8243; specialty_columns=&#187;3&#8243; _builder_version=&#187;4.16&#8243; custom_padding=&#187;|||&#187; global_colors_info=&#187;{}&#187; custom_padding__hover=&#187;|||&#187;][et_pb_row_inner column_structure=&#187;1_2,1_2&#8243; _builder_version=&#187;4.16&#8243; _module_preset=&#187;default&#187; global_colors_info=&#187;{}&#187;][et_pb_column_inner type=&#187;1_2&#8243; saved_specialty_column_type=&#187;3_4&#8243; _builder_version=&#187;4.16&#8243; _module_preset=&#187;default&#187; global_colors_info=&#187;{}&#187;][et_pb_text _builder_version=&#187;4.18.0&#8243; _module_preset=&#187;default&#187; global_colors_info=&#187;{}&#187;] \u041f\u0440\u0435\u0434\u043b\u0430\u0433\u0430\u0435\u043c \u0442\u0435\u0445\u043d\u0438\u043a\u0443 \u0440\u0430\u0437\u043b\u0438\u0447\u043d\u044b\u0445 \u0431\u0440\u0435\u043d\u0434\u043e\u0432. \u0421\u043f\u0440\u043e\u0441\u0438 \u043f\u0440\u0435\u0434\u043b\u043e\u0436\u0435\u043d\u0438\u0435.<\/p>\n<p>\u041d\u0430\u0448\u0438\u043c\u0438 \u043f\u0430\u0440\u0442\u043d\u0435\u0440\u0430\u043c\u0438 \u043f\u043e \u043a\u0443\u0445\u043e\u043d\u043d\u043e\u043c\u0443 \u043e\u0431\u043e\u0440\u0443\u0434\u043e\u0432\u0430\u043d\u0438\u044e \u044f\u0432\u043b\u044f\u044e\u0442\u0441\u044f  <a href=\"https:\/\/elux.ee\/\" target=\"_blank\" rel=\"nofollow noopener\">www.elux.ee<\/a> \u0438 <a href=\"https:\/\/www.greentek.ee\/\" target=\"_blank\" rel=\"nofollow noopener\">www.greentek.ee<\/a>.<br \/>\n\u041f\u0440\u0438 \u0436\u0435\u043b\u0430\u043d\u0438\u0438 \u043f\u043e\u043c\u043e\u0436\u0435\u043c \u043f\u043e\u0434\u043e\u0431\u0440\u0430\u0442\u044c \u043e\u0431\u043e\u0440\u0443\u0434\u043e\u0432\u0430\u043d\u0438\u0435, \u043f\u0440\u0435\u0434\u043b\u043e\u0436\u0438\u043c \u0441\u043a\u0438\u0434\u043a\u0443, \u0441\u0430\u043c\u0438 \u043e\u0440\u0433\u0430\u043d\u0438\u0437\u0443\u0435\u043c \u0442\u0440\u0430\u043d\u0441\u043f\u043e\u0440\u0442 \u0438 \u0431\u0435\u0441\u043f\u043b\u0430\u0442\u043d\u043e \u0438\u043d\u0442\u0435\u0433\u0440\u0438\u0440\u0443\u0435\u043c \u043e\u0431\u043e\u0440\u0443\u0434\u043e\u0432\u0430\u043d\u0438\u0435. [\/et_pb_text][et_pb_text _builder_version=&#187;4.18.0&#8243; _module_preset=&#187;default&#187; custom_padding=&#187;20px||||false|false&#187; hover_enabled=&#187;0&#8243; global_colors_info=&#187;{}&#187; header_3_line_height=&#187;2em&#187; sticky_enabled=&#187;0&#8243;]<\/p>\n<h3>\u0421\u0430\u043d\u0442\u0435\u0445\u043d\u0438\u043a\u0430<\/h3>\n<p>\u041c\u044b \u043f\u0440\u0435\u0434\u043b\u0430\u0433\u0430\u0435\u043c \u0440\u0430\u043a\u043e\u0432\u0438\u043d\u044b FRANKE.<br \/>\nFRENKE \u2013 \u044d\u0442\u043e \u0441\u0430\u043c\u044b\u0439 \u0431\u043e\u043b\u044c\u0448\u043e\u0439 \u043f\u0440\u043e\u0438\u0437\u0432\u043e\u0434\u0438\u0442\u0435\u043b\u044c \u043a\u0443\u0445\u043e\u043d\u043d\u044b\u0445 \u0440\u0430\u043a\u043e\u0432\u0438\u043d \u0432 \u043c\u0438\u0440\u0435. \u0412 \u0430\u0441\u0441\u043e\u0440\u0442\u0438\u043c\u0435\u043d\u0442\u0435 \u0435\u0441\u0442\u044c \u043a\u0430\u043a \u044d\u043a\u0441\u043a\u043b\u044e\u0437\u0438\u0432\u043d\u044b\u0435 \u0440\u0430\u043a\u043e\u0432\u0438\u043d\u044b, \u0442\u0430\u043a \u0438 \u043f\u0440\u0430\u043a\u0442\u0438\u0447\u043d\u044b\u0435 \u0440\u0430\u043a\u043e\u0432\u0438\u043d\u044b \u043f\u043e \u0440\u0430\u0437\u0443\u043c\u043d\u044b\u043c \u0446\u0435\u043d\u0430\u043c.<br \/>\n<a href=\"http:\/\/www.franke.ee\/\" target=\"_blank\" rel=\"nofollow noopener\">www.franke.ee<\/a><br \/>\n\u0410\u0441\u0441\u043e\u0440\u0442\u0438\u043c\u0435\u043d\u0442 FRANKE \u043e\u0447\u0435\u043d\u044c \u0432\u0435\u043b\u0438\u043a. \u0421\u043f\u0440\u043e\u0441\u0438\u0442\u0435 \u0441\u043e\u0432\u0435\u0442\u0430, \u0438 \u043c\u044b \u0441 \u0443\u0434\u043e\u0432\u043e\u043b\u044c\u0441\u0442\u0432\u0438\u0435\u043c \u043f\u043e\u043c\u043e\u0436\u0435\u043c \u043f\u043e\u0434\u043e\u0431\u0440\u0430\u0442\u044c \u0438\u043c\u0435\u043d\u043d\u043e \u0412\u0430\u0448\u0443 \u0440\u0430\u043a\u043e\u0432\u0438\u043d\u0443 FRANKE.[\/et_pb_text][\/et_pb_column_inner][et_pb_column_inner type=&#187;1_2&#8243; saved_specialty_column_type=&#187;3_4&#8243; _builder_version=&#187;4.16&#8243; _module_preset=&#187;default&#187; global_colors_info=&#187;{}&#187;][et_pb_image src=&#187;https:\/\/koogiart.ee\/wp-content\/uploads\/2021\/10\/koogitehnika.png&#187; title_text=&#187;koogitehnika&#187; _builder_version=&#187;4.16&#8243; _module_preset=&#187;default&#187; global_colors_info=&#187;{}&#187;][\/et_pb_image][et_pb_image src=&#187;https:\/\/koogiart.ee\/wp-content\/uploads\/2021\/10\/santehnika.png&#187; title_text=&#187;santehnika&#187; _builder_version=&#187;4.16&#8243; _module_preset=&#187;default&#187; global_colors_info=&#187;{}&#187;][\/et_pb_image][\/et_pb_column_inner][\/et_pb_row_inner][\/et_pb_column][et_pb_column type=&#187;1_4&#8243; _builder_version=&#187;4.16&#8243; custom_padding=&#187;|||&#187; global_colors_info=&#187;{}&#187; custom_padding__hover=&#187;|||&#187;][et_pb_sidebar show_border=&#187;off&#187; _builder_version=&#187;4.16&#8243; _module_preset=&#187;default&#187; global_colors_info=&#187;{}&#187;][\/et_pb_sidebar][\/et_pb_column][\/et_pb_section]<\/p>\n","protected":false},"excerpt":{"rendered":"<p>\u041f\u0440\u0435\u0434\u043b\u0430\u0433\u0430\u0435\u043c \u0442\u0435\u0445\u043d\u0438\u043a\u0443 \u0440\u0430\u0437\u043b\u0438\u0447\u043d\u044b\u0445 \u0431\u0440\u0435\u043d\u0434\u043e\u0432. \u0421\u043f\u0440\u043e\u0441\u0438 \u043f\u0440\u0435\u0434\u043b\u043e\u0436\u0435\u043d\u0438\u0435. \u041d\u0430\u0448\u0438\u043c\u0438 \u043f\u0430\u0440\u0442\u043d\u0435\u0440\u0430\u043c\u0438 \u043f\u043e \u043a\u0443\u0445\u043e\u043d\u043d\u043e\u043c\u0443 \u043e\u0431\u043e\u0440\u0443\u0434\u043e\u0432\u0430\u043d\u0438\u044e \u044f\u0432\u043b\u044f\u044e\u0442\u0441\u044f www.elux.ee \u0438 www.greentek.ee. \u041f\u0440\u0438 \u0436\u0435\u043b\u0430\u043d\u0438\u0438 \u043f\u043e\u043c\u043e\u0436\u0435\u043c \u043f\u043e\u0434\u043e\u0431\u0440\u0430\u0442\u044c \u043e\u0431\u043e\u0440\u0443\u0434\u043e\u0432\u0430\u043d\u0438\u0435, \u043f\u0440\u0435\u0434\u043b\u043e\u0436\u0438\u043c \u0441\u043a\u0438\u0434\u043a\u0443, \u0441\u0430\u043c\u0438 \u043e\u0440\u0433\u0430\u043d\u0438\u0437\u0443\u0435\u043c \u0442\u0440\u0430\u043d\u0441\u043f\u043e\u0440\u0442 \u0438 \u0431\u0435\u0441\u043f\u043b\u0430\u0442\u043d\u043e \u0438\u043d\u0442\u0435\u0433\u0440\u0438\u0440\u0443\u0435\u043c \u043e\u0431\u043e\u0440\u0443\u0434\u043e\u0432\u0430\u043d\u0438\u0435. \u0421\u0430\u043d\u0442\u0435\u0445\u043d\u0438\u043a\u0430 \u041c\u044b \u043f\u0440\u0435\u0434\u043b\u0430\u0433\u0430\u0435\u043c \u0440\u0430\u043a\u043e\u0432\u0438\u043d\u044b FRANKE. FRENKE \u2013 \u044d\u0442\u043e \u0441\u0430\u043c\u044b\u0439 \u0431\u043e\u043b\u044c\u0448\u043e\u0439 \u043f\u0440\u043e\u0438\u0437\u0432\u043e\u0434\u0438\u0442\u0435\u043b\u044c \u043a\u0443\u0445\u043e\u043d\u043d\u044b\u0445 \u0440\u0430\u043a\u043e\u0432\u0438\u043d \u0432 \u043c\u0438\u0440\u0435. \u0412 \u0430\u0441\u0441\u043e\u0440\u0442\u0438\u043c\u0435\u043d\u0442\u0435 \u0435\u0441\u0442\u044c \u043a\u0430\u043a \u044d\u043a\u0441\u043a\u043b\u044e\u0437\u0438\u0432\u043d\u044b\u0435 \u0440\u0430\u043a\u043e\u0432\u0438\u043d\u044b, \u0442\u0430\u043a \u0438 \u043f\u0440\u0430\u043a\u0442\u0438\u0447\u043d\u044b\u0435 \u0440\u0430\u043a\u043e\u0432\u0438\u043d\u044b \u043f\u043e [&hellip;]<\/p>\n","protected":false},"author":1,"featured_media":0,"parent":0,"menu_order":0,"comment_status":"closed","ping_status":"closed","template":"","meta":{"_et_pb_use_builder":"on","_et_pb_old_content":"[et_pb_section fb_built=\"1\" fullwidth=\"on\" _builder_version=\"4.10.7\" _module_preset=\"default\" global_colors_info=\"{}\"][et_pb_fullwidth_post_title meta=\"off\" featured_image=\"off\" _builder_version=\"4.10.7\" _module_preset=\"default\" title_font_size=\"34px\" background_color=\"#f2f2f2\" text_orientation=\"center\" custom_padding=\"40px||40px||true|false\" global_colors_info=\"{}\"][\/et_pb_fullwidth_post_title][\/et_pb_section][et_pb_section fb_built=\"1\" specialty=\"on\" _builder_version=\"4.10.7\" _module_preset=\"default\" global_colors_info=\"{}\"][et_pb_column type=\"3_4\" specialty_columns=\"3\" _builder_version=\"3.25\" custom_padding=\"|||\" global_colors_info=\"{}\" custom_padding__hover=\"|||\"][et_pb_row_inner column_structure=\"1_2,1_2\" _builder_version=\"4.10.7\" _module_preset=\"default\" global_colors_info=\"{}\"][et_pb_column_inner type=\"1_2\" saved_specialty_column_type=\"3_4\" _builder_version=\"4.10.7\" _module_preset=\"default\" global_colors_info=\"{}\"][et_pb_text _builder_version=\"4.10.7\" _module_preset=\"default\" hover_enabled=\"0\" global_colors_info=\"{}\" sticky_enabled=\"0\"]\u0420akume erinevaid k\u00f6\u00f6gitehnika kaubam\u00e4rke. K\u00fcsi pakkumist.\r\n\r\nMeie k\u00f6\u00f6gitehnika koost\u00f6\u00f6partnerid on <a href=\"https:\/\/elux.ee\/\" target=\"_blank\" rel=\"nofollow noopener\">www.elux.ee<\/a> ja <a href=\"https:\/\/www.greentek.ee\/\" target=\"_blank\" rel=\"nofollow noopener\">www.greentek.ee<\/a>.\r\nAitame soovi korral tehnika v\u00e4lja valida, pakume soodustust, korraldame ise transpordi ning integreerime tehnika ilma lisatasuta.\r\n\r\n<img class=\"wp-image-3445 alignnone size-full\" src=\"https:\/\/koogiart.ee\/wp-content\/uploads\/2021\/10\/aeg.png\" alt=\"\" width=\"100\" height=\"30\"> <img class=\"wp-image-3448 alignnone size-full\" src=\"https:\/\/koogiart.ee\/wp-content\/uploads\/2021\/10\/elux.png\" alt=\"\" width=\"100\" height=\"30\"> <img class=\"wp-image-3451 alignnone size-full\" src=\"https:\/\/koogiart.ee\/wp-content\/uploads\/2021\/10\/zan2.png\" alt=\"\" width=\"67\" height=\"30\"><img class=\"wp-image-3454 alignnone size-full\" src=\"https:\/\/koogiart.ee\/wp-content\/uploads\/2021\/10\/smeg2.png\" alt=\"\" width=\"87\" height=\"30\">\r\n\r\n<img class=\"wp-image-3457 alignnone size-full\" src=\"https:\/\/koogiart.ee\/wp-content\/uploads\/2021\/10\/fal.png\" alt=\"\" width=\"100\" height=\"30\"><img src=\"https:\/\/koogiart.ee\/wp-content\/uploads\/2021\/10\/Greentek.png\" width=\"126\" height=\"30\" alt=\"\" class=\"wp-image-3612 alignnone size-full\" \/> <img src=\"https:\/\/koogiart.ee\/wp-content\/uploads\/2021\/10\/Nerostein.png\" width=\"139\" height=\"30\" alt=\"\" class=\"wp-image-3615 alignnone size-full\" \/>[\/et_pb_text][et_pb_text _builder_version=\"4.10.7\" _module_preset=\"default\" custom_padding=\"20px||||false|false\" hover_enabled=\"0\" global_colors_info=\"{}\" sticky_enabled=\"0\"]<h2>Santehnika<\/h2>\r\nPakume FRANKE k\u00f6\u00f6givalamuid.\r\nFRANKE on suurim k\u00f6\u00f6givalamute tootja maailmas. Valikus on nii eksklusiivsed kui ka praktilised valamud m\u00f5istliku hinnaga.\r\n<a href=\"http:\/\/www.franke.ee\/\" target=\"_blank\" rel=\"nofollow noopener\">www.franke.ee<\/a>\r\nFRANKE valik on v\u00e4ga suur. K\u00fcsige n\u00f5u ja me aitame valida just teile sobiva FRANKE valamu.\r\n<img src=\"https:\/\/koogiart.ee\/wp-content\/uploads\/2021\/10\/franke.png\" width=\"130\" height=\"42\" alt=\"\" class=\"wp-image-3460 alignnone size-full\" \/>[\/et_pb_text][\/et_pb_column_inner][et_pb_column_inner type=\"1_2\" saved_specialty_column_type=\"3_4\" _builder_version=\"4.10.7\" _module_preset=\"default\" global_colors_info=\"{}\"][et_pb_image src=\"https:\/\/koogiart.ee\/wp-content\/uploads\/2021\/10\/koogitehnika.png\" title_text=\"koogitehnika\" _builder_version=\"4.10.7\" _module_preset=\"default\" global_colors_info=\"{}\"][\/et_pb_image][et_pb_image src=\"https:\/\/koogiart.ee\/wp-content\/uploads\/2021\/10\/santehnika.png\" title_text=\"santehnika\" _builder_version=\"4.10.7\" _module_preset=\"default\" global_colors_info=\"{}\"][\/et_pb_image][\/et_pb_column_inner][\/et_pb_row_inner][\/et_pb_column][et_pb_column type=\"1_4\" _builder_version=\"3.25\" custom_padding=\"|||\" global_colors_info=\"{}\" custom_padding__hover=\"|||\"][et_pb_sidebar show_border=\"off\" _builder_version=\"4.10.7\" _module_preset=\"default\" global_colors_info=\"{}\"][\/et_pb_sidebar][\/et_pb_column][\/et_pb_section]","_et_gb_content_width":"","footnotes":""},"_links":{"self":[{"href":"https:\/\/koogiart.ee\/ru\/wp-json\/wp\/v2\/pages\/4268"}],"collection":[{"href":"https:\/\/koogiart.ee\/ru\/wp-json\/wp\/v2\/pages"}],"about":[{"href":"https:\/\/koogiart.ee\/ru\/wp-json\/wp\/v2\/types\/page"}],"author":[{"embeddable":true,"href":"https:\/\/koogiart.ee\/ru\/wp-json\/wp\/v2\/users\/1"}],"replies":[{"embeddable":true,"href":"https:\/\/koogiart.ee\/ru\/wp-json\/wp\/v2\/comments?post=4268"}],"version-history":[{"count":4,"href":"https:\/\/koogiart.ee\/ru\/wp-json\/wp\/v2\/pages\/4268\/revisions"}],"predecessor-version":[{"id":5002,"href":"https:\/\/koogiart.ee\/ru\/wp-json\/wp\/v2\/pages\/4268\/revisions\/5002"}],"wp:attachment":[{"href":"https:\/\/koogiart.ee\/ru\/wp-json\/wp\/v2\/media?parent=4268"}],"curies":[{"name":"wp","href":"https:\/\/api.w.org\/{rel}","templated":true}]}}