{"id":4054,"date":"2021-10-12T13:02:27","date_gmt":"2021-10-12T10:02:27","guid":{"rendered":"https:\/\/koogiart.ee\/?page_id=4054"},"modified":"2021-10-13T10:27:03","modified_gmt":"2021-10-13T07:27:03","slug":"uksed","status":"publish","type":"page","link":"https:\/\/koogiart.ee\/ru\/materjalid\/uksed\/","title":{"rendered":"\u0424\u0430\u0441\u0430\u0434\u044b"},"content":{"rendered":"<p>[et_pb_section fb_built=&#187;1&#8243; fullwidth=&#187;on&#187; _builder_version=&#187;4.10.7&#8243; _module_preset=&#187;default&#187; global_colors_info=&#187;{}&#187;][et_pb_fullwidth_post_title meta=&#187;off&#187; featured_image=&#187;off&#187; _builder_version=&#187;4.10.7&#8243; _module_preset=&#187;default&#187; title_font_size=&#187;34px&#187; background_color=&#187;#f2f2f2&#8243; text_orientation=&#187;center&#187; custom_padding=&#187;40px||40px||true|false&#187; global_colors_info=&#187;{}&#187;][\/et_pb_fullwidth_post_title][\/et_pb_section][et_pb_section fb_built=&#187;1&#8243; specialty=&#187;on&#187; _builder_version=&#187;4.10.7&#8243; _module_preset=&#187;default&#187; global_colors_info=&#187;{}&#187;][et_pb_column type=&#187;3_4&#8243; specialty_columns=&#187;3&#8243; _builder_version=&#187;3.25&#8243; custom_padding=&#187;|||&#187; global_colors_info=&#187;{}&#187; custom_padding__hover=&#187;|||&#187;][et_pb_row_inner _builder_version=&#187;4.10.7&#8243; _module_preset=&#187;default&#187; global_colors_info=&#187;{}&#187;][et_pb_column_inner saved_specialty_column_type=&#187;3_4&#8243; _builder_version=&#187;4.10.7&#8243; _module_preset=&#187;default&#187; global_colors_info=&#187;{}&#187;][et_pb_text _builder_version=&#187;4.11.2&#8243; _module_preset=&#187;default&#187; hover_enabled=&#187;0&#8243; global_colors_info=&#187;{}&#187; sticky_enabled=&#187;0&#8243;]\u0414\u0432\u0435\u0440\u0438 \u044f\u0432\u043b\u044f\u044e\u0442\u0441\u044f \u043b\u0438\u0446\u043e\u043c \u043a\u0443\u0445\u043d\u0438 \u0438 \u0432\u044b\u0440\u0430\u0436\u0430\u044e\u0442 \u0441\u0442\u0438\u043b\u044c \u043a\u0443\u0445\u043d\u0438.<\/p>\n<p>\u041f\u0440\u0435\u0434\u043b\u0430\u0433\u0430\u0435\u043c \u0440\u0435\u0448\u0435\u043d\u0438\u044f \u0432 \u0441\u043e\u0432\u0440\u0435\u043c\u0435\u043d\u043d\u043e\u043c, \u043a\u043b\u0430\u0441\u0441\u0438\u0447\u0435\u0441\u043a\u043e\u043c \u0438 \u0432\u0438\u043d\u0442\u0430\u0436\u043d\u043e\u043c \u0441\u0442\u0438\u043b\u044f\u0445.<\/p>\n<p>\u0412\u044b\u0431\u0435\u0440\u0438\u0442\u0435 \u0434\u043b\u044f \u0441\u0432\u043e\u0435\u0439 \u043a\u0443\u0445\u043d\u0438 \u0433\u043b\u0430\u0434\u043a\u0438\u0435 \u0434\u0432\u0435\u0440\u0438, \u0440\u0430\u043c\u043e\u0447\u043d\u044b\u0435 \u0434\u0432\u0435\u0440\u0438, \u0441\u0442\u0435\u043a\u043b\u044f\u043d\u043d\u044b\u0435 \u0434\u0432\u0435\u0440\u0438, \u0434\u0432\u0435\u0440\u0438 \u0441 \u0442\u0435\u043a\u0441\u0442\u0443\u0440\u043e\u0439 \u0434\u0435\u0440\u0435\u0432\u0430 \u0438 \u0442.\u0434.[\/et_pb_text][\/et_pb_column_inner][\/et_pb_row_inner][et_pb_row_inner column_structure=&#187;1_3,1_3,1_3&#8243; _builder_version=&#187;4.10.7&#8243; _module_preset=&#187;default&#187; global_colors_info=&#187;{}&#187;][et_pb_column_inner type=&#187;1_3&#8243; saved_specialty_column_type=&#187;3_4&#8243; _builder_version=&#187;4.10.7&#8243; _module_preset=&#187;default&#187; global_colors_info=&#187;{}&#187;][et_pb_blurb title=&#187;\u0414\u0432\u0435\u0440\u0438 \u0438\u0437 \u041c\u0414\u0424&#187; url=&#187;https:\/\/koogiart.ee\/ru\/materjalid\/uksed\/mdf\/&#187; image=&#187;https:\/\/koogiart.ee\/wp-content\/uploads\/2021\/10\/RAL1.jpg&#187; _builder_version=&#187;4.11.2&#8243; _module_preset=&#187;default&#187; header_level=&#187;h2&#8243; header_font=&#187;|700|||||||&#187; header_font_size=&#187;20px&#187; header_line_height=&#187;1.5em&#187; text_orientation=&#187;center&#187; animation=&#187;off&#187; link_option_url=&#187;https:\/\/koogiart.ee\/ru\/materjalid\/uksed\/mdf\/&#187; global_colors_info=&#187;{}&#187;][\/et_pb_blurb][\/et_pb_column_inner][et_pb_column_inner type=&#187;1_3&#8243; saved_specialty_column_type=&#187;3_4&#8243; _builder_version=&#187;4.10.7&#8243; _module_preset=&#187;default&#187; global_colors_info=&#187;{}&#187;][et_pb_blurb title=&#187;\u0414\u0432\u0435\u0440\u0438 \u043f\u043e\u043a\u0440\u044b\u0442\u044b\u0435 \u0448\u043f\u043e\u043d\u043e\u043c&#187; url=&#187;https:\/\/koogiart.ee\/ru\/materjalid\/uksed\/spoonitud\/&#187; image=&#187;https:\/\/koogiart.ee\/wp-content\/uploads\/2021\/10\/spo1.jpg&#187; _builder_version=&#187;4.11.2&#8243; _module_preset=&#187;default&#187; header_level=&#187;h2&#8243; header_font=&#187;|700|||||||&#187; header_font_size=&#187;20px&#187; header_line_height=&#187;1.5em&#187; text_orientation=&#187;center&#187; animation=&#187;off&#187; link_option_url=&#187;https:\/\/koogiart.ee\/ru\/materjalid\/uksed\/spoonitud\/&#187; global_colors_info=&#187;{}&#187;][\/et_pb_blurb][\/et_pb_column_inner][et_pb_column_inner type=&#187;1_3&#8243; saved_specialty_column_type=&#187;3_4&#8243; _builder_version=&#187;4.10.7&#8243; _module_preset=&#187;default&#187; global_colors_info=&#187;{}&#187;][\/et_pb_column_inner][\/et_pb_row_inner][\/et_pb_column][et_pb_column type=&#187;1_4&#8243; _builder_version=&#187;3.25&#8243; custom_padding=&#187;|||&#187; global_colors_info=&#187;{}&#187; custom_padding__hover=&#187;|||&#187;][et_pb_sidebar show_border=&#187;off&#187; _builder_version=&#187;4.10.7&#8243; _module_preset=&#187;default&#187; global_colors_info=&#187;{}&#187;][\/et_pb_sidebar][\/et_pb_column][\/et_pb_section]<\/p>\n","protected":false},"excerpt":{"rendered":"<p>\u0414\u0432\u0435\u0440\u0438 \u044f\u0432\u043b\u044f\u044e\u0442\u0441\u044f \u043b\u0438\u0446\u043e\u043c \u043a\u0443\u0445\u043d\u0438 \u0438 \u0432\u044b\u0440\u0430\u0436\u0430\u044e\u0442 \u0441\u0442\u0438\u043b\u044c \u043a\u0443\u0445\u043d\u0438. \u041f\u0440\u0435\u0434\u043b\u0430\u0433\u0430\u0435\u043c \u0440\u0435\u0448\u0435\u043d\u0438\u044f \u0432 \u0441\u043e\u0432\u0440\u0435\u043c\u0435\u043d\u043d\u043e\u043c, \u043a\u043b\u0430\u0441\u0441\u0438\u0447\u0435\u0441\u043a\u043e\u043c \u0438 \u0432\u0438\u043d\u0442\u0430\u0436\u043d\u043e\u043c \u0441\u0442\u0438\u043b\u044f\u0445. \u0412\u044b\u0431\u0435\u0440\u0438\u0442\u0435 \u0434\u043b\u044f \u0441\u0432\u043e\u0435\u0439 \u043a\u0443\u0445\u043d\u0438 \u0433\u043b\u0430\u0434\u043a\u0438\u0435 \u0434\u0432\u0435\u0440\u0438, \u0440\u0430\u043c\u043e\u0447\u043d\u044b\u0435 \u0434\u0432\u0435\u0440\u0438, \u0441\u0442\u0435\u043a\u043b\u044f\u043d\u043d\u044b\u0435 \u0434\u0432\u0435\u0440\u0438, \u0434\u0432\u0435\u0440\u0438 \u0441 \u0442\u0435\u043a\u0441\u0442\u0443\u0440\u043e\u0439 \u0434\u0435\u0440\u0435\u0432\u0430 \u0438 \u0442.\u0434.<\/p>\n","protected":false},"author":1,"featured_media":0,"parent":3961,"menu_order":0,"comment_status":"closed","ping_status":"closed","template":"","meta":{"_et_pb_use_builder":"on","_et_pb_old_content":"[et_pb_section fb_built=\"1\" fullwidth=\"on\" _builder_version=\"4.10.7\" _module_preset=\"default\" global_colors_info=\"{}\"][et_pb_fullwidth_post_title meta=\"off\" featured_image=\"off\" _builder_version=\"4.10.7\" _module_preset=\"default\" title_font_size=\"34px\" background_color=\"#f2f2f2\" text_orientation=\"center\" custom_padding=\"40px||40px||true|false\" global_colors_info=\"{}\"][\/et_pb_fullwidth_post_title][\/et_pb_section][et_pb_section fb_built=\"1\" specialty=\"on\" _builder_version=\"4.10.7\" _module_preset=\"default\" global_colors_info=\"{}\"][et_pb_column type=\"3_4\" specialty_columns=\"3\" _builder_version=\"3.25\" custom_padding=\"|||\" global_colors_info=\"{}\" custom_padding__hover=\"|||\"][et_pb_row_inner _builder_version=\"4.10.7\" _module_preset=\"default\" global_colors_info=\"{}\"][et_pb_column_inner saved_specialty_column_type=\"3_4\" _builder_version=\"4.10.7\" _module_preset=\"default\" global_colors_info=\"{}\"][et_pb_text _builder_version=\"4.10.7\" _module_preset=\"default\" global_colors_info=\"{}\"]Uksed on k\u00f6\u00f6gi n\u00e4gu ning v\u00e4ljendavad k\u00f6\u00f6gi stiili. \r\n\r\nPakume nii moderndseid, klassikalisi kui ka vintage stiilis lahendusi. \r\n\r\nValige oma k\u00f6\u00f6gile kas siledad uksed, raamiga uksed, klaasuksed, laudise mustriga uksed jpm.[\/et_pb_text][\/et_pb_column_inner][\/et_pb_row_inner][et_pb_row_inner column_structure=\"1_3,1_3,1_3\" _builder_version=\"4.10.7\" _module_preset=\"default\" global_colors_info=\"{}\"][et_pb_column_inner type=\"1_3\" saved_specialty_column_type=\"3_4\" _builder_version=\"4.10.7\" _module_preset=\"default\" global_colors_info=\"{}\"][et_pb_blurb title=\"MDF-uksed\" url=\"https:\/\/koogiart.ee\/materjalid\/uksed\/mdf\/\" image=\"https:\/\/koogiart.ee\/wp-content\/uploads\/2021\/10\/RAL1.jpg\" _builder_version=\"4.10.7\" _module_preset=\"default\" header_level=\"h2\" header_font=\"|700|||||||\" header_font_size=\"20px\" header_line_height=\"1.5em\" text_orientation=\"center\" animation=\"off\" link_option_url=\"https:\/\/koogiart.ee\/materjalid\/uksed\/mdf\/\" global_colors_info=\"{}\"][\/et_pb_blurb][\/et_pb_column_inner][et_pb_column_inner type=\"1_3\" saved_specialty_column_type=\"3_4\" _builder_version=\"4.10.7\" _module_preset=\"default\" global_colors_info=\"{}\"][et_pb_blurb title=\"Spoonitud uksed\" url=\"https:\/\/koogiart.ee\/materjalid\/uksed\/spoonitud\/\" image=\"https:\/\/koogiart.ee\/wp-content\/uploads\/2021\/10\/spo1.jpg\" _builder_version=\"4.10.7\" _module_preset=\"default\" header_level=\"h2\" header_font=\"|700|||||||\" header_font_size=\"20px\" header_line_height=\"1.5em\" text_orientation=\"center\" animation=\"off\" link_option_url=\"https:\/\/koogiart.ee\/materjalid\/uksed\/spoonitud\/\" global_colors_info=\"{}\"][\/et_pb_blurb][\/et_pb_column_inner][et_pb_column_inner type=\"1_3\" saved_specialty_column_type=\"3_4\" _builder_version=\"4.10.7\" _module_preset=\"default\" global_colors_info=\"{}\"][\/et_pb_column_inner][\/et_pb_row_inner][\/et_pb_column][et_pb_column type=\"1_4\" _builder_version=\"3.25\" custom_padding=\"|||\" global_colors_info=\"{}\" custom_padding__hover=\"|||\"][et_pb_sidebar show_border=\"off\" _builder_version=\"4.10.7\" _module_preset=\"default\" global_colors_info=\"{}\"][\/et_pb_sidebar][\/et_pb_column][\/et_pb_section]","_et_gb_content_width":"","footnotes":""},"_links":{"self":[{"href":"https:\/\/koogiart.ee\/ru\/wp-json\/wp\/v2\/pages\/4054"}],"collection":[{"href":"https:\/\/koogiart.ee\/ru\/wp-json\/wp\/v2\/pages"}],"about":[{"href":"https:\/\/koogiart.ee\/ru\/wp-json\/wp\/v2\/types\/page"}],"author":[{"embeddable":true,"href":"https:\/\/koogiart.ee\/ru\/wp-json\/wp\/v2\/users\/1"}],"replies":[{"embeddable":true,"href":"https:\/\/koogiart.ee\/ru\/wp-json\/wp\/v2\/comments?post=4054"}],"version-history":[{"count":5,"href":"https:\/\/koogiart.ee\/ru\/wp-json\/wp\/v2\/pages\/4054\/revisions"}],"predecessor-version":[{"id":4345,"href":"https:\/\/koogiart.ee\/ru\/wp-json\/wp\/v2\/pages\/4054\/revisions\/4345"}],"up":[{"embeddable":true,"href":"https:\/\/koogiart.ee\/ru\/wp-json\/wp\/v2\/pages\/3961"}],"wp:attachment":[{"href":"https:\/\/koogiart.ee\/ru\/wp-json\/wp\/v2\/media?parent=4054"}],"curies":[{"name":"wp","href":"https:\/\/api.w.org\/{rel}","templated":true}]}}