{"id":4036,"date":"2021-10-12T12:56:33","date_gmt":"2021-10-12T09:56:33","guid":{"rendered":"https:\/\/koogiart.ee\/?page_id=4036"},"modified":"2021-10-12T12:56:51","modified_gmt":"2021-10-12T09:56:51","slug":"tootasapinnad","status":"publish","type":"page","link":"https:\/\/koogiart.ee\/ru\/materjalid\/tootasapinnad\/","title":{"rendered":"\u0421\u0442\u043e\u043b\u0435\u0448\u043d\u0438\u0446\u044b"},"content":{"rendered":"<p>[et_pb_section fb_built=&#187;1&#8243; fullwidth=&#187;on&#187; _builder_version=&#187;4.10.7&#8243; _module_preset=&#187;default&#187; global_colors_info=&#187;{}&#187;][et_pb_fullwidth_post_title meta=&#187;off&#187; featured_image=&#187;off&#187; _builder_version=&#187;4.10.7&#8243; _module_preset=&#187;default&#187; title_font_size=&#187;34px&#187; background_color=&#187;#f2f2f2&#8243; text_orientation=&#187;center&#187; custom_padding=&#187;40px||40px||true|false&#187; global_colors_info=&#187;{}&#187;][\/et_pb_fullwidth_post_title][\/et_pb_section][et_pb_section fb_built=&#187;1&#8243; specialty=&#187;on&#187; _builder_version=&#187;4.10.7&#8243; _module_preset=&#187;default&#187; global_colors_info=&#187;{}&#187;][et_pb_column type=&#187;3_4&#8243; specialty_columns=&#187;3&#8243; _builder_version=&#187;3.25&#8243; custom_padding=&#187;|||&#187; global_colors_info=&#187;{}&#187; custom_padding__hover=&#187;|||&#187;][et_pb_row_inner _builder_version=&#187;4.10.7&#8243; _module_preset=&#187;default&#187; global_colors_info=&#187;{}&#187;][et_pb_column_inner saved_specialty_column_type=&#187;3_4&#8243; _builder_version=&#187;4.10.7&#8243; _module_preset=&#187;default&#187; global_colors_info=&#187;{}&#187;][et_pb_text _builder_version=&#187;4.11.2&#8243; _module_preset=&#187;default&#187; global_colors_info=&#187;{}&#187;]\u0421\u0442\u043e\u043b\u0435\u0448\u043d\u0438\u0446\u0430 \u2013 \u044d\u0442\u043e \u043d\u0430\u0438\u0431\u043e\u043b\u0435\u0435 \u0432\u0430\u0436\u043d\u0430\u044f \u0447\u0430\u0441\u0442\u044c \u043a\u0443\u0445\u043e\u043d\u043d\u043e\u0439 \u043c\u0435\u0431\u0435\u043b\u0438. \u0420\u0430\u0431\u043e\u0447\u0430\u044f \u043f\u043e\u0432\u0435\u0440\u0445\u043d\u043e\u0441\u0442\u044c \u0434\u043e\u043b\u0436\u043d\u0430 \u0431\u044b\u0442\u044c \u043a\u0440\u0430\u0441\u0438\u0432\u043e\u0439, \u043f\u0440\u043e\u0447\u043d\u043e\u0439 \u0438 \u043f\u0440\u0430\u043a\u0442\u0438\u0447\u043d\u043e\u0439.<\/p>\n<p>\u0423 \u043a\u0430\u0436\u0434\u043e\u0433\u043e \u0442\u0438\u043f\u0430 \u0441\u0442\u043e\u043b\u0435\u0448\u043d\u0438\u0446 \u0441\u0432\u043e\u0438 \u043f\u0440\u0435\u0438\u043c\u0443\u0449\u0435\u0441\u0442\u0432\u0430.[\/et_pb_text][\/et_pb_column_inner][\/et_pb_row_inner][et_pb_row_inner column_structure=&#187;1_3,1_3,1_3&#8243; _builder_version=&#187;4.10.7&#8243; _module_preset=&#187;default&#187; global_colors_info=&#187;{}&#187;][et_pb_column_inner type=&#187;1_3&#8243; saved_specialty_column_type=&#187;3_4&#8243; _builder_version=&#187;4.10.7&#8243; _module_preset=&#187;default&#187; global_colors_info=&#187;{}&#187;][et_pb_blurb title=&#187;\u0421\u0442\u043e\u043b\u0435\u0448\u043d\u0438\u0446\u044b \u0438\u0437 \u043b\u0430\u043c\u0438\u043d\u0430\u0442\u0430&#187; url=&#187;https:\/\/koogiart.ee\/ru\/materjalid\/tootasapinnad\/korgsurvelaminaadist\/&#187; image=&#187;https:\/\/koogiart.ee\/wp-content\/uploads\/2021\/10\/korg1.jpg&#187; alt=&#187;korg&#187; _builder_version=&#187;4.11.2&#8243; _module_preset=&#187;default&#187; header_level=&#187;h2&#8243; header_font_size=&#187;20px&#187; header_line_height=&#187;1.5em&#187; text_orientation=&#187;center&#187; animation=&#187;off&#187; link_option_url=&#187;https:\/\/koogiart.ee\/ru\/materjalid\/tootasapinnad\/korgsurvelaminaadist\/&#187; global_colors_info=&#187;{}&#187;]\u0421\u0442\u043e\u043b\u0435\u0448\u043d\u0438\u0446\u044b \u0438\u0437 \u0431\u0443\u043c\u0430\u0436\u043d\u043e-\u0441\u043b\u043e\u0438\u0441\u0442\u043e\u0433\u043e \u043f\u043b\u0430\u0441\u0442\u0438\u043a\u0430 (\u043b\u0430\u043c\u0438\u043d\u0430\u0442\u0430) EGGER. \u041b\u0430\u043c\u0438\u043d\u0430\u0442 \u2013 \u0441\u0430\u043c\u044b\u0439 \u043f\u043e\u043f\u0443\u043b\u044f\u0440\u043d\u044b\u0439 \u043f\u043e \u0438\u0441\u043f\u043e\u043b\u044c\u0437\u043e\u0432\u0430\u043d\u0438\u044e \u0434\u043b\u044f \u0438\u0437\u0433\u043e\u0442\u043e\u0432\u043b\u0435\u043d\u0438\u044f \u0440\u0430\u0431\u043e\u0447\u0438\u0445 \u043f\u043e\u0432\u0435\u0440\u0445\u043d\u043e\u0441\u0442\u0435\u0439 \u043c\u0430\u0442\u0435\u0440\u0438\u0430\u043b. \u0422\u0430\u043a\u0438\u0435 \u0441\u0442\u043e\u043b\u0435\u0448\u043d\u0438\u0446\u044b \u043f\u0440\u043e\u0447\u043d\u044b\u0435, \u0443\u0441\u0442\u043e\u0439\u0447\u0438\u0432\u044b\u0435 \u043a \u0446\u0430\u0440\u0430\u043f\u0438\u043d\u0430\u043c \u0438 \u0432\u043e\u0437\u0434\u0435\u0439\u0441\u0442\u0432\u0438\u044e \u0432\u044b\u0441\u043e\u043a\u0438\u0445 \u0442\u0435\u043c\u043f\u0435\u0440\u0430\u0442\u0443\u0440. \u041b\u0430\u043c\u0438\u043d\u0438\u0440\u043e\u0432\u0430\u043d\u043d\u044b\u0435 \u0440\u0430\u0431\u043e\u0447\u0438\u0435 \u043f\u043e\u0432\u0435\u0440\u0445\u043d\u043e\u0441\u0442\u0438 \u0441\u0430\u043c\u044b\u0435 \u0434\u043e\u0441\u0442\u0443\u043f\u043d\u044b\u0435 \u043f\u043e \u0446\u0435\u043d\u0435.[\/et_pb_blurb][\/et_pb_column_inner][et_pb_column_inner type=&#187;1_3&#8243; saved_specialty_column_type=&#187;3_4&#8243; _builder_version=&#187;4.10.7&#8243; _module_preset=&#187;default&#187; global_colors_info=&#187;{}&#187;][et_pb_blurb title=&#187;\u0421\u0442\u043e\u043b\u0435\u0448\u043d\u0438\u0446\u044b \u0438\u0437 \u043f\u0440\u0435\u0441\u0441\u043e\u0432\u0430\u043d\u043e\u0433\u043e \u043a\u0430\u043c\u043d\u044f&#187; url=&#187;https:\/\/koogiart.ee\/ru\/materjalid\/tootasapinnad\/presskivist\/&#187; image=&#187;https:\/\/koogiart.ee\/wp-content\/uploads\/2021\/10\/kivi1.jpg&#187; alt=&#187;kivi&#187; _builder_version=&#187;4.11.2&#8243; _module_preset=&#187;default&#187; header_level=&#187;h2&#8243; header_font_size=&#187;20px&#187; header_line_height=&#187;1.5em&#187; text_orientation=&#187;center&#187; animation=&#187;off&#187; link_option_url=&#187;https:\/\/koogiart.ee\/ru\/materjalid\/tootasapinnad\/presskivist\/&#187; global_colors_info=&#187;{}&#187;]\u0421\u0442\u043e\u043b\u0435\u0448\u043d\u0438\u0446\u044b \u0438\u0437 \u043f\u0440\u0435\u0441\u0441\u043e\u0432\u0430\u043d\u043d\u043e\u0433\u043e \u043a\u0430\u043c\u043d\u044f Technistone. Technistone \u043f\u0440\u043e\u0447\u043d\u044b\u0439 \u0438 \u0438\u0437\u043d\u043e\u0441\u043e\u0443\u0441\u0442\u043e\u0439\u0447\u0438\u0432\u044b\u0439 \u043c\u0430\u0442\u0435\u0440\u0438\u0430\u043b. \u041a\u0430\u043c\u0435\u043d\u044c Technistone, \u043e\u0442\u043b\u0438\u0447\u0430\u0435\u0442\u0441\u044f \u043e\u0442 \u043f\u0440\u0438\u0440\u043e\u0434\u043d\u043e\u0433\u043e \u043a\u0430\u043c\u043d\u044f \u0442\u0435\u043c, \u0447\u0442\u043e \u0432 Technistone \u043e\u0442\u0441\u0443\u0442\u0441\u0442\u0432\u0443\u044e\u0442 \u043f\u043e\u0440\u044b, \u0447\u0442\u043e \u0434\u0435\u043b\u0430\u0435\u0442 \u0435\u0433\u043e \u043e\u0447\u0435\u043d\u044c \u0433\u0438\u0433\u0438\u0435\u043d\u0438\u0447\u043d\u044b\u043c. \u0412\u044b \u043c\u043e\u0436\u0435\u0442\u0435 \u043e\u0442\u0431\u0438\u0432\u0430\u0442\u044c \u043c\u044f\u0441\u043e \u0438\u043b\u0438 \u0437\u0430\u043c\u0435\u0448\u0438\u0432\u0430\u0442\u044c \u0442\u0435\u0441\u0442\u043e \u043f\u0440\u044f\u043c\u043e \u043d\u0430 \u0441\u0442\u043e\u043b\u0435\u0448\u043d\u0438\u0446\u0435.[\/et_pb_blurb][\/et_pb_column_inner][et_pb_column_inner type=&#187;1_3&#8243; saved_specialty_column_type=&#187;3_4&#8243; _builder_version=&#187;4.10.7&#8243; _module_preset=&#187;default&#187; global_colors_info=&#187;{}&#187;][et_pb_blurb title=&#187;\u0421\u0442\u043e\u043b\u0435\u0448\u043d\u0438\u0446\u044b \u0438\u0437 \u043c\u0430\u0441\u0441\u0438\u0432\u0430 \u0434\u0435\u0440\u0435\u0432\u0430&#187; url=&#187;https:\/\/koogiart.ee\/ru\/materjalid\/tootasapinnad\/taispuidust\/&#187; image=&#187;https:\/\/koogiart.ee\/wp-content\/uploads\/2021\/10\/tamm1.jpg&#187; alt=&#187;tamm&#187; _builder_version=&#187;4.11.2&#8243; _module_preset=&#187;default&#187; header_level=&#187;h2&#8243; header_font_size=&#187;20px&#187; header_line_height=&#187;1.5em&#187; text_orientation=&#187;center&#187; animation=&#187;off&#187; link_option_url=&#187;https:\/\/koogiart.ee\/ru\/materjalid\/tootasapinnad\/taispuidust\/&#187; global_colors_info=&#187;{}&#187;]\u0414\u0435\u0440\u0435\u0432\u044f\u043d\u043d\u044b\u0435 \u0441\u0442\u043e\u043b\u0435\u0448\u043d\u0438\u0446\u044b \u044d\u0442\u043e \u043a\u043b\u0430\u0441\u0441\u0438\u043a\u0430. \u0414\u0435\u0440\u0435\u0432\u043e \u043f\u0440\u0438\u043d\u043e\u0441\u0438\u0442 \u0442\u0435\u043f\u043b\u043e \u0432 \u0434\u043e\u043c. \u0427\u0442\u043e\u0431\u044b \u0434\u0443\u0431\u043e\u0432\u0430\u044f \u0441\u0442\u043e\u043b\u0435\u0448\u043d\u0438\u0446\u0430 \u043f\u0440\u043e\u0441\u043b\u0443\u0436\u0438\u043b\u0430 \u0412\u0430\u043c \u043a\u0430\u043a \u043c\u043e\u0436\u043d\u043e \u0434\u043e\u043b\u044c\u0448\u0435, \u0435\u0451 \u043d\u0435\u043e\u0431\u0445\u043e\u0434\u0438\u043c\u043e \u043f\u0440\u043e\u043f\u0438\u0442\u044b\u0432\u0430\u0442\u044c \u0441\u043f\u0435\u0446\u0438\u0430\u043b\u044c\u043d\u044b\u043c \u043c\u0430\u0441\u043b\u043e\u043c \u043e\u0434\u0438\u043d \u0440\u0430\u0437 \u0432 \u0433\u043e\u0434.[\/et_pb_blurb][\/et_pb_column_inner][\/et_pb_row_inner][\/et_pb_column][et_pb_column type=&#187;1_4&#8243; _builder_version=&#187;3.25&#8243; custom_padding=&#187;|||&#187; global_colors_info=&#187;{}&#187; custom_padding__hover=&#187;|||&#187;][et_pb_sidebar show_border=&#187;off&#187; _builder_version=&#187;4.10.7&#8243; _module_preset=&#187;default&#187; global_colors_info=&#187;{}&#187;][\/et_pb_sidebar][\/et_pb_column][\/et_pb_section]<\/p>\n","protected":false},"excerpt":{"rendered":"<p>\u0421\u0442\u043e\u043b\u0435\u0448\u043d\u0438\u0446\u0430 \u2013 \u044d\u0442\u043e \u043d\u0430\u0438\u0431\u043e\u043b\u0435\u0435 \u0432\u0430\u0436\u043d\u0430\u044f \u0447\u0430\u0441\u0442\u044c \u043a\u0443\u0445\u043e\u043d\u043d\u043e\u0439 \u043c\u0435\u0431\u0435\u043b\u0438. \u0420\u0430\u0431\u043e\u0447\u0430\u044f \u043f\u043e\u0432\u0435\u0440\u0445\u043d\u043e\u0441\u0442\u044c \u0434\u043e\u043b\u0436\u043d\u0430 \u0431\u044b\u0442\u044c \u043a\u0440\u0430\u0441\u0438\u0432\u043e\u0439, \u043f\u0440\u043e\u0447\u043d\u043e\u0439 \u0438 \u043f\u0440\u0430\u043a\u0442\u0438\u0447\u043d\u043e\u0439. \u0423 \u043a\u0430\u0436\u0434\u043e\u0433\u043e \u0442\u0438\u043f\u0430 \u0441\u0442\u043e\u043b\u0435\u0448\u043d\u0438\u0446 \u0441\u0432\u043e\u0438 \u043f\u0440\u0435\u0438\u043c\u0443\u0449\u0435\u0441\u0442\u0432\u0430.\u0421\u0442\u043e\u043b\u0435\u0448\u043d\u0438\u0446\u044b \u0438\u0437 \u0431\u0443\u043c\u0430\u0436\u043d\u043e-\u0441\u043b\u043e\u0438\u0441\u0442\u043e\u0433\u043e \u043f\u043b\u0430\u0441\u0442\u0438\u043a\u0430 (\u043b\u0430\u043c\u0438\u043d\u0430\u0442\u0430) EGGER. \u041b\u0430\u043c\u0438\u043d\u0430\u0442 \u2013 \u0441\u0430\u043c\u044b\u0439 \u043f\u043e\u043f\u0443\u043b\u044f\u0440\u043d\u044b\u0439 \u043f\u043e \u0438\u0441\u043f\u043e\u043b\u044c\u0437\u043e\u0432\u0430\u043d\u0438\u044e \u0434\u043b\u044f \u0438\u0437\u0433\u043e\u0442\u043e\u0432\u043b\u0435\u043d\u0438\u044f \u0440\u0430\u0431\u043e\u0447\u0438\u0445 \u043f\u043e\u0432\u0435\u0440\u0445\u043d\u043e\u0441\u0442\u0435\u0439 \u043c\u0430\u0442\u0435\u0440\u0438\u0430\u043b. \u0422\u0430\u043a\u0438\u0435 \u0441\u0442\u043e\u043b\u0435\u0448\u043d\u0438\u0446\u044b \u043f\u0440\u043e\u0447\u043d\u044b\u0435, \u0443\u0441\u0442\u043e\u0439\u0447\u0438\u0432\u044b\u0435 \u043a \u0446\u0430\u0440\u0430\u043f\u0438\u043d\u0430\u043c \u0438 \u0432\u043e\u0437\u0434\u0435\u0439\u0441\u0442\u0432\u0438\u044e \u0432\u044b\u0441\u043e\u043a\u0438\u0445 \u0442\u0435\u043c\u043f\u0435\u0440\u0430\u0442\u0443\u0440. \u041b\u0430\u043c\u0438\u043d\u0438\u0440\u043e\u0432\u0430\u043d\u043d\u044b\u0435 \u0440\u0430\u0431\u043e\u0447\u0438\u0435 \u043f\u043e\u0432\u0435\u0440\u0445\u043d\u043e\u0441\u0442\u0438 \u0441\u0430\u043c\u044b\u0435 \u0434\u043e\u0441\u0442\u0443\u043f\u043d\u044b\u0435 \u043f\u043e \u0446\u0435\u043d\u0435.\u0421\u0442\u043e\u043b\u0435\u0448\u043d\u0438\u0446\u044b [&hellip;]<\/p>\n","protected":false},"author":1,"featured_media":0,"parent":3961,"menu_order":0,"comment_status":"closed","ping_status":"closed","template":"","meta":{"_et_pb_use_builder":"on","_et_pb_old_content":"[et_pb_section fb_built=\"1\" fullwidth=\"on\" _builder_version=\"4.10.7\" _module_preset=\"default\" global_colors_info=\"{}\"][et_pb_fullwidth_post_title meta=\"off\" featured_image=\"off\" _builder_version=\"4.10.7\" _module_preset=\"default\" title_font_size=\"34px\" background_color=\"#f2f2f2\" text_orientation=\"center\" custom_padding=\"40px||40px||true|false\" global_colors_info=\"{}\"][\/et_pb_fullwidth_post_title][\/et_pb_section][et_pb_section fb_built=\"1\" specialty=\"on\" _builder_version=\"4.10.7\" _module_preset=\"default\" global_colors_info=\"{}\"][et_pb_column type=\"3_4\" specialty_columns=\"3\" _builder_version=\"3.25\" custom_padding=\"|||\" global_colors_info=\"{}\" custom_padding__hover=\"|||\"][et_pb_row_inner _builder_version=\"4.10.7\" _module_preset=\"default\" global_colors_info=\"{}\"][et_pb_column_inner saved_specialty_column_type=\"3_4\" _builder_version=\"4.10.7\" _module_preset=\"default\" global_colors_info=\"{}\"][et_pb_text _builder_version=\"4.10.7\" _module_preset=\"default\" global_colors_info=\"{}\"]T\u00f6\u00f6tasapinnad on kvaliteedi ja materjali poolest k\u00f5ige n\u00f5udlikum koht k\u00f6\u00f6gim\u00f6\u00f6blil. T\u00f6\u00f6pind peab olema ilus, vastupidav ja praktiline.\r\n\r\nIgal t\u00f6\u00f6tasapinnal on omad eelised.[\/et_pb_text][\/et_pb_column_inner][\/et_pb_row_inner][et_pb_row_inner column_structure=\"1_3,1_3,1_3\" _builder_version=\"4.10.7\" _module_preset=\"default\" global_colors_info=\"{}\"][et_pb_column_inner type=\"1_3\" saved_specialty_column_type=\"3_4\" _builder_version=\"4.10.7\" _module_preset=\"default\" global_colors_info=\"{}\"][et_pb_blurb title=\"K\u00f5rgsurvelaminaadist t\u00f6\u00f6tasapinnad\" url=\"https:\/\/koogiart.ee\/materjalid\/tootasapinnad\/korgsurvelaminaadist\/\" image=\"https:\/\/koogiart.ee\/wp-content\/uploads\/2021\/10\/korg1.jpg\" _builder_version=\"4.10.7\" _module_preset=\"default\" header_level=\"h2\" header_font_size=\"20px\" header_line_height=\"1.5em\" animation=\"off\" link_option_url=\"https:\/\/koogiart.ee\/materjalid\/tootasapinnad\/korgsurvelaminaadist\/\" hover_enabled=\"0\" global_colors_info=\"{}\" text_orientation=\"center\" sticky_enabled=\"0\"]Laminaadist valmistatud t\u00f6\u00f6tasapinnad EGGER. Laminaat on k\u00f5ige populaarsem t\u00f6\u00f6tasapindade valmistamiseks kasutatav materjal. Laminaadist t\u00f6\u00f6tasapinnad on vastupidavad, kriimustuskindlad ja vastupidavad k\u00f5rgele temperatuurile.[\/et_pb_blurb][\/et_pb_column_inner][et_pb_column_inner type=\"1_3\" saved_specialty_column_type=\"3_4\" _builder_version=\"4.10.7\" _module_preset=\"default\" global_colors_info=\"{}\"][et_pb_blurb title=\"Presskivist t\u00f6\u00f6tasapinnad\" url=\"https:\/\/koogiart.ee\/materjalid\/tootasapinnad\/presskivist\/\" image=\"https:\/\/koogiart.ee\/wp-content\/uploads\/2021\/10\/kivi1.jpg\" _builder_version=\"4.10.7\" _module_preset=\"default\" header_level=\"h2\" header_font_size=\"20px\" header_line_height=\"1.5em\" animation=\"off\" link_option_url=\"https:\/\/koogiart.ee\/materjalid\/tootasapinnad\/presskivist\/\" hover_enabled=\"0\" global_colors_info=\"{}\" text_orientation=\"center\" sticky_enabled=\"0\"]Technistone vastupidav ja kulumiskindel materjal. Technistone kivi erineb looduskivist sellega, et Technistone-l pole poorne, mist\u00f5ttu see on v\u00e4ga h\u00fcgieeniline.[\/et_pb_blurb][\/et_pb_column_inner][et_pb_column_inner type=\"1_3\" saved_specialty_column_type=\"3_4\" _builder_version=\"4.10.7\" _module_preset=\"default\" global_colors_info=\"{}\"][et_pb_blurb title=\"T\u00e4ispuidust t\u00f6\u00f6tasapinnad\" url=\"https:\/\/koogiart.ee\/materjalid\/tootasapinnad\/taispuidust\/\" image=\"https:\/\/koogiart.ee\/wp-content\/uploads\/2021\/10\/tamm1.jpg\" _builder_version=\"4.10.7\" _module_preset=\"default\" header_level=\"h2\" header_font_size=\"20px\" header_line_height=\"1.5em\" animation=\"off\" link_option_url=\"https:\/\/koogiart.ee\/materjalid\/tootasapinnad\/taispuidust\/\" hover_enabled=\"0\" global_colors_info=\"{}\" text_orientation=\"center\" sticky_enabled=\"0\"]Puit toob soojust majja. \u00d5ige hooldusega kestab tammest t\u00f6\u00f6tasapind teil nii kaua kui vaja.[\/et_pb_blurb][\/et_pb_column_inner][\/et_pb_row_inner][\/et_pb_column][et_pb_column type=\"1_4\" _builder_version=\"3.25\" custom_padding=\"|||\" global_colors_info=\"{}\" custom_padding__hover=\"|||\"][et_pb_sidebar show_border=\"off\" _builder_version=\"4.10.7\" _module_preset=\"default\" global_colors_info=\"{}\"][\/et_pb_sidebar][\/et_pb_column][\/et_pb_section]","_et_gb_content_width":"","footnotes":""},"_links":{"self":[{"href":"https:\/\/koogiart.ee\/ru\/wp-json\/wp\/v2\/pages\/4036"}],"collection":[{"href":"https:\/\/koogiart.ee\/ru\/wp-json\/wp\/v2\/pages"}],"about":[{"href":"https:\/\/koogiart.ee\/ru\/wp-json\/wp\/v2\/types\/page"}],"author":[{"embeddable":true,"href":"https:\/\/koogiart.ee\/ru\/wp-json\/wp\/v2\/users\/1"}],"replies":[{"embeddable":true,"href":"https:\/\/koogiart.ee\/ru\/wp-json\/wp\/v2\/comments?post=4036"}],"version-history":[{"count":5,"href":"https:\/\/koogiart.ee\/ru\/wp-json\/wp\/v2\/pages\/4036\/revisions"}],"predecessor-version":[{"id":4045,"href":"https:\/\/koogiart.ee\/ru\/wp-json\/wp\/v2\/pages\/4036\/revisions\/4045"}],"up":[{"embeddable":true,"href":"https:\/\/koogiart.ee\/ru\/wp-json\/wp\/v2\/pages\/3961"}],"wp:attachment":[{"href":"https:\/\/koogiart.ee\/ru\/wp-json\/wp\/v2\/media?parent=4036"}],"curies":[{"name":"wp","href":"https:\/\/api.w.org\/{rel}","templated":true}]}}