{"id":4007,"date":"2021-10-12T12:39:49","date_gmt":"2021-10-12T09:39:49","guid":{"rendered":"https:\/\/koogiart.ee\/?page_id=4007"},"modified":"2022-11-25T15:38:15","modified_gmt":"2022-11-25T12:38:15","slug":"valmistamine","status":"publish","type":"page","link":"https:\/\/koogiart.ee\/ru\/valmistamine\/","title":{"rendered":"\u0418\u0437\u0433\u043e\u0442\u043e\u0432\u043b\u0435\u043d\u0438\u0435"},"content":{"rendered":"<p>[et_pb_section fb_built=&#187;1&#8243; fullwidth=&#187;on&#187; _builder_version=&#187;4.16&#8243; _module_preset=&#187;default&#187; global_colors_info=&#187;{}&#187;][et_pb_fullwidth_post_title meta=&#187;off&#187; featured_image=&#187;off&#187; _builder_version=&#187;4.16&#8243; _module_preset=&#187;default&#187; title_font_size=&#187;34px&#187; background_color=&#187;#f2f2f2&#8243; text_orientation=&#187;center&#187; custom_padding=&#187;40px||40px||true|false&#187; global_colors_info=&#187;{}&#187;][\/et_pb_fullwidth_post_title][\/et_pb_section][et_pb_section fb_built=&#187;1&#8243; specialty=&#187;on&#187; _builder_version=&#187;4.16&#8243; _module_preset=&#187;default&#187; global_colors_info=&#187;{}&#187;][et_pb_column type=&#187;3_4&#8243; specialty_columns=&#187;3&#8243; _builder_version=&#187;4.16&#8243; custom_padding=&#187;|||&#187; global_colors_info=&#187;{}&#187; custom_padding__hover=&#187;|||&#187;][et_pb_row_inner _builder_version=&#187;4.16&#8243; _module_preset=&#187;default&#187; global_colors_info=&#187;{}&#187;][et_pb_column_inner saved_specialty_column_type=&#187;3_4&#8243; _builder_version=&#187;4.16&#8243; _module_preset=&#187;default&#187; global_colors_info=&#187;{}&#187;][et_pb_text _builder_version=&#187;4.18.0&#8243; _module_preset=&#187;default&#187; hover_enabled=&#187;0&#8243; global_colors_info=&#187;{}&#187; sticky_enabled=&#187;0&#8243;]\u041d\u0430\u0448\u0438 \u043a\u0443\u0445\u043d\u0438 \u0438\u0437\u0433\u043e\u0442\u043e\u0432\u043b\u0435\u043d\u044b \u0441 \u043b\u044e\u0431\u043e\u0432\u044c\u044e. \u041c\u044b \u043b\u044e\u0431\u0438\u043c \u0441\u0432\u043e\u044e \u0440\u0430\u0431\u043e\u0442\u0443. \u041f\u043e\u044d\u0442\u043e\u043c\u0443 \u043a\u0443\u0445\u043e\u043d\u043d\u0430\u044f \u043c\u0435\u0431\u0435\u043b\u044c \u043e\u0442 K\u00f6\u00f6giART \u0431\u0443\u0434\u0435\u0442 \u0440\u0430\u0434\u043e\u0432\u0430\u0442\u044c \u0412\u0430\u0441 \u0434\u043e\u043b\u0433\u0438\u0435 \u0433\u043e\u0434\u044b.<\/p>\n<p>\u0412 \u043f\u0440\u043e\u0446\u0435\u0441\u0441\u0435 \u043f\u0440\u043e\u0438\u0437\u0432\u043e\u0434\u0441\u0442\u0432\u0430 \u043c\u0435\u0431\u0435\u043b\u0438 K\u00f6\u00f6giART \u043c\u044b \u0438\u0441\u043f\u043e\u043b\u044c\u0437\u0443\u0435\u043c \u0441\u0430\u043c\u0443\u044e \u043a\u0430\u0447\u0435\u0441\u0442\u0432\u0435\u043d\u043d\u0443\u044e \u0444\u0443\u0440\u043d\u0438\u0442\u0443\u0440\u0443 \u043e\u0442 \u043f\u0440\u043e\u0432\u0435\u0440\u0435\u043d\u043d\u044b\u0445 \u0438 \u043d\u0430\u0434\u0451\u0436\u043d\u044b\u0445 \u043f\u043e\u0441\u0442\u0430\u0432\u0449\u0438\u043a\u043e\u0432.<\/p>\n<p>\u0421\u0435\u0440\u0434\u0446\u0435 \u043d\u0430\u0448\u0438\u0445 \u043a\u0443\u0445\u043e\u043d\u044c \u2014 \u0431\u0435\u0437\u0443\u043f\u0440\u0435\u0447\u043d\u044b\u0435 \u043c\u0435\u0445\u0430\u043d\u0438\u0437\u043c\u044b \u043e\u0442 \u043b\u0438\u0434\u0435\u0440\u0430 \u0440\u044b\u043d\u043a\u0430, \u0430\u0432\u0441\u0442\u0440\u0438\u0439\u0441\u043a\u043e\u0439 \u043a\u0430\u043c\u043f\u0430\u043d\u0438\u0438 BLUM.<\/p>\n<p>\u0421\u0442\u043e\u043b\u0435\u0448\u043d\u0438\u0446\u0430 \u2013 \u044d\u0442\u043e \u0441\u0430\u043c\u0430\u044f \u0442\u0440\u0435\u0431\u043e\u0432\u0430\u0442\u0435\u043b\u044c\u043d\u0430\u044f \u043a \u043a\u0430\u0447\u0435\u0441\u0442\u0432\u0443 \u043c\u0430\u0442\u0435\u0440\u0438\u0430\u043b\u043e\u0432 \u0447\u0430\u0441\u0442\u044c \u043c\u0435\u0431\u0435\u043b\u0438. \u041d\u0430\u0448 \u0432\u044b\u0431\u043e\u0440 \u2014 \u0440\u0430\u0431\u043e\u0447\u0438\u0435 \u043f\u043e\u0432\u0435\u0440\u0445\u043d\u043e\u0441\u0442\u0438 \u043f\u0440\u043e\u0438\u0437\u0432\u043e\u0434\u0441\u0442\u0432\u0430 EGGER. EGGER \u2013 \u044d\u0442\u043e \u043b\u0443\u0447\u0448\u0438\u0435 \u0441\u0442\u043e\u043b\u0435\u0448\u043d\u0438\u0446\u044b \u043d\u0430 \u0440\u044b\u043d\u043a\u0435. \u041e\u043d\u0438 \u0443\u0441\u0442\u043e\u0439\u0447\u0438\u0432\u044b \u043a \u0446\u0430\u0440\u0430\u043f\u0430\u043d\u044c\u044e, \u0438\u0441\u0442\u0438\u0440\u0430\u043d\u0438\u044e \u0438 \u0432\u043e\u0437\u0434\u0435\u0439\u0441\u0442\u0432\u0438\u044e \u0432\u044b\u0441\u043e\u043a\u0438\u0445 \u0442\u0435\u043c\u043f\u0435\u0440\u0430\u0442\u0443\u0440. \u0418\u0445 \u043e\u0447\u0435\u043d\u044c \u043b\u0435\u0433\u043a\u043e \u0447\u0438\u0441\u0442\u0438\u0442\u044c \u0438 \u043c\u044b\u0442\u044c.<\/p>\n<p>\u041d\u0430\u0448\u0443 \u043a\u0443\u0445\u043e\u043d\u043d\u0443\u044e \u043c\u0435\u0431\u0435\u043b\u044c \u0443\u0441\u0442\u0430\u043d\u0430\u0432\u043b\u0438\u0432\u0430\u044e\u0442 \u043f\u0440\u043e\u0444\u0435\u0441\u0441\u0438\u043e\u043d\u0430\u043b\u044b, \u0443\u0447\u0438\u0442\u044b\u0432\u0430\u044f \u0432\u0441\u0435 \u043e\u0441\u043e\u0431\u0435\u043d\u043d\u043e\u0441\u0442\u0438 \u043f\u043e\u043c\u0435\u0449\u0435\u043d\u0438\u044f. \u041e\u043d\u0438 \u0443\u0441\u0442\u0430\u043d\u0430\u0432\u043b\u0438\u0432\u0430\u044e\u0442 \u0432\u0441\u044e \u0438\u043d\u0442\u0435\u0433\u0440\u0438\u0440\u043e\u0432\u0430\u043d\u043d\u0443\u044e \u0442\u0435\u0445\u043d\u0438\u043a\u0443, \u043d\u043e \u0431\u043e\u043b\u0435\u0435 \u0441\u043b\u043e\u0436\u043d\u044b\u0435 \u043f\u043e\u0434\u0441\u043e\u0435\u0434\u0438\u043d\u0435\u043d\u0438\u044f \u043e\u0441\u0442\u0430\u0432\u043b\u044f\u044e\u0442 \u0441\u043f\u0435\u0446\u0438\u0430\u043b\u0438\u0441\u0442\u0443. \u0414\u043b\u044f \u044d\u0442\u043e\u0433\u043e \u0432\u044b \u043c\u043e\u0436\u0435\u0442\u0435 \u0438\u0441\u043f\u043e\u043b\u044c\u0437\u043e\u0432\u0430\u0442\u044c \u0441\u0432\u043e\u0438 \u043a\u043e\u043d\u0442\u0430\u043a\u0442\u044b \u0438\u043b\u0438 \u0441\u0432\u044f\u0437\u0430\u0442\u044c\u0441\u044f \u0441 \u043d\u0430\u0448\u0438\u043c \u043f\u0430\u0440\u0442\u043d\u0435\u0440\u043e\u043c. \u0420\u0430\u0431\u043e\u0442\u0430 \u043f\u043e \u043f\u043e\u0434\u0441\u043e\u0435\u0434\u0438\u043d\u0435\u043d\u0438\u044e \u0432\u043e\u0434\u044f\u043d\u044b\u0445 \u0442\u0440\u0443\u0431, \u043f\u043b\u0438\u0442\u044b \u0438 \u0434\u0443\u0445\u043e\u0432\u043e\u0439 \u043f\u0435\u0447\u0438 \u043f\u0440\u043e\u0438\u0437\u0432\u043e\u0434\u0438\u0442\u0441\u044f \u043f\u043e\u0441\u043b\u0435 \u0443\u0441\u0442\u0430\u043d\u043e\u0432\u043a\u0438 \u043c\u0435\u0431\u0435\u043b\u0438.[\/et_pb_text][\/et_pb_column_inner][\/et_pb_row_inner][et_pb_row_inner _builder_version=&#187;4.16&#8243; _module_preset=&#187;default&#187; global_colors_info=&#187;{}&#187;][et_pb_column_inner saved_specialty_column_type=&#187;3_4&#8243; _builder_version=&#187;4.16&#8243; _module_preset=&#187;default&#187; global_colors_info=&#187;{}&#187;][et_pb_button button_url=&#187;https:\/\/koogiart.ee\/ru\/tellimine-ja-muuk\/&#187; button_text=&#187;\u0417\u0430\u043a\u0430\u0436\u0438\u0442\u0435 \u0432 \u0441\u0432\u043e\u0439 \u0434\u043e\u043c \u043a\u0443\u0445\u043d\u044e \u043e\u0442 K\u00f6\u00f6giART \u0443\u0436\u0435 \u0441\u0435\u0439\u0447\u0430\u0441.&#187; button_alignment=&#187;center&#187; _builder_version=&#187;4.16&#8243; _module_preset=&#187;default&#187; custom_button=&#187;on&#187; button_text_size=&#187;14px&#187; button_text_color=&#187;#FFFFFF&#187; button_bg_color=&#187;#E51B22&#8243; button_border_width=&#187;0px&#187; button_border_radius=&#187;1px&#187; button_letter_spacing=&#187;0.1em&#187; button_font=&#187;|700||on|||||&#187; button_use_icon=&#187;off&#187; custom_padding=&#187;18px|20%|18px|20%|true|true&#187; global_colors_info=&#187;{}&#187; button_bg_color__hover_enabled=&#187;on|desktop&#187; button_bg_color__hover=&#187;#444444&#8243; button_bg_enable_color__hover=&#187;on&#187;][\/et_pb_button][\/et_pb_column_inner][\/et_pb_row_inner][et_pb_row_inner _builder_version=&#187;4.16&#8243; _module_preset=&#187;default&#187; global_colors_info=&#187;{}&#187;][et_pb_column_inner saved_specialty_column_type=&#187;3_4&#8243; _builder_version=&#187;4.16&#8243; _module_preset=&#187;default&#187; global_colors_info=&#187;{}&#187;][et_pb_image src=&#187;https:\/\/koogiart.ee\/wp-content\/uploads\/2021\/09\/valmistamine945s.jpg&#187; alt=&#187;\u0438\u0437\u0433\u043e\u0442\u043e\u0432\u043b\u0435\u043d\u0438\u0435 \u043a\u0443\u0445\u043e\u043d\u043d\u043e\u0439 \u043c\u0435\u0431\u0435\u043b\u0438&#187; _builder_version=&#187;4.16&#8243; _module_preset=&#187;default&#187; global_colors_info=&#187;{}&#187;][\/et_pb_image][\/et_pb_column_inner][\/et_pb_row_inner][\/et_pb_column][et_pb_column type=&#187;1_4&#8243; _builder_version=&#187;4.16&#8243; custom_padding=&#187;|||&#187; global_colors_info=&#187;{}&#187; custom_padding__hover=&#187;|||&#187;][et_pb_sidebar show_border=&#187;off&#187; _builder_version=&#187;4.16&#8243; _module_preset=&#187;default&#187; global_colors_info=&#187;{}&#187;][\/et_pb_sidebar][\/et_pb_column][\/et_pb_section]<\/p>\n","protected":false},"excerpt":{"rendered":"<p>\u041d\u0430\u0448\u0438 \u043a\u0443\u0445\u043d\u0438 \u0438\u0437\u0433\u043e\u0442\u043e\u0432\u043b\u0435\u043d\u044b \u0441 \u043b\u044e\u0431\u043e\u0432\u044c\u044e. \u041c\u044b \u043b\u044e\u0431\u0438\u043c \u0441\u0432\u043e\u044e \u0440\u0430\u0431\u043e\u0442\u0443. \u041f\u043e\u044d\u0442\u043e\u043c\u0443 \u043a\u0443\u0445\u043e\u043d\u043d\u0430\u044f \u043c\u0435\u0431\u0435\u043b\u044c \u043e\u0442 K\u00f6\u00f6giART \u0431\u0443\u0434\u0435\u0442 \u0440\u0430\u0434\u043e\u0432\u0430\u0442\u044c \u0412\u0430\u0441 \u0434\u043e\u043b\u0433\u0438\u0435 \u0433\u043e\u0434\u044b. \u0412 \u043f\u0440\u043e\u0446\u0435\u0441\u0441\u0435 \u043f\u0440\u043e\u0438\u0437\u0432\u043e\u0434\u0441\u0442\u0432\u0430 \u043c\u0435\u0431\u0435\u043b\u0438 K\u00f6\u00f6giART \u043c\u044b \u0438\u0441\u043f\u043e\u043b\u044c\u0437\u0443\u0435\u043c \u0441\u0430\u043c\u0443\u044e \u043a\u0430\u0447\u0435\u0441\u0442\u0432\u0435\u043d\u043d\u0443\u044e \u0444\u0443\u0440\u043d\u0438\u0442\u0443\u0440\u0443 \u043e\u0442 \u043f\u0440\u043e\u0432\u0435\u0440\u0435\u043d\u043d\u044b\u0445 \u0438 \u043d\u0430\u0434\u0451\u0436\u043d\u044b\u0445 \u043f\u043e\u0441\u0442\u0430\u0432\u0449\u0438\u043a\u043e\u0432. \u0421\u0435\u0440\u0434\u0446\u0435 \u043d\u0430\u0448\u0438\u0445 \u043a\u0443\u0445\u043e\u043d\u044c \u2014 \u0431\u0435\u0437\u0443\u043f\u0440\u0435\u0447\u043d\u044b\u0435 \u043c\u0435\u0445\u0430\u043d\u0438\u0437\u043c\u044b \u043e\u0442 \u043b\u0438\u0434\u0435\u0440\u0430 \u0440\u044b\u043d\u043a\u0430, \u0430\u0432\u0441\u0442\u0440\u0438\u0439\u0441\u043a\u043e\u0439 \u043a\u0430\u043c\u043f\u0430\u043d\u0438\u0438 BLUM. \u0421\u0442\u043e\u043b\u0435\u0448\u043d\u0438\u0446\u0430 \u2013 \u044d\u0442\u043e \u0441\u0430\u043c\u0430\u044f \u0442\u0440\u0435\u0431\u043e\u0432\u0430\u0442\u0435\u043b\u044c\u043d\u0430\u044f \u043a \u043a\u0430\u0447\u0435\u0441\u0442\u0432\u0443 \u043c\u0430\u0442\u0435\u0440\u0438\u0430\u043b\u043e\u0432 \u0447\u0430\u0441\u0442\u044c [&hellip;]<\/p>\n","protected":false},"author":1,"featured_media":0,"parent":0,"menu_order":0,"comment_status":"closed","ping_status":"closed","template":"","meta":{"_et_pb_use_builder":"on","_et_pb_old_content":"[et_pb_section fb_built=\"1\" fullwidth=\"on\" _builder_version=\"4.10.7\" _module_preset=\"default\" global_colors_info=\"{}\"][et_pb_fullwidth_post_title meta=\"off\" featured_image=\"off\" _builder_version=\"4.10.7\" _module_preset=\"default\" title_font_size=\"34px\" background_color=\"#f2f2f2\" text_orientation=\"center\" custom_padding=\"40px||40px||true|false\" global_colors_info=\"{}\"][\/et_pb_fullwidth_post_title][\/et_pb_section][et_pb_section fb_built=\"1\" specialty=\"on\" _builder_version=\"4.10.7\" _module_preset=\"default\" global_colors_info=\"{}\"][et_pb_column type=\"3_4\" specialty_columns=\"3\" _builder_version=\"3.25\" custom_padding=\"|||\" global_colors_info=\"{}\" custom_padding__hover=\"|||\"][et_pb_row_inner _builder_version=\"4.10.7\" _module_preset=\"default\" global_colors_info=\"{}\"][et_pb_column_inner saved_specialty_column_type=\"3_4\" _builder_version=\"4.10.7\" _module_preset=\"default\" global_colors_info=\"{}\"][et_pb_text _builder_version=\"4.10.7\" _module_preset=\"default\" global_colors_info=\"{}\"]Meie k\u00f6\u00f6gid on valmistatud hoolega. Me armastame oma t\u00f6\u00f6d. Seet\u00f5ttu meie m\u00f6\u00f6bel r\u00f5\u00f5mustab teid aastaid.\r\n\r\nK\u00f6\u00f6gim\u00f6\u00f6bli tootmisel kasutame ainult k\u00f5rgeima kvaliteediga tarvikud usaldusv\u00e4\u00e4rsetelt tarnijatelt.\r\n\r\nMeie k\u00f6\u00f6kide s\u00fcdameks on k\u00f5rgekvaliteedilised mehhanismid austria ettev\u00f5telt BLUM.\r\n\r\nT\u00f6\u00f6pind on kvaliteedi ja materjali poolest k\u00f5ige n\u00f5udlikum koht m\u00f6\u00f6blil. Me kasutame firma EGGER t\u00f6\u00f6pindu. EGGER on parim t\u00f6\u00f6pindade pakkuja turul. EGGERi t\u00f6\u00f6tasapinnad on vastupidavad kriimustustele ja k\u00f5rgetele temperatuuridele. Neid on v\u00e4ga kerge puhastada.\r\n\r\nErilist t\u00e4helepanu p\u00f6\u00f6rame k\u00f6\u00f6gim\u00f6\u00f6bli paigaldamisele. Saate t\u00e4ispaketi teenuseid. Lisaks m\u00f6\u00f6bli paigaldamisele teostame k\u00f5ik elektri-, veevarustuse- ja ventialtsiooni\u00fchendused. Andes Teile \u00fcle paigaldatud k\u00f6\u00f6gi, v\u00f5ite valmistada maitsvat \u00f5htus\u00f6\u00f6ki kohe peale paigaldamist, samal p\u00e4eval.[\/et_pb_text][\/et_pb_column_inner][\/et_pb_row_inner][et_pb_row_inner _builder_version=\"4.10.7\" _module_preset=\"default\" global_colors_info=\"{}\"][et_pb_column_inner saved_specialty_column_type=\"3_4\" _builder_version=\"4.10.7\" _module_preset=\"default\" global_colors_info=\"{}\"][et_pb_button button_url=\"https:\/\/koogiart.ee\/tellimine-ja-muuk\/\" button_text=\"Tellige oma k\u00f6\u00f6k juba t\u00e4na!\" button_alignment=\"center\" _builder_version=\"4.10.7\" _module_preset=\"default\" custom_button=\"on\" button_text_size=\"14px\" button_text_color=\"#FFFFFF\" button_bg_color=\"#E51B22\" button_border_width=\"0px\" button_border_radius=\"1px\" button_letter_spacing=\"0.1em\" button_font=\"|700||on|||||\" button_use_icon=\"off\" custom_padding=\"18px|20%|18px|20%|true|true\" hover_enabled=\"0\" global_colors_info=\"{}\" button_bg_color__hover_enabled=\"on|desktop\" button_bg_color__hover=\"#444444\" button_bg_enable_color__hover=\"on\" sticky_enabled=\"0\"][\/et_pb_button][\/et_pb_column_inner][\/et_pb_row_inner][et_pb_row_inner _builder_version=\"4.10.7\" _module_preset=\"default\" global_colors_info=\"{}\"][et_pb_column_inner saved_specialty_column_type=\"3_4\" _builder_version=\"4.10.7\" _module_preset=\"default\" global_colors_info=\"{}\"][et_pb_image src=\"https:\/\/koogiart.ee\/wp-content\/uploads\/2021\/09\/valmistamine945s.jpg\" title_text=\"valmistamine945s\" _builder_version=\"4.10.7\" _module_preset=\"default\" global_colors_info=\"{}\"][\/et_pb_image][\/et_pb_column_inner][\/et_pb_row_inner][\/et_pb_column][et_pb_column type=\"1_4\" _builder_version=\"3.25\" custom_padding=\"|||\" global_colors_info=\"{}\" custom_padding__hover=\"|||\"][et_pb_sidebar show_border=\"off\" _builder_version=\"4.10.7\" _module_preset=\"default\" global_colors_info=\"{}\"][\/et_pb_sidebar][\/et_pb_column][\/et_pb_section]","_et_gb_content_width":"","footnotes":""},"_links":{"self":[{"href":"https:\/\/koogiart.ee\/ru\/wp-json\/wp\/v2\/pages\/4007"}],"collection":[{"href":"https:\/\/koogiart.ee\/ru\/wp-json\/wp\/v2\/pages"}],"about":[{"href":"https:\/\/koogiart.ee\/ru\/wp-json\/wp\/v2\/types\/page"}],"author":[{"embeddable":true,"href":"https:\/\/koogiart.ee\/ru\/wp-json\/wp\/v2\/users\/1"}],"replies":[{"embeddable":true,"href":"https:\/\/koogiart.ee\/ru\/wp-json\/wp\/v2\/comments?post=4007"}],"version-history":[{"count":4,"href":"https:\/\/koogiart.ee\/ru\/wp-json\/wp\/v2\/pages\/4007\/revisions"}],"predecessor-version":[{"id":5077,"href":"https:\/\/koogiart.ee\/ru\/wp-json\/wp\/v2\/pages\/4007\/revisions\/5077"}],"wp:attachment":[{"href":"https:\/\/koogiart.ee\/ru\/wp-json\/wp\/v2\/media?parent=4007"}],"curies":[{"name":"wp","href":"https:\/\/api.w.org\/{rel}","templated":true}]}}