{"id":3988,"date":"2021-10-12T12:24:28","date_gmt":"2021-10-12T09:24:28","guid":{"rendered":"https:\/\/koogiart.ee\/?page_id=3988"},"modified":"2023-01-02T13:58:51","modified_gmt":"2023-01-02T10:58:51","slug":"tellimine-ja-muuk","status":"publish","type":"page","link":"https:\/\/koogiart.ee\/ru\/tellimine-ja-muuk\/","title":{"rendered":"\u0417\u0430\u043a\u0430\u0437 \u0438 \u043f\u0440\u043e\u0434\u0430\u0436\u0430"},"content":{"rendered":"<p>[et_pb_section fb_built=&#187;1&#8243; fullwidth=&#187;on&#187; _builder_version=&#187;4.16&#8243; _module_preset=&#187;default&#187; global_colors_info=&#187;{}&#187;][et_pb_fullwidth_post_title meta=&#187;off&#187; featured_image=&#187;off&#187; _builder_version=&#187;4.16&#8243; _module_preset=&#187;default&#187; title_font_size=&#187;34px&#187; background_color=&#187;#f2f2f2&#8243; text_orientation=&#187;center&#187; custom_padding=&#187;40px||40px||true|false&#187; global_colors_info=&#187;{}&#187;][\/et_pb_fullwidth_post_title][\/et_pb_section][et_pb_section fb_built=&#187;1&#8243; specialty=&#187;on&#187; _builder_version=&#187;4.16&#8243; _module_preset=&#187;default&#187; global_colors_info=&#187;{}&#187;][et_pb_column type=&#187;3_4&#8243; specialty_columns=&#187;3&#8243; _builder_version=&#187;4.16&#8243; custom_padding=&#187;|||&#187; global_colors_info=&#187;{}&#187; custom_padding__hover=&#187;|||&#187;][et_pb_row_inner disabled_on=&#187;on|on|on&#187; _builder_version=&#187;4.18.0&#8243; _module_preset=&#187;default&#187; background_enable_image=&#187;off&#187; background_position=&#187;top_center&#187; background_vertical_offset=&#187;8%&#187; global_colors_info=&#187;{}&#187; disabled=&#187;on&#187;][et_pb_column_inner saved_specialty_column_type=&#187;3_4&#8243; _builder_version=&#187;4.17.6&#8243; _module_preset=&#187;default&#187; global_colors_info=&#187;{}&#187;][et_pb_text _builder_version=&#187;4.18.0&#8243; _module_preset=&#187;default&#187; text_font_size=&#187;18px&#187; header_2_font=&#187;|||on|||||&#187; text_orientation=&#187;center&#187; global_colors_info=&#187;{}&#187;]<\/p>\n<h2>\u0420\u041e\u0416\u0414\u0415\u0421\u0422\u0412\u0415\u041d\u0421\u041a\u0410\u042f \u0410\u041a\u0426\u0418\u042f!<\/h2>\n<p>\u0417\u0430\u043a\u0430\u0436\u0438\u0442\u0435 \u0443 \u043d\u0430\u0441 \u043d\u043e\u0432\u0443\u044e \u043a\u0430\u0447\u0435\u0441\u0442\u0432\u0435\u043d\u043d\u0443\u044e \u043a\u0443\u0445\u043e\u043d\u043d\u0443\u044e \u043c\u0435\u0431\u0435\u043b\u044c \u0432 \u044d\u0442\u043e\u043c \u0433\u043e\u0434\u0443 \u0438 \u043f\u043e\u043b\u0443\u0447\u0438\u0442\u0435 \u0441\u0442\u0438\u043b\u044c\u043d\u044b\u0439 \u043d\u0430\u0431\u043e\u0440 \u043a\u0443\u0445\u043e\u043d\u043d\u043e\u0439 \u0442\u0435\u0445\u043d\u0438\u043a\u0438 Alessi Plisse \u0432 \u043f\u043e\u0434\u0430\u0440\u043e\u043a \u043a \u0420\u043e\u0436\u0434\u0435\u0441\u0442\u0432\u0443!<\/p>\n<p>\u0412 \u043d\u0430\u0431\u043e\u0440 \u0432\u0445\u043e\u0434\u044f\u0442 \u0442\u043e\u0441\u0442\u0435\u0440 \u0438 \u0447\u0430\u0439\u043d\u0438\u043a.<\/p>\n<p>\u0412\u044b\u0431\u0435\u0440\u0438\u0442\u0435 \u0446\u0432\u0435\u0442\u0430 \u0437\u0434\u0435\u0441\u044c: <a href=\"https:\/\/lartusihome.com\/et\/pood\/kook\/koogitehnika\/?_collections=plisse\" target=\"_blank\" rel=\"nofollow noopener\">https:\/\/lartusihome.com\/<\/a><\/p>\n<p>[\/et_pb_text][et_pb_image src=&#187;https:\/\/koogiart.ee\/wp-content\/uploads\/2022\/10\/jo\u0303ulukampaania.jpg&#187; title_text=&#187;jo\u0303ulukampaania&#187; _builder_version=&#187;4.18.0&#8243; _module_preset=&#187;default&#187; max_width=&#187;80%&#187; module_alignment=&#187;center&#187; global_colors_info=&#187;{}&#187;][\/et_pb_image][\/et_pb_column_inner][\/et_pb_row_inner][et_pb_row_inner _builder_version=&#187;4.16&#8243; _module_preset=&#187;default&#187; custom_padding=&#187;||0px||false|false&#187; global_colors_info=&#187;{}&#187;][et_pb_column_inner saved_specialty_column_type=&#187;3_4&#8243; _builder_version=&#187;4.16&#8243; _module_preset=&#187;default&#187; global_colors_info=&#187;{}&#187;][dvppl_cf7_styler use_form_header=&#187;on&#187; form_header_title=&#187;\u0417\u0430\u043f\u0440\u043e\u0441 \u043d\u0430 \u0446\u0435\u043d\u043e\u0432\u043e\u0435 \u043f\u0440\u0435\u0434\u043b\u043e\u0436\u0435\u043d\u0438\u0435&#187; form_header_padding=&#187;0px|0px|30px|0px|false|false&#187; cf7=&#187;688&#8243; form_background_color=&#187;rgba(0,0,0,0.015)&#187; cr_custom_styles=&#187;on&#187; cr_size=&#187;15px&#187; cr_selected_color=&#187;#E51B22&#8243; cr_border_color=&#187;#E51B22&#8243; cr_border_size=&#187;2px&#187; _builder_version=&#187;4.16&#8243; _module_preset=&#187;default&#187; custom_submit_button=&#187;on&#187; submit_button_text_size=&#187;12px&#187; submit_button_text_color=&#187;#FFFFFF&#187; submit_button_bg_color=&#187;#E51B22&#8243; submit_button_border_width=&#187;0px&#187; submit_button_border_radius=&#187;0px&#187; submit_button_letter_spacing=&#187;0.1em&#187; submit_button_font=&#187;|700||on|||||&#187; submit_button_custom_padding=&#187;14px|34px|14px|34px|true|true&#187; border_width_all_field=&#187;2px&#187; border_color_all_field=&#187;rgba(0,0,0,0.04)&#187; global_colors_info=&#187;{}&#187; submit_button_bg_color__hover_enabled=&#187;on|desktop&#187; submit_button_bg_color__hover=&#187;#444444&#8243; submit_button_bg_enable_color__hover=&#187;on&#187;][\/dvppl_cf7_styler][\/et_pb_column_inner][\/et_pb_row_inner][et_pb_row_inner _builder_version=&#187;4.16&#8243; _module_preset=&#187;default&#187; custom_padding=&#187;0px||||false|false&#187; global_colors_info=&#187;{}&#187;][et_pb_column_inner saved_specialty_column_type=&#187;3_4&#8243; _builder_version=&#187;4.16&#8243; _module_preset=&#187;default&#187; global_colors_info=&#187;{}&#187;][et_pb_text _builder_version=&#187;4.16&#8243; _module_preset=&#187;default&#187; global_colors_info=&#187;{}&#187;]\u0412 K\u00f6\u00f6giART \u0446\u0435\u043d\u044f\u0442 \u0412\u0430\u0448\u0435 \u0432\u0440\u0435\u043c\u044f. \u041c\u044b \u043f\u043e\u0441\u0442\u0430\u0440\u0430\u043b\u0438\u0441\u044c \u0441\u0434\u0435\u043b\u0430\u0442\u044c \u043f\u0440\u043e\u0446\u0435\u0441\u0441 \u0437\u0430\u043a\u0430\u0437\u0430 \u043a\u0443\u0445\u043e\u043d\u043d\u043e\u0439 \u043c\u0435\u0431\u0435\u043b\u0438 \u043c\u0430\u043a\u0441\u0438\u043c\u0430\u043b\u044c\u043d\u043e \u0443\u0434\u043e\u0431\u043d\u044b\u043c, \u0431\u044b\u0441\u0442\u0440\u044b\u043c \u0438 \u043f\u0440\u043e\u0441\u0442\u044b\u043c.<\/p>\n<p>\u0415\u0441\u043b\u0438 \u0412\u044b \u0445\u043e\u0442\u0438\u0442\u0435 \u043f\u0440\u043e\u0441\u0442\u043e \u043f\u043e\u043b\u0443\u0447\u0438\u0442\u044c \u0446\u0435\u043d\u043e\u0432\u043e\u0435 \u043f\u0440\u0435\u0434\u043b\u043e\u0436\u0435\u043d\u0438\u0435 \u0434\u043b\u044f \u0441\u0440\u0430\u0432\u043d\u0435\u043d\u0438\u044f \u0441 \u043f\u0440\u0435\u0434\u043b\u043e\u0436\u0435\u043d\u0438\u044f\u043c\u0438 \u043a\u043e\u043d\u043a\u0443\u0440\u0435\u043d\u0442\u043e\u0432, \u0443 \u0412\u0430\u0441 \u043d\u0435\u0442 \u043d\u0435\u043e\u0431\u0445\u043e\u0434\u0438\u043c\u043e\u0441\u0442\u0438 \u0441\u0440\u0430\u0437\u0443 \u0435\u0445\u0430\u0442\u044c \u043d\u0430 \u043d\u0430\u0448\u0435 \u043f\u0440\u043e\u0438\u0437\u0432\u043e\u0434\u0441\u0442\u0432\u043e. \u041c\u044b \u043e\u0442\u043f\u0440\u0430\u0432\u0438\u043c \u0432\u0430\u043c \u043f\u0440\u0435\u0434\u043b\u043e\u0436\u0435\u043d\u0438\u0435 \u043f\u043e \u044d\u043b\u0435\u043a\u0442\u0440\u043e\u043d\u043d\u043e\u0439 \u043f\u043e\u0447\u0442\u0435. \u0415\u0441\u043b\u0438 \u0432\u0430\u0441 \u0437\u0430\u0438\u043d\u0442\u0435\u0440\u0435\u0441\u043e\u0432\u0430\u043b\u043e \u043f\u0440\u0435\u0434\u043b\u043e\u0436\u0435\u043d\u0438\u0435 \u0438 \u0432\u044b \u043f\u0440\u0438\u0448\u043b\u0438 \u043d\u0430 \u0432\u0441\u0442\u0440\u0435\u0447\u0443, \u043c\u044b \u0442\u0430\u043a\u0436\u0435 \u0441\u0434\u0435\u043b\u0430\u0435\u043c 3D \u0438\u0437\u043e\u0431\u0440\u0430\u0436\u0435\u043d\u0438\u0435 \u043f\u0440\u043e\u0435\u043a\u0442\u0430. <\/p>\n<p>\u041b\u0438\u0447\u043d\u0430\u044f \u0432\u0441\u0442\u0440\u0435\u0447\u0430 \u043d\u0430 \u043d\u0430\u0448\u0435\u043c \u043f\u0440\u043e\u0438\u0437\u0432\u043e\u0434\u0441\u0442\u0432\u0435 \u043d\u0435\u043e\u0431\u0445\u043e\u0434\u0438\u043c\u0430 \u0432 \u0441\u043b\u0443\u0447\u0430\u0435 \u0432\u044b\u0431\u043e\u0440\u0430 \u043c\u0430\u0442\u0435\u0440\u0438\u0430\u043b\u043e\u0432, \u0443\u0442\u0432\u0435\u0440\u0436\u0434\u0435\u043d\u0438\u044f \u043f\u0440\u043e\u0435\u043a\u0442\u0430 \u0438 \u0437\u0430\u043a\u043b\u044e\u0447\u0435\u043d\u0438\u044f \u0434\u043e\u0433\u043e\u0432\u043e\u0440\u0430. [\/et_pb_text][\/et_pb_column_inner][\/et_pb_row_inner][et_pb_row_inner _builder_version=&#187;4.16&#8243; _module_preset=&#187;default&#187; global_colors_info=&#187;{}&#187;][et_pb_column_inner saved_specialty_column_type=&#187;3_4&#8243; _builder_version=&#187;4.16&#8243; _module_preset=&#187;default&#187; global_colors_info=&#187;{}&#187;][et_pb_image src=&#187;https:\/\/koogiart.ee\/wp-content\/uploads\/2021\/10\/muuk945x220.jpg&#187; alt=&#187;\u043f\u0440\u043e\u0434\u0430\u0436\u0430 \u043a\u0443\u0445\u043e\u043d\u043d\u043e\u0439 \u043c\u0435\u0431\u0435\u043b\u0438&#187; _builder_version=&#187;4.16&#8243; _module_preset=&#187;default&#187; global_colors_info=&#187;{}&#187;][\/et_pb_image][\/et_pb_column_inner][\/et_pb_row_inner][et_pb_row_inner _builder_version=&#187;4.16&#8243; _module_preset=&#187;default&#187; global_colors_info=&#187;{}&#187;][et_pb_column_inner saved_specialty_column_type=&#187;3_4&#8243; _builder_version=&#187;4.16&#8243; _module_preset=&#187;default&#187; global_colors_info=&#187;{}&#187;][et_pb_text _builder_version=&#187;4.16&#8243; _module_preset=&#187;default&#187; text_orientation=&#187;center&#187; global_colors_info=&#187;{}&#187;]<\/p>\n<h2>\u0417\u0430\u043a\u0430\u0437 \u0438 \u043f\u0440\u043e\u0434\u0430\u0436\u0430 \u043a\u0443\u0445\u043e\u043d\u043d\u043e\u0439 \u043c\u0435\u0431\u0435\u043b\u0438<\/h2>\n<p>[\/et_pb_text][\/et_pb_column_inner][\/et_pb_row_inner][et_pb_row_inner column_structure=&#187;1_2,1_2&#8243; _builder_version=&#187;4.16&#8243; _module_preset=&#187;default&#187; global_colors_info=&#187;{}&#187;][et_pb_column_inner type=&#187;1_2&#8243; saved_specialty_column_type=&#187;3_4&#8243; _builder_version=&#187;4.16&#8243; _module_preset=&#187;default&#187; global_colors_info=&#187;{}&#187;][et_pb_text _builder_version=&#187;4.16&#8243; _module_preset=&#187;default&#187; global_colors_info=&#187;{}&#187;]<\/p>\n<h2>\u0421 \u0447\u0435\u0433\u043e \u043d\u0430\u0447\u0430\u0442\u044c?<\/h2>\n<p>\u041c\u044b \u0441\u0434\u0435\u043b\u0430\u0435\u043c \u0412\u0430\u043c \u0446\u0435\u043d\u043e\u0432\u043e\u0435 \u043f\u0440\u0435\u0434\u043b\u043e\u0436\u0435\u043d\u0438\u0435 \u0438\u0441\u0445\u043e\u0434\u044f \u0438\u0437 \u043f\u043b\u0430\u043d\u0430 \u0434\u043e\u043c\u0430 \u0438\u043b\u0438 \u043a\u0432\u0430\u0440\u0442\u0438\u0440\u044b, \u043a\u043e\u0442\u043e\u0440\u044b\u0439 \u0412\u044b \u043f\u043e\u043b\u0443\u0447\u0438\u043b\u0438 \u043e\u0442 \u0437\u0430\u0441\u0442\u0440\u043e\u0439\u0449\u0438\u043a\u0430.<\/p>\n<p>\u0415\u0441\u043b\u0438 \u0443 \u0412\u0430\u0441 \u043d\u0435\u0442 \u043f\u043b\u0430\u043d\u0430 \u043f\u043e\u043c\u0435\u0449\u0435\u043d\u0438\u044f, \u0412\u044b \u043c\u043e\u0436\u0435\u0442\u0435 \u0441\u0434\u0435\u043b\u0430\u0442\u044c \u0435\u0433\u043e \u0441\u0430\u043c\u0438 \u043d\u0430 \u0431\u0443\u043c\u0430\u0433\u0435 \u0438\u043b\u0438 \u043d\u0430 \u043a\u043e\u043c\u043f\u044c\u044e\u0442\u0435\u0440\u0435.<\/p>\n<ul>\n<li>\u0423\u043a\u0430\u0436\u0438\u0442\u0435 \u043d\u0430 \u043f\u043b\u0430\u043d\u0435 \u0440\u0430\u0441\u043f\u043e\u043b\u043e\u0436\u0435\u043d\u0438\u0435 \u0441\u0442\u0435\u043d \u0438 \u0440\u0430\u0437\u043c\u0435\u0440\u044b \u043f\u043e\u043c\u0435\u0449\u0435\u043d\u0438\u044f.<\/li>\n<li>\u0422\u0430\u043a\u0436\u0435 \u043e\u0442\u043c\u0435\u0442\u044c\u0442\u0435 \u043d\u0430 \u043f\u043b\u0430\u043d\u0435 \u0440\u0430\u0441\u043f\u043e\u043b\u043e\u0436\u0435\u043d\u0438\u0435 \u0432\u043e\u0434\u044f\u043d\u044b\u0445 \u0442\u0440\u0443\u0431, \u043a\u0430\u043d\u0430\u043b\u0438\u0437\u0430\u0446\u0438\u0438, \u0432\u0435\u043d\u0442\u0438\u043b\u044f\u0446\u0438\u0438, \u0440\u0430\u0434\u0438\u0430\u0442\u043e\u0440\u043e\u0432, \u043e\u043a\u043e\u043d, \u0434\u0432\u0435\u0440\u0435\u0439, \u043f\u043e\u0434\u043e\u043a\u043e\u043d\u043d\u0438\u043a\u043e\u0432 \u0438 \u0442.\u0434.<\/li>\n<li>\u041f\u0440\u0438\u043a\u0440\u0435\u043f\u0438\u0442\u0435 \u0444\u0430\u0439\u043b \u0441 \u043f\u043b\u0430\u043d\u043e\u043c \u043f\u043e\u043c\u0435\u0449\u0435\u043d\u0438\u044f \u043f\u0440\u0438 \u0437\u0430\u043f\u043e\u043b\u043d\u0435\u043d\u0438\u0438 \u043a\u043e\u043d\u0442\u0430\u043a\u0442\u043d\u043e\u0439 \u0444\u043e\u0440\u043c\u044b \u043d\u0438\u0436\u0435, \u0434\u043e\u043f\u043e\u043b\u043d\u0438\u0442\u0435 \u043f\u043e\u044f\u0441\u043d\u0435\u043d\u0438\u044f\u043c\u0438 \u043f\u0440\u0438 \u043d\u0435\u043e\u0431\u0445\u043e\u0434\u0438\u043c\u043e\u0441\u0442\u0438, \u0438\u043b\u0438 \u0434\u043e\u0433\u043e\u0432\u043e\u0440\u0438\u0442\u0435\u0441\u044c \u043e \u043b\u0438\u0447\u043d\u043e\u0439 \u0432\u0441\u0442\u0440\u0435\u0447\u0435 \u043d\u0430 \u043d\u0430\u0448\u0435\u043c \u043f\u0440\u043e\u0438\u0437\u0432\u043e\u0434\u0441\u0442\u0432\u0435.<\/li>\n<li>\u0422\u043e\u0447\u043d\u044b\u0435 \u0440\u0430\u0437\u043c\u0435\u0440\u044b \u043f\u043e\u043c\u0435\u0449\u0435\u043d\u0438\u044f \u043c\u044b \u0441\u043d\u0438\u043c\u0435\u043c \u0441\u0430\u043c\u0438 \u043f\u043e\u0441\u043b\u0435 \u043e\u0444\u043e\u0440\u043c\u043b\u0435\u043d\u0438\u044f \u0437\u0430\u043a\u0430\u0437\u0430.<\/li>\n<\/ul>\n<p>[\/et_pb_text][\/et_pb_column_inner][et_pb_column_inner type=&#187;1_2&#8243; saved_specialty_column_type=&#187;3_4&#8243; _builder_version=&#187;4.16&#8243; _module_preset=&#187;default&#187; global_colors_info=&#187;{}&#187;][et_pb_text _builder_version=&#187;4.16&#8243; _module_preset=&#187;default&#187; global_colors_info=&#187;{}&#187;]<\/p>\n<h3>\u041e\u043f\u043b\u0430\u0442\u0430<\/h3>\n<p>\u0412 \u0441\u043b\u0443\u0447\u0430\u0435 \u043e\u0444\u043e\u0440\u043c\u043b\u0435\u043d\u0438\u044f \u0437\u0430\u043a\u0430\u0437\u0430 \u0432 \u043a\u0430\u0447\u0435\u0441\u0442\u0432\u0435 \u043f\u0440\u0435\u0434\u043e\u043f\u043b\u0430\u0442\u044b \u0432\u043d\u043e\u0441\u0438\u0442\u0441\u044f 50% \u043e\u0442 \u043e\u0431\u0449\u0435\u0439 \u0441\u0442\u043e\u0438\u043c\u043e\u0441\u0442\u0438 \u043c\u0435\u0431\u0435\u043b\u0438. \u041e\u0441\u0442\u0430\u0432\u0448\u0438\u0435\u0441\u044f 50% \u0441\u043b\u0435\u0434\u0443\u0435\u0442 \u043e\u043f\u043b\u0430\u0442\u0438\u0442\u044c \u0434\u043e \u043d\u0430\u0447\u0430\u043b\u0430 \u0443\u0441\u0442\u0430\u043d\u043e\u0432\u043a\u0438 \u043c\u0435\u0431\u0435\u043b\u0438 (\u0435\u0441\u043b\u0438 \u043d\u0435 \u043e\u0433\u043e\u0432\u043e\u0440\u0435\u043d\u043e \u0434\u0440\u0443\u0433\u043e\u0435). \u0415\u0441\u043b\u0438 \u043c\u0435\u0431\u0435\u043b\u044c \u043d\u0435 \u043d\u0443\u0436\u0434\u0430\u0435\u0442\u0441\u044f \u0432 \u0443\u0441\u0442\u0430\u043d\u043e\u0432\u043a\u0435, \u0442\u043e \u043e\u0441\u0442\u0430\u0432\u0448\u0443\u044e\u0441\u044f \u0447\u0430\u0441\u0442\u044c \u0441\u043b\u0435\u0434\u0443\u0435\u0442 \u0432\u043d\u0435\u0441\u0442\u0438 \u0434\u043e \u043f\u0435\u0440\u0435\u0434\u0430\u0447\u0438 \u0438\u043b\u0438 \u0432 \u043c\u043e\u043c\u0435\u043d\u0442 \u043f\u0435\u0440\u0435\u0434\u0430\u0447\u0438 \u043c\u0435\u0431\u0435\u043b\u0438 \u0437\u0430\u043a\u0430\u0437\u0447\u0438\u043a\u0443.<\/p>\n<h3>\u0413\u0430\u0440\u0430\u043d\u0442\u0438\u044f<\/h3>\n<p>\u041d\u0430 \u043d\u0430\u0448\u0443 \u043c\u0435\u0431\u0435\u043b\u044c \u0434\u0435\u0439\u0441\u0442\u0432\u0443\u0435\u0442 \u0433\u0430\u0440\u0430\u043d\u0442\u0438\u044f \u0441\u0440\u043e\u043a\u043e\u043c 2 \u0433\u043e\u0434\u0430 \u0441 \u043c\u043e\u043c\u0435\u043d\u0442\u0430 \u0443\u0441\u0442\u0430\u043d\u043e\u0432\u043a\u0438 \u0438\u043b\u0438 \u043f\u0435\u0440\u0435\u0434\u0430\u0447\u0438. [\/et_pb_text][\/et_pb_column_inner][\/et_pb_row_inner][\/et_pb_column][et_pb_column type=&#187;1_4&#8243; _builder_version=&#187;4.16&#8243; custom_padding=&#187;|||&#187; global_colors_info=&#187;{}&#187; custom_padding__hover=&#187;|||&#187;][et_pb_sidebar show_border=&#187;off&#187; _builder_version=&#187;4.16&#8243; _module_preset=&#187;default&#187; global_colors_info=&#187;{}&#187;][\/et_pb_sidebar][\/et_pb_column][\/et_pb_section]<\/p>\n","protected":false},"excerpt":{"rendered":"<p>\u0420\u041e\u0416\u0414\u0415\u0421\u0422\u0412\u0415\u041d\u0421\u041a\u0410\u042f \u0410\u041a\u0426\u0418\u042f! \u0417\u0430\u043a\u0430\u0436\u0438\u0442\u0435 \u0443 \u043d\u0430\u0441 \u043d\u043e\u0432\u0443\u044e \u043a\u0430\u0447\u0435\u0441\u0442\u0432\u0435\u043d\u043d\u0443\u044e \u043a\u0443\u0445\u043e\u043d\u043d\u0443\u044e \u043c\u0435\u0431\u0435\u043b\u044c \u0432 \u044d\u0442\u043e\u043c \u0433\u043e\u0434\u0443 \u0438 \u043f\u043e\u043b\u0443\u0447\u0438\u0442\u0435 \u0441\u0442\u0438\u043b\u044c\u043d\u044b\u0439 \u043d\u0430\u0431\u043e\u0440 \u043a\u0443\u0445\u043e\u043d\u043d\u043e\u0439 \u0442\u0435\u0445\u043d\u0438\u043a\u0438 Alessi Plisse \u0432 \u043f\u043e\u0434\u0430\u0440\u043e\u043a \u043a \u0420\u043e\u0436\u0434\u0435\u0441\u0442\u0432\u0443! \u0412 \u043d\u0430\u0431\u043e\u0440 \u0432\u0445\u043e\u0434\u044f\u0442 \u0442\u043e\u0441\u0442\u0435\u0440 \u0438 \u0447\u0430\u0439\u043d\u0438\u043a. \u0412\u044b\u0431\u0435\u0440\u0438\u0442\u0435 \u0446\u0432\u0435\u0442\u0430 \u0437\u0434\u0435\u0441\u044c: https:\/\/lartusihome.com\/<div class=\"et_pb_module dvppl_cf7_styler dvppl_cf7_styler_0\">\n\t\t\t\t\n\t\t\t\t\n\t\t\t\t\n\t\t\t\t\n\t\t\t\t\n\t\t\t\t\n\t\t\t\t<div class=\"et_pb_module_inner\">\n\t\t\t\t\t<div class=\"dipe-cf7-container dipe-cf7-button-left\">\n\t\t\t\t\n\t\t\t\t<div class=\"dipe-cf7 dipe-cf7-styler \">\n\t\t\t\t\t<p class=\"wpcf7-contact-form-not-found\"><strong>\u041e\u0448\u0438\u0431\u043a\u0430:<\/strong> \u041a\u043e\u043d\u0442\u0430\u043a\u0442\u043d\u0430\u044f \u0444\u043e\u0440\u043c\u0430 \u043d\u0435 \u043d\u0430\u0439\u0434\u0435\u043d\u0430.<\/p>\n\t\t\t\t<\/div>\n\t\t\t<\/div>\n\t\t\t\t<\/div>\n\t\t\t<\/div><\/p>\n","protected":false},"author":1,"featured_media":0,"parent":0,"menu_order":0,"comment_status":"closed","ping_status":"closed","template":"","meta":{"_et_pb_use_builder":"on","_et_pb_old_content":"[et_pb_section fb_built=\"1\" fullwidth=\"on\" _builder_version=\"4.10.7\" _module_preset=\"default\" global_colors_info=\"{}\"][et_pb_fullwidth_post_title meta=\"off\" featured_image=\"off\" _builder_version=\"4.10.7\" _module_preset=\"default\" title_font_size=\"34px\" background_color=\"#f2f2f2\" text_orientation=\"center\" custom_padding=\"40px||40px||true|false\" global_colors_info=\"{}\"][\/et_pb_fullwidth_post_title][\/et_pb_section][et_pb_section fb_built=\"1\" specialty=\"on\" _builder_version=\"4.10.7\" _module_preset=\"default\" global_colors_info=\"{}\"][et_pb_column type=\"3_4\" specialty_columns=\"3\" _builder_version=\"3.25\" custom_padding=\"|||\" global_colors_info=\"{}\" custom_padding__hover=\"|||\"][et_pb_row_inner _builder_version=\"4.10.7\" _module_preset=\"default\" hover_enabled=\"0\" global_colors_info=\"{}\" custom_padding=\"||0px||false|false\" sticky_enabled=\"0\"][et_pb_column_inner saved_specialty_column_type=\"3_4\" _builder_version=\"4.10.7\" _module_preset=\"default\" global_colors_info=\"{}\"][dvppl_cf7_styler use_form_header=\"on\" form_header_title=\"Hinnap\u00e4ring\" form_header_padding=\"0px|0px|30px|0px|false|false\" cf7=\"691\" form_background_color=\"rgba(0,0,0,0.015)\" cr_custom_styles=\"on\" cr_size=\"15px\" cr_selected_color=\"#E51B22\" cr_border_color=\"#E51B22\" cr_border_size=\"2px\" _builder_version=\"4.10.7\" _module_preset=\"default\" custom_submit_button=\"on\" submit_button_text_size=\"12px\" submit_button_text_color=\"#FFFFFF\" submit_button_bg_color=\"#E51B22\" submit_button_border_width=\"0px\" submit_button_border_radius=\"0px\" submit_button_letter_spacing=\"0.1em\" submit_button_font=\"|700||on|||||\" submit_button_custom_padding=\"14px|34px|14px|34px|true|true\" border_width_all_field=\"2px\" border_color_all_field=\"rgba(0,0,0,0.04)\" global_colors_info=\"{}\" submit_button_bg_color__hover_enabled=\"on|desktop\" submit_button_bg_color__hover=\"#444444\" submit_button_bg_enable_color__hover=\"on\"][\/dvppl_cf7_styler][\/et_pb_column_inner][\/et_pb_row_inner][et_pb_row_inner _builder_version=\"4.10.7\" _module_preset=\"default\" hover_enabled=\"0\" global_colors_info=\"{}\" custom_padding=\"0px||||false|false\" sticky_enabled=\"0\"][et_pb_column_inner saved_specialty_column_type=\"3_4\" _builder_version=\"4.10.7\" _module_preset=\"default\" global_colors_info=\"{}\"][et_pb_text _builder_version=\"4.10.7\" _module_preset=\"default\" global_colors_info=\"{}\"]Meie hindame Teie aega. P\u00fc\u00fcdsime teha k\u00f6\u00f6gi tellimise protsessi v\u00f5imalikult mugavaks, kiireks ja lihtsaks.\r\n\r\nKui soovite saada hinnapakkumist, ei pea Te ilmtingimata tulema meie ettev\u00f5ttesse. Me saadame Teile hinnapakkumise e-mailile. Kui olete pakkumisest huvitatud ja tulete kohtumisele, teeme projektist ka 3D pildi.\r\n\r\nIsiklikult kohtumine on vajalik juhul, kui soovite t\u00e4psustada ja arutleda projekti, tutvuda materjali ja furnituuriga, s\u00f5lmida leping. [\/et_pb_text][\/et_pb_column_inner][\/et_pb_row_inner][et_pb_row_inner _builder_version=\"4.10.7\" _module_preset=\"default\" global_colors_info=\"{}\"][et_pb_column_inner saved_specialty_column_type=\"3_4\" _builder_version=\"4.10.7\" _module_preset=\"default\" global_colors_info=\"{}\"][et_pb_image src=\"https:\/\/koogiart.ee\/wp-content\/uploads\/2021\/10\/muuk945x220.jpg\" title_text=\"muuk945x220\" _builder_version=\"4.10.7\" _module_preset=\"default\" global_colors_info=\"{}\"][\/et_pb_image][\/et_pb_column_inner][\/et_pb_row_inner][et_pb_row_inner column_structure=\"1_2,1_2\" _builder_version=\"4.10.7\" _module_preset=\"default\" global_colors_info=\"{}\"][et_pb_column_inner type=\"1_2\" saved_specialty_column_type=\"3_4\" _builder_version=\"4.10.7\" _module_preset=\"default\" global_colors_info=\"{}\"][et_pb_text _builder_version=\"4.10.7\" _module_preset=\"default\" global_colors_info=\"{}\"]<h2>Millest alustada?<\/h2>\r\nTeeme Teile hinnapakkumise ja 3D projekti vastavalt teie kodu projektile, mille olete saanud ehitajalt.\r\n\r\nKui Teil puudub plaan, saate seda ise teha paberil v\u00f5i arvutis.\r\n\r\n<ul>\r\n<li>Plaanile m\u00e4rgitakse seinte asukoht ja m\u00f5\u00f5tmed.<\/li>\r\n<li>Samuti m\u00e4rkige plaanile veetorud, kanalisatsioon, ventilatsioon, radiaatorid, aknad, uksed, aknalauad jne.<\/li>\r\n<li>Lisa k\u00f6\u00f6giplaan p\u00e4ringuvormile v\u00f5i lepime kokku isikliku kohtumise meie ettev\u00f5ttes.<\/li>\r\nT\u00e4psed m\u00f5\u00f5tmed v\u00f5tame juba ise peale tellimuse kinnitamist.<\/li>\r\n<\/ul>[\/et_pb_text][\/et_pb_column_inner][et_pb_column_inner type=\"1_2\" saved_specialty_column_type=\"3_4\" _builder_version=\"4.10.7\" _module_preset=\"default\" global_colors_info=\"{}\"][et_pb_text _builder_version=\"4.10.7\" _module_preset=\"default\" global_colors_info=\"{}\"]<h3>Makseviis<\/h3>\r\nEttemaksu tingimus 50% ulatuses k\u00f6\u00f6gim\u00f6\u00f6bli kogumaksumusest.\r\n\u00dclej\u00e4\u00e4nud 50% tuleb maksta enne m\u00f6\u00f6bli paigaldamist (kui pole m\u00e4rgitud teisiti). Kui tellimuses on m\u00f6\u00f6bel ilma paigalduseta, siis tuleb \u00fclej\u00e4\u00e4nud 50% maksta m\u00f6\u00f6bli \u00fcleandmisel.\r\n\r\n<h3>Garantii<\/h3>\r\nMeie m\u00f6\u00f6blil on garantii 2 aastat alates paigaldamisest v\u00f5i \u00fcleandmisest. [\/et_pb_text][\/et_pb_column_inner][\/et_pb_row_inner][\/et_pb_column][et_pb_column type=\"1_4\" _builder_version=\"3.25\" custom_padding=\"|||\" global_colors_info=\"{}\" custom_padding__hover=\"|||\"][et_pb_sidebar show_border=\"off\" _builder_version=\"4.10.7\" _module_preset=\"default\" global_colors_info=\"{}\"][\/et_pb_sidebar][\/et_pb_column][\/et_pb_section]","_et_gb_content_width":"","footnotes":""},"_links":{"self":[{"href":"https:\/\/koogiart.ee\/ru\/wp-json\/wp\/v2\/pages\/3988"}],"collection":[{"href":"https:\/\/koogiart.ee\/ru\/wp-json\/wp\/v2\/pages"}],"about":[{"href":"https:\/\/koogiart.ee\/ru\/wp-json\/wp\/v2\/types\/page"}],"author":[{"embeddable":true,"href":"https:\/\/koogiart.ee\/ru\/wp-json\/wp\/v2\/users\/1"}],"replies":[{"embeddable":true,"href":"https:\/\/koogiart.ee\/ru\/wp-json\/wp\/v2\/comments?post=3988"}],"version-history":[{"count":5,"href":"https:\/\/koogiart.ee\/ru\/wp-json\/wp\/v2\/pages\/3988\/revisions"}],"predecessor-version":[{"id":5108,"href":"https:\/\/koogiart.ee\/ru\/wp-json\/wp\/v2\/pages\/3988\/revisions\/5108"}],"wp:attachment":[{"href":"https:\/\/koogiart.ee\/ru\/wp-json\/wp\/v2\/media?parent=3988"}],"curies":[{"name":"wp","href":"https:\/\/api.w.org\/{rel}","templated":true}]}}