{"id":3973,"date":"2021-10-12T12:15:28","date_gmt":"2021-10-12T09:15:28","guid":{"rendered":"https:\/\/koogiart.ee\/?page_id=3973"},"modified":"2022-10-12T12:38:06","modified_gmt":"2022-10-12T09:38:06","slug":"tagasiside","status":"publish","type":"page","link":"https:\/\/koogiart.ee\/ru\/tagasiside\/","title":{"rendered":"\u041e\u0442\u0437\u044b\u0432\u044b"},"content":{"rendered":"<p>[et_pb_section fb_built=&#187;1&#8243; fullwidth=&#187;on&#187; _builder_version=&#187;4.16&#8243; _module_preset=&#187;default&#187; global_colors_info=&#187;{}&#187;][et_pb_fullwidth_post_title meta=&#187;off&#187; featured_image=&#187;off&#187; _builder_version=&#187;4.16&#8243; _module_preset=&#187;default&#187; title_font_size=&#187;34px&#187; background_color=&#187;#f2f2f2&#8243; text_orientation=&#187;center&#187; custom_padding=&#187;40px||40px||true|false&#187; global_colors_info=&#187;{}&#187;][\/et_pb_fullwidth_post_title][\/et_pb_section][et_pb_section fb_built=&#187;1&#8243; _builder_version=&#187;4.16&#8243; _module_preset=&#187;default&#187; global_colors_info=&#187;{}&#187;][et_pb_row column_structure=&#187;1_2,1_2&#8243; _builder_version=&#187;4.16&#8243; _module_preset=&#187;default&#187; global_colors_info=&#187;{}&#187;][et_pb_column type=&#187;1_2&#8243; _builder_version=&#187;4.16&#8243; _module_preset=&#187;default&#187; global_colors_info=&#187;{}&#187;][et_pb_testimonial author=&#187;Elena&#187; job_title=&#187;\u041a\u043b\u0438\u0435\u043d\u0442 K\u00f6\u00f6giART&#187; portrait_url=&#187;https:\/\/koogiart.ee\/wp-content\/uploads\/2021\/10\/happy.png&#187; admin_label=&#187;Elena&#187; _builder_version=&#187;4.17.6&#8243; _module_preset=&#187;default&#187; hover_enabled=&#187;0&#8243; global_colors_info=&#187;{}&#187; sticky_enabled=&#187;0&#8243; title_text=&#187;happy&#187;]\u041e\u0442\u043b\u0438\u0447\u043d\u044b\u0439 \u0432\u044b\u0431\u043e\u0440 \u043a\u0430\u0447\u0435\u0441\u0442\u0432\u0435\u043d\u043d\u044b\u0445 \u043c\u0430\u0442\u0435\u0440\u0438\u0430\u043b\u043e\u0432. \u041e\u0440\u0438\u0435\u043d\u0442\u0438\u0440\u043e\u0432\u0430\u043d\u0438\u0435 \u043d\u0430 \u043a\u043b\u0438\u0435\u043d\u0442\u0430. \u041f\u0440\u043e\u0444\u0435\u0441\u0441\u0438\u043e\u043d\u0430\u043b\u044c\u043d\u043e\u0435 \u043a\u043e\u043d\u0441\u0443\u043b\u044c\u0442\u0438\u0440\u043e\u0432\u0430\u043d\u0438\u0435 \u0434\u043e \u043c\u0435\u043b\u043e\u0447\u0435\u0439. \u041a\u043e\u043c\u0430\u043d\u0434\u0430 \u0440\u0430\u0431\u043e\u0442\u0430\u0435\u0442 \u0441\u043b\u0430\u0436\u0435\u043d\u043d\u043e \u0438 \u0430\u043a\u043a\u0443\u0440\u0430\u0442\u043d\u043e. \u0420\u0435\u043a\u043e\u043c\u0435\u043d\u0434\u0443\u044e![\/et_pb_testimonial][\/et_pb_column][et_pb_column type=&#187;1_2&#8243; _builder_version=&#187;4.16&#8243; _module_preset=&#187;default&#187; global_colors_info=&#187;{}&#187;][et_pb_testimonial author=&#187;Aire P\u00f5der&#187; job_title=&#187;\u041a\u043b\u0438\u0435\u043d\u0442 K\u00f6\u00f6giART&#187; portrait_url=&#187;https:\/\/koogiart.ee\/wp-content\/uploads\/2021\/10\/aire-77&#215;77-1.jpg&#187; admin_label=&#187;Aire P\u00f5der&#187; _builder_version=&#187;4.16&#8243; _module_preset=&#187;default&#187; global_colors_info=&#187;{}&#187;]\u041c\u043e\u0439 \u0441\u043b\u0443\u0447\u0430\u0439 \u0441 \u0437\u0430\u043a\u0430\u0437\u043e\u043c \u043a\u0443\u0445\u043e\u043d\u043d\u043e\u0439 \u043c\u0435\u0431\u0435\u043b\u0438 \u0431\u044b\u043b \u043e\u0447\u0435\u043d\u044c \u043f\u043e\u0437\u0438\u0442\u0438\u0432\u043d\u044b\u0439. \u0412\u0441\u0435 \u043e\u0431\u0433\u043e\u0432\u043e\u0440\u0435\u043d\u043d\u044b\u0435 \u0441\u0440\u043e\u043a\u0438 \u0431\u044b\u043b\u0438 \u0442\u043e\u0447\u043d\u044b, \u043a\u043e\u043b\u043b\u0435\u043a\u0442\u0438\u0432 \u0434\u0440\u0443\u0436\u043d\u044b\u0439 \u0430 \u0440\u0430\u0431\u043e\u0442\u0430 \u043a\u0430\u0447\u0435\u0441\u0442\u0432\u0435\u043d\u043d\u0430\u044f. \u0423 \u043a\u043e\u0433\u043e \u0432 \u043f\u043b\u0430\u043d\u0430\u0445 \u0437\u0430\u043a\u0430\u0437\u0430\u0442\u044c \u043d\u043e\u0432\u0443\u044e \u043c\u0435\u0431\u0435\u043b\u044c \u043d\u0430 \u043a\u0443\u0445\u043d\u044e \u2014 \u0441\u043e\u0432\u0435\u0442\u0443\u044e \u0432\u0437\u044f\u0442\u044c \u043f\u0440\u0435\u0434\u043b\u043e\u0436\u0435\u043d\u0438\u0435 \u0432 K\u00f6\u00f6giart! [\/et_pb_testimonial][\/et_pb_column][\/et_pb_row][\/et_pb_section]<\/p>\n","protected":false},"excerpt":{"rendered":"<p>\u041e\u0442\u043b\u0438\u0447\u043d\u044b\u0439 \u0432\u044b\u0431\u043e\u0440 \u043a\u0430\u0447\u0435\u0441\u0442\u0432\u0435\u043d\u043d\u044b\u0445 \u043c\u0430\u0442\u0435\u0440\u0438\u0430\u043b\u043e\u0432. \u041e\u0440\u0438\u0435\u043d\u0442\u0438\u0440\u043e\u0432\u0430\u043d\u0438\u0435 \u043d\u0430 \u043a\u043b\u0438\u0435\u043d\u0442\u0430. \u041f\u0440\u043e\u0444\u0435\u0441\u0441\u0438\u043e\u043d\u0430\u043b\u044c\u043d\u043e\u0435 \u043a\u043e\u043d\u0441\u0443\u043b\u044c\u0442\u0438\u0440\u043e\u0432\u0430\u043d\u0438\u0435 \u0434\u043e \u043c\u0435\u043b\u043e\u0447\u0435\u0439. \u041a\u043e\u043c\u0430\u043d\u0434\u0430 \u0440\u0430\u0431\u043e\u0442\u0430\u0435\u0442 \u0441\u043b\u0430\u0436\u0435\u043d\u043d\u043e \u0438 \u0430\u043a\u043a\u0443\u0440\u0430\u0442\u043d\u043e. \u0420\u0435\u043a\u043e\u043c\u0435\u043d\u0434\u0443\u044e!\u041c\u043e\u0439 \u0441\u043b\u0443\u0447\u0430\u0439 \u0441 \u0437\u0430\u043a\u0430\u0437\u043e\u043c \u043a\u0443\u0445\u043e\u043d\u043d\u043e\u0439 \u043c\u0435\u0431\u0435\u043b\u0438 \u0431\u044b\u043b \u043e\u0447\u0435\u043d\u044c \u043f\u043e\u0437\u0438\u0442\u0438\u0432\u043d\u044b\u0439. \u0412\u0441\u0435 \u043e\u0431\u0433\u043e\u0432\u043e\u0440\u0435\u043d\u043d\u044b\u0435 \u0441\u0440\u043e\u043a\u0438 \u0431\u044b\u043b\u0438 \u0442\u043e\u0447\u043d\u044b, \u043a\u043e\u043b\u043b\u0435\u043a\u0442\u0438\u0432 \u0434\u0440\u0443\u0436\u043d\u044b\u0439 \u0430 \u0440\u0430\u0431\u043e\u0442\u0430 \u043a\u0430\u0447\u0435\u0441\u0442\u0432\u0435\u043d\u043d\u0430\u044f. \u0423 \u043a\u043e\u0433\u043e \u0432 \u043f\u043b\u0430\u043d\u0430\u0445 \u0437\u0430\u043a\u0430\u0437\u0430\u0442\u044c \u043d\u043e\u0432\u0443\u044e \u043c\u0435\u0431\u0435\u043b\u044c \u043d\u0430 \u043a\u0443\u0445\u043d\u044e \u2014 \u0441\u043e\u0432\u0435\u0442\u0443\u044e \u0432\u0437\u044f\u0442\u044c \u043f\u0440\u0435\u0434\u043b\u043e\u0436\u0435\u043d\u0438\u0435 \u0432 K\u00f6\u00f6giart!<\/p>\n","protected":false},"author":1,"featured_media":0,"parent":0,"menu_order":0,"comment_status":"closed","ping_status":"closed","template":"","meta":{"_et_pb_use_builder":"on","_et_pb_old_content":"[et_pb_section fb_built=\"1\" fullwidth=\"on\" _builder_version=\"4.10.7\" _module_preset=\"default\" global_colors_info=\"{}\"][et_pb_fullwidth_post_title meta=\"off\" featured_image=\"off\" _builder_version=\"4.10.7\" _module_preset=\"default\" title_font_size=\"34px\" background_color=\"#f2f2f2\" text_orientation=\"center\" custom_padding=\"40px||40px||true|false\" global_colors_info=\"{}\"][\/et_pb_fullwidth_post_title][\/et_pb_section][et_pb_section fb_built=\"1\" _builder_version=\"4.10.7\" _module_preset=\"default\" global_colors_info=\"{}\"][et_pb_row column_structure=\"3_5,2_5\" _builder_version=\"4.10.7\" _module_preset=\"default\" global_colors_info=\"{}\"][et_pb_column type=\"3_5\" _builder_version=\"4.10.7\" _module_preset=\"default\" global_colors_info=\"{}\"][et_pb_testimonial author=\"Reelika\" portrait_url=\"https:\/\/koogiart.ee\/wp-content\/uploads\/2021\/10\/happy.png\" admin_label=\"Reelika\" _builder_version=\"4.10.7\" _module_preset=\"default\" global_colors_info=\"{}\"]<p>Ait\u00e4h ilusa k\u00f6\u00f6gi eest! Suured t\u00e4nud ka meistritele ja paigaldajatele!<\/p>[\/et_pb_testimonial][\/et_pb_column][et_pb_column type=\"2_5\" _builder_version=\"4.10.7\" _module_preset=\"default\" global_colors_info=\"{}\"][et_pb_image src=\"https:\/\/koogiart.ee\/wp-content\/uploads\/2021\/10\/057.jpg\" title_text=\"057\" show_in_lightbox=\"on\" _builder_version=\"4.10.7\" _module_preset=\"default\" global_colors_info=\"{}\"][\/et_pb_image][\/et_pb_column][\/et_pb_row][et_pb_row column_structure=\"3_5,2_5\" _builder_version=\"4.10.7\" _module_preset=\"default\" global_colors_info=\"{}\"][et_pb_column type=\"3_5\" _builder_version=\"4.10.7\" _module_preset=\"default\" global_colors_info=\"{}\"][et_pb_testimonial author=\"Larissa & Bernt G\u00f6ransson\" job_title=\"K\u00f6\u00f6giART-i klient\" portrait_url=\"https:\/\/koogiart.ee\/wp-content\/uploads\/2021\/10\/larissa-77x77-1.jpg\" admin_label=\"Larissa & Bernt G\u00f6ransson\" _builder_version=\"4.10.7\" _module_preset=\"default\" global_colors_info=\"{}\"]Hej! Vi k\u00f6pte en ny l\u00e4genhet i Tallinn och d\u00e4r fanns det endast m\u00e5lade v\u00e4ggar, det betydde att vi m\u00e5ste hitta ett f\u00f6retag som var seri\u00f6sa och g\u00f6r ett bra jobb. Vi lyckades med det, f\u00f6r vi tog kontakt med ett f\u00f6retag som heter K\u00f6\u00f6giART O\u00dc och har sitt f\u00f6retag i Tallinn. Mycket trevliga f\u00f6retagare! Vi best\u00e4llde k\u00f6k, vitvaror och f\u00f6rvaringsutrymmen av dom. Arbetet som dom gjorde var perfekt utf\u00f6rt och vi kan rekommendera dom till alla som beh\u00f6ver utrusta sitt nya hem med dom sakerna som jag har r\u00e4knat upp. Med detta brev vill vi tacka Maxim och Julia f\u00f6r ett v\u00e4l utf\u00f6rt arbete.\r\n\r\nLarissa & Bernt G\u00f6ransson[\/et_pb_testimonial][\/et_pb_column][et_pb_column type=\"2_5\" _builder_version=\"4.10.7\" _module_preset=\"default\" global_colors_info=\"{}\"][et_pb_image src=\"https:\/\/koogiart.ee\/wp-content\/uploads\/2021\/10\/033.jpg\" title_text=\"033\" show_in_lightbox=\"on\" _builder_version=\"4.10.7\" _module_preset=\"default\" global_colors_info=\"{}\"][\/et_pb_image][\/et_pb_column][\/et_pb_row][et_pb_row column_structure=\"3_5,2_5\" _builder_version=\"4.10.7\" _module_preset=\"default\" global_colors_info=\"{}\"][et_pb_column type=\"3_5\" _builder_version=\"4.10.7\" _module_preset=\"default\" global_colors_info=\"{}\"][et_pb_testimonial author=\"Aire P\u00f5der\" job_title=\"K\u00f6\u00f6giART-i klient\" portrait_url=\"https:\/\/koogiart.ee\/wp-content\/uploads\/2021\/10\/aire-77x77-1.jpg\" admin_label=\"Aire P\u00f5der\" _builder_version=\"4.10.7\" _module_preset=\"default\" global_colors_info=\"{}\"]Minu kogemus k\u00f6\u00f6gim\u00f6\u00f6bli tellimisega oli v\u00e4ga positiivne. K\u00f5ik kokkulepitud ajad olid t\u00e4psed, kollektiiv s\u00f5bralik ja t\u00f6\u00f6 kvaliteetne. Kellel plaan uut m\u00f6\u00f6blit soetada soovitan K\u00f6\u00f6giartist pakkumine v\u00f5tta! [\/et_pb_testimonial][\/et_pb_column][et_pb_column type=\"2_5\" _builder_version=\"4.10.7\" _module_preset=\"default\" global_colors_info=\"{}\"][et_pb_image src=\"https:\/\/koogiart.ee\/wp-content\/uploads\/2021\/10\/030.jpg\" title_text=\"030\" show_in_lightbox=\"on\" _builder_version=\"4.10.7\" _module_preset=\"default\" global_colors_info=\"{}\"][\/et_pb_image][\/et_pb_column][\/et_pb_row][et_pb_row column_structure=\"3_5,2_5\" _builder_version=\"4.10.7\" _module_preset=\"default\" global_colors_info=\"{}\"][et_pb_column type=\"3_5\" _builder_version=\"4.10.7\" _module_preset=\"default\" global_colors_info=\"{}\"][et_pb_testimonial author=\"Stina\" job_title=\"K\u00f6\u00f6giART-i klient\" portrait_url=\"https:\/\/koogiart.ee\/wp-content\/uploads\/2021\/10\/happy.png\" admin_label=\"Stina\" _builder_version=\"4.10.7\" _module_preset=\"default\" global_colors_info=\"{}\"]Olen Teiepoolt valmistatud k\u00f6\u00f6giga ja t\u00f6\u00f6meeste hoolika t\u00f6\u00f6ga v\u00e4ga rahul! [\/et_pb_testimonial][\/et_pb_column][et_pb_column type=\"2_5\" _builder_version=\"4.10.7\" _module_preset=\"default\" global_colors_info=\"{}\"][et_pb_image src=\"https:\/\/koogiart.ee\/wp-content\/uploads\/2021\/10\/031.jpg\" title_text=\"031\" show_in_lightbox=\"on\" _builder_version=\"4.10.7\" _module_preset=\"default\" global_colors_info=\"{}\"][\/et_pb_image][\/et_pb_column][\/et_pb_row][et_pb_row column_structure=\"3_5,2_5\" _builder_version=\"4.10.7\" _module_preset=\"default\" global_colors_info=\"{}\"][et_pb_column type=\"3_5\" _builder_version=\"4.10.7\" _module_preset=\"default\" global_colors_info=\"{}\"][et_pb_testimonial author=\"Marit & Tanel\" job_title=\"K\u00f6\u00f6giART-i klient\" portrait_url=\"https:\/\/koogiart.ee\/wp-content\/uploads\/2021\/10\/happy.png\" admin_label=\"Marit & Tanel\" _builder_version=\"4.10.7\" _module_preset=\"default\" global_colors_info=\"{}\"]K\u00f6\u00f6k v\u00e4ga meeldib meile, paigaldamine oli kiire ja sujuv, teenindus positiivne.[\/et_pb_testimonial][\/et_pb_column][et_pb_column type=\"2_5\" _builder_version=\"4.10.7\" _module_preset=\"default\" global_colors_info=\"{}\"][et_pb_image src=\"https:\/\/koogiart.ee\/wp-content\/uploads\/2021\/10\/034.jpg\" title_text=\"034\" show_in_lightbox=\"on\" _builder_version=\"4.10.7\" _module_preset=\"default\" global_colors_info=\"{}\"][\/et_pb_image][\/et_pb_column][\/et_pb_row][et_pb_row column_structure=\"3_5,2_5\" _builder_version=\"4.10.7\" _module_preset=\"default\" global_colors_info=\"{}\"][et_pb_column type=\"3_5\" _builder_version=\"4.10.7\" _module_preset=\"default\" global_colors_info=\"{}\"][et_pb_testimonial author=\"Mehis\" job_title=\"K\u00f6\u00f6giART-i klient\" portrait_url=\"https:\/\/koogiart.ee\/wp-content\/uploads\/2021\/10\/happy.png\" admin_label=\"Mehis\" _builder_version=\"4.10.7\" _module_preset=\"default\" global_colors_info=\"{}\"]Oleme k\u00f6\u00f6gim\u00f6\u00f6bli valmistaja valikuga v\u00e4ga rahul. K\u00f6\u00f6gi planeerimisel tekkinud k\u00fcsimuste lahendamisega ning erinevate alternatiivide pakkumisega sai K\u00f6\u00f6giart v\u00e4ga kiiresti ja professionaalselt hakkama. Ait\u00e4h. Ka materjalid on kvaliteetsed ning paigaldus kiire ning korralik. Lisar\u00f5\u00f5mu tegi see, et peale k\u00f6\u00f6gi paigaldamist koristati kogu tekkinud praht \u00e4ra ning puhastati uus m\u00f6\u00f6bel seest va v\u00e4ljast \u00e4ra. Kohe sai hakata asju kappi panema.[\/et_pb_testimonial][\/et_pb_column][et_pb_column type=\"2_5\" _builder_version=\"4.10.7\" _module_preset=\"default\" global_colors_info=\"{}\"][et_pb_image src=\"https:\/\/koogiart.ee\/wp-content\/uploads\/2021\/10\/023.jpg\" title_text=\"023\" show_in_lightbox=\"on\" _builder_version=\"4.10.7\" _module_preset=\"default\" global_colors_info=\"{}\"][\/et_pb_image][\/et_pb_column][\/et_pb_row][et_pb_row column_structure=\"3_5,2_5\" _builder_version=\"4.10.7\" _module_preset=\"default\" global_colors_info=\"{}\"][et_pb_column type=\"3_5\" _builder_version=\"4.10.7\" _module_preset=\"default\" global_colors_info=\"{}\"][et_pb_testimonial author=\"Kari and Towe\" job_title=\"K\u00f6\u00f6giART-i klient\" portrait_url=\"https:\/\/koogiart.ee\/wp-content\/uploads\/2021\/10\/happy.png\" admin_label=\"Kari and Towe\" _builder_version=\"4.10.7\" _module_preset=\"default\" global_colors_info=\"{}\"]We arrived last Thursday late in the evening to Tallinn. There, in the corner of our apartment you and your team had created the most beautifull and functional kitchen. Thank you very much of the good work and service! We are happy to recommend you to anyone who asks. And thank you Triinu to pointing us to Maksim.\r\n\r\nWith best Regards,[\/et_pb_testimonial][\/et_pb_column][et_pb_column type=\"2_5\" _builder_version=\"4.10.7\" _module_preset=\"default\" global_colors_info=\"{}\"][et_pb_image src=\"https:\/\/koogiart.ee\/wp-content\/uploads\/2021\/10\/025.jpg\" title_text=\"025\" show_in_lightbox=\"on\" _builder_version=\"4.10.7\" _module_preset=\"default\" global_colors_info=\"{}\"][\/et_pb_image][\/et_pb_column][\/et_pb_row][et_pb_row column_structure=\"3_5,2_5\" _builder_version=\"4.10.7\" _module_preset=\"default\" global_colors_info=\"{}\"][et_pb_column type=\"3_5\" _builder_version=\"4.10.7\" _module_preset=\"default\" global_colors_info=\"{}\"][et_pb_testimonial author=\"Piret ja Henry\" job_title=\"K\u00f6\u00f6giART-i klient\" portrait_url=\"https:\/\/koogiart.ee\/wp-content\/uploads\/2021\/10\/happy.png\" admin_label=\"Piret ja Henry\" _builder_version=\"4.10.7\" _module_preset=\"default\" global_colors_info=\"{}\"]N\u00fc\u00fcdseks K\u00f6\u00f6giart valmistatud k\u00f6\u00f6gis toimetanud \u00fcle kuu aja. K\u00f6\u00f6k on kvaliteetne ja t\u00e4pselt meie pere soovide j\u00e4rgi. V\u00e4ga kiidan kiiret suhtlust ja tagasisidet k\u00fcsimuste tekkimisel. Hinna- ja kvaliteedisuhe ilusti paigas. Meeldis ka see, et tarneaeg v\u00f5rreldes teiste tootjatega oli l\u00fchike ja ajast peetakse v\u00e4ga ilusti kinni Suur ait\u00e4h ja palju uusi tellimusi teile [\/et_pb_testimonial][\/et_pb_column][et_pb_column type=\"2_5\" _builder_version=\"4.10.7\" _module_preset=\"default\" global_colors_info=\"{}\"][et_pb_image src=\"https:\/\/koogiart.ee\/wp-content\/uploads\/2021\/10\/013.jpg\" title_text=\"013\" show_in_lightbox=\"on\" _builder_version=\"4.10.7\" _module_preset=\"default\" global_colors_info=\"{}\"][\/et_pb_image][\/et_pb_column][\/et_pb_row][et_pb_row column_structure=\"3_5,2_5\" _builder_version=\"4.10.7\" _module_preset=\"default\" global_colors_info=\"{}\"][et_pb_column type=\"3_5\" _builder_version=\"4.10.7\" _module_preset=\"default\" global_colors_info=\"{}\"][et_pb_testimonial author=\"Liisi Paas\" job_title=\"K\u00f6\u00f6giART-i klient\" portrait_url=\"https:\/\/koogiart.ee\/wp-content\/uploads\/2021\/10\/happy.png\" admin_label=\"Liisi Paas\" _builder_version=\"4.10.7\" _module_preset=\"default\" global_colors_info=\"{}\"]T\u00e4name veelkord ilusa k\u00f6\u00f6gi, vannitoa kapi ja aknalaudade eest! J\u00e4ime v\u00e4ga rahule![\/et_pb_testimonial][\/et_pb_column][et_pb_column type=\"2_5\" _builder_version=\"4.10.7\" _module_preset=\"default\" global_colors_info=\"{}\"][et_pb_image src=\"https:\/\/koogiart.ee\/wp-content\/uploads\/2021\/10\/006.jpg\" title_text=\"006\" show_in_lightbox=\"on\" _builder_version=\"4.10.7\" _module_preset=\"default\" global_colors_info=\"{}\"][\/et_pb_image][\/et_pb_column][\/et_pb_row][et_pb_row column_structure=\"3_5,2_5\" _builder_version=\"4.10.7\" _module_preset=\"default\" global_colors_info=\"{}\"][et_pb_column type=\"3_5\" _builder_version=\"4.10.7\" _module_preset=\"default\" global_colors_info=\"{}\"][et_pb_testimonial author=\"Janar\" job_title=\"K\u00f6\u00f6giART-i klient\" portrait_url=\"https:\/\/koogiart.ee\/wp-content\/uploads\/2021\/10\/happy.png\" admin_label=\"Liisi Paas\" _builder_version=\"4.10.7\" _module_preset=\"default\" global_colors_info=\"{}\"]Olen igati rahul, et teie juurest k\u00f6\u00f6gi tellisin. Kuna mul oli sellel hetkel \u00fcsna kiire periood, siis \u00fcheks otsustavaks teguriks saigi kiirus, nii soovitud toote komplekteerimisel kui ka valmistamisel. Loomulikult l\u00f5pptulemus selle arvelt ei ole langenud. Julgen soovitada ka teistele.[\/et_pb_testimonial][\/et_pb_column][et_pb_column type=\"2_5\" _builder_version=\"4.10.7\" _module_preset=\"default\" global_colors_info=\"{}\"][et_pb_image src=\"https:\/\/koogiart.ee\/wp-content\/uploads\/2021\/10\/janar-kook.jpg\" title_text=\"janar-kook\" show_in_lightbox=\"on\" _builder_version=\"4.10.7\" _module_preset=\"default\" global_colors_info=\"{}\"][\/et_pb_image][\/et_pb_column][\/et_pb_row][\/et_pb_section]","_et_gb_content_width":"","footnotes":""},"_links":{"self":[{"href":"https:\/\/koogiart.ee\/ru\/wp-json\/wp\/v2\/pages\/3973"}],"collection":[{"href":"https:\/\/koogiart.ee\/ru\/wp-json\/wp\/v2\/pages"}],"about":[{"href":"https:\/\/koogiart.ee\/ru\/wp-json\/wp\/v2\/types\/page"}],"author":[{"embeddable":true,"href":"https:\/\/koogiart.ee\/ru\/wp-json\/wp\/v2\/users\/1"}],"replies":[{"embeddable":true,"href":"https:\/\/koogiart.ee\/ru\/wp-json\/wp\/v2\/comments?post=3973"}],"version-history":[{"count":4,"href":"https:\/\/koogiart.ee\/ru\/wp-json\/wp\/v2\/pages\/3973\/revisions"}],"predecessor-version":[{"id":4815,"href":"https:\/\/koogiart.ee\/ru\/wp-json\/wp\/v2\/pages\/3973\/revisions\/4815"}],"wp:attachment":[{"href":"https:\/\/koogiart.ee\/ru\/wp-json\/wp\/v2\/media?parent=3973"}],"curies":[{"name":"wp","href":"https:\/\/api.w.org\/{rel}","templated":true}]}}