{"id":3926,"date":"2021-10-12T11:49:52","date_gmt":"2021-10-12T08:49:52","guid":{"rendered":"https:\/\/koogiart.ee\/?page_id=3926"},"modified":"2025-11-03T10:37:48","modified_gmt":"2025-11-03T07:37:48","slug":"kontakt","status":"publish","type":"page","link":"https:\/\/koogiart.ee\/ru\/kontakt\/","title":{"rendered":"\u041a\u043e\u043d\u0442\u0430\u043a\u0442"},"content":{"rendered":"<p>[et_pb_section fb_built=&#187;1&#8243; fullwidth=&#187;on&#187; _builder_version=&#187;4.16&#8243; _module_preset=&#187;default&#187; global_colors_info=&#187;{}&#187;][et_pb_fullwidth_post_title meta=&#187;off&#187; featured_image=&#187;off&#187; _builder_version=&#187;4.16&#8243; _module_preset=&#187;default&#187; title_font_size=&#187;34px&#187; background_color=&#187;#f2f2f2&#8243; text_orientation=&#187;center&#187; custom_padding=&#187;40px||40px||true|false&#187; global_colors_info=&#187;{}&#187;][\/et_pb_fullwidth_post_title][\/et_pb_section][et_pb_section fb_built=&#187;1&#8243; specialty=&#187;on&#187; _builder_version=&#187;4.16&#8243; _module_preset=&#187;default&#187; global_colors_info=&#187;{}&#187;][et_pb_column type=&#187;3_4&#8243; specialty_columns=&#187;3&#8243; _builder_version=&#187;4.16&#8243; custom_padding=&#187;|||&#187; global_colors_info=&#187;{}&#187; custom_padding__hover=&#187;|||&#187;][et_pb_row_inner _builder_version=&#187;4.16&#8243; _module_preset=&#187;default&#187; custom_padding=&#187;||0px||false|false&#187; global_colors_info=&#187;{}&#187;][et_pb_column_inner saved_specialty_column_type=&#187;3_4&#8243; _builder_version=&#187;4.16&#8243; _module_preset=&#187;default&#187; global_colors_info=&#187;{}&#187;][et_pb_text _builder_version=&#187;4.16&#8243; _module_preset=&#187;default&#187; global_colors_info=&#187;{}&#187;]<\/p>\n<h2>K\u00f6\u00f6giart O\u00dc<\/h2>\n<p><span style=\"color: #ff0000; font-weight: bold;\">\u041f\u0435\u0440\u0435\u0434 \u0432\u0438\u0437\u0438\u0442\u043e\u043c \u043f\u0440\u043e\u0441\u0438\u043c \u0434\u043e\u0433\u043e\u0432\u043e\u0440\u0438\u0442\u044c\u0441\u044f \u043e \u0432\u0441\u0442\u0440\u0435\u0447e \u043f\u043e \u044d-\u043c\u0435\u0439\u043b\u0443 \u0438\u043b\u0438 \u0442\u0435\u043b\u0435\u0444\u043e\u043d\u0443.<\/span>[\/et_pb_text][\/et_pb_column_inner][\/et_pb_row_inner][et_pb_row_inner column_structure=&#187;1_2,1_2&#8243; _builder_version=&#187;4.16&#8243; _module_preset=&#187;default&#187; global_colors_info=&#187;{}&#187;][et_pb_column_inner type=&#187;1_2&#8243; saved_specialty_column_type=&#187;3_4&#8243; _builder_version=&#187;4.16&#8243; _module_preset=&#187;default&#187; global_colors_info=&#187;{}&#187;][et_pb_text _builder_version=&#187;4.25.1&#8243; _module_preset=&#187;default&#187; hover_enabled=&#187;0&#8243; global_colors_info=&#187;{}&#187; sticky_enabled=&#187;0&#8243;]<a style=\"color:#666666;\" href=\"tel:+37258193136\"> Tel: +372 5819 3136<\/a><br \/>\n<a style=\"color:#666666;\" href=\"mailto:info@koogiart.ee\">\u0415-\u043c\u0435\u0439\u043b: info@koogiart.ee<\/a><br \/>\n\u0410\u0434\u0440\u0435\u0441 : Telliskivi tn 26, 10611 Tallinn[\/et_pb_text][\/et_pb_column_inner][et_pb_column_inner type=&#187;1_2&#8243; saved_specialty_column_type=&#187;3_4&#8243; _builder_version=&#187;4.16&#8243; _module_preset=&#187;default&#187; global_colors_info=&#187;{}&#187;][et_pb_text _builder_version=&#187;4.16&#8243; _module_preset=&#187;default&#187; global_colors_info=&#187;{}&#187;]\u0420\u0435\u0433. \u043a\u043e\u0434: 12426394<br \/>\nKMKR: EE101624505<br \/>\nIBAN: EE702200221056947491[\/et_pb_text][\/et_pb_column_inner][\/et_pb_row_inner][et_pb_row_inner column_structure=&#187;1_2,1_2&#8243; _builder_version=&#187;4.16&#8243; _module_preset=&#187;default&#187; custom_padding=&#187;0px||0px||false|false&#187; global_colors_info=&#187;{}&#187;][et_pb_column_inner type=&#187;1_2&#8243; saved_specialty_column_type=&#187;3_4&#8243; _builder_version=&#187;4.16&#8243; _module_preset=&#187;default&#187; global_colors_info=&#187;{}&#187;][dvppl_cf7_styler cf7=&#187;835&#8243; form_background_color=&#187;rgba(0,0,0,0.015)&#187; cr_custom_styles=&#187;on&#187; cr_size=&#187;15px&#187; cr_selected_color=&#187;#E51B22&#8243; cr_border_color=&#187;#E51B22&#8243; cr_border_size=&#187;2px&#187; module_class=&#187;contact-cf7&#8243; _builder_version=&#187;4.16&#8243; _module_preset=&#187;default&#187; custom_submit_button=&#187;on&#187; submit_button_text_size=&#187;12px&#187; submit_button_text_color=&#187;#FFFFFF&#187; submit_button_bg_color=&#187;#E51B22&#8243; submit_button_border_width=&#187;0px&#187; submit_button_border_radius=&#187;0px&#187; submit_button_letter_spacing=&#187;0.1em&#187; submit_button_font=&#187;|700||on|||||&#187; submit_button_custom_padding=&#187;14px|34px|14px|34px|true|true&#187; border_width_all_field=&#187;2px&#187; border_color_all_field=&#187;rgba(0,0,0,0.04)&#187; global_colors_info=&#187;{}&#187; submit_button_bg_color__hover_enabled=&#187;on|desktop&#187; submit_button_bg_color__hover=&#187;#444444&#8243; submit_button_bg_enable_color__hover=&#187;on&#187;][\/dvppl_cf7_styler][\/et_pb_column_inner][et_pb_column_inner type=&#187;1_2&#8243; saved_specialty_column_type=&#187;3_4&#8243; _builder_version=&#187;4.16&#8243; _module_preset=&#187;default&#187; global_colors_info=&#187;{}&#187;][et_pb_team_member name=&#187;\u041c\u0430\u043a\u0441\u0438\u043c \u0425\u0430\u043d\u0434\u043e\u0436\u043a\u043e&#187; position=&#187;\u041f\u0440\u043e\u0438\u0437\u0432\u043e\u0434\u0441\u0442\u0432\u043e&#187; image_url=&#187;https:\/\/koogiart.ee\/wp-content\/uploads\/2022\/10\/IMG_7810.jpg&#187; disabled_on=&#187;on|on|on&#187; _builder_version=&#187;4.17.6&#8243; _module_preset=&#187;default&#187; background_enable_color=&#187;off&#187; text_orientation=&#187;center&#187; module_alignment=&#187;center&#187; custom_padding=&#187;10px|10px|10px|10px|true|true&#187; custom_css_member_image=&#187;margin: 0 auto !important;||padding-bottom: 12px;&#187; disabled=&#187;on&#187; global_colors_info=&#187;{}&#187;]maksim@koogiart.ee[\/et_pb_team_member][\/et_pb_column_inner][\/et_pb_row_inner][et_pb_row_inner _builder_version=&#187;4.16&#8243; _module_preset=&#187;default&#187; global_colors_info=&#187;{}&#187;][et_pb_column_inner saved_specialty_column_type=&#187;3_4&#8243; _builder_version=&#187;4.16&#8243; _module_preset=&#187;default&#187; global_colors_info=&#187;{}&#187;][et_pb_code _builder_version=&#187;4.25.1&#8243; _module_preset=&#187;default&#187; global_colors_info=&#187;{}&#187;]<iframe src=\"https:\/\/www.google.com\/maps\/embed?pb=!1m18!1m12!1m3!1d16230.010640100287!2d24.709415393521788!3d59.43722182135537!2m3!1f0!2f0!3f0!3m2!1i1024!2i768!4f13.1!3m3!1m2!1s0x46929344ab8c52f5%3A0xf5819267a5498160!2zS8O2w7ZnaWFydCBPw5w!5e0!3m2!1sru!2see!4v1719571483576!5m2!1sru!2see\" width=\"800\" height=\"450\" style=\"border:0;\" allowfullscreen=\"\" loading=\"lazy\" referrerpolicy=\"no-referrer-when-downgrade\"><\/iframe>[\/et_pb_code][\/et_pb_column_inner][\/et_pb_row_inner][\/et_pb_column][et_pb_column type=&#187;1_4&#8243; _builder_version=&#187;4.16&#8243; custom_padding=&#187;|||&#187; global_colors_info=&#187;{}&#187; custom_padding__hover=&#187;|||&#187;][et_pb_sidebar show_border=&#187;off&#187; _builder_version=&#187;4.16&#8243; _module_preset=&#187;default&#187; global_colors_info=&#187;{}&#187;][\/et_pb_sidebar][\/et_pb_column][\/et_pb_section]<\/p>\n","protected":false},"excerpt":{"rendered":"<p>K\u00f6\u00f6giart O\u00dc \u041f\u0435\u0440\u0435\u0434 \u0432\u0438\u0437\u0438\u0442\u043e\u043c \u043f\u0440\u043e\u0441\u0438\u043c \u0434\u043e\u0433\u043e\u0432\u043e\u0440\u0438\u0442\u044c\u0441\u044f \u043e \u0432\u0441\u0442\u0440\u0435\u0447e \u043f\u043e \u044d-\u043c\u0435\u0439\u043b\u0443 \u0438\u043b\u0438 \u0442\u0435\u043b\u0435\u0444\u043e\u043d\u0443. Tel: +372 5819 3136 \u0415-\u043c\u0435\u0439\u043b: info@koogiart.ee \u0410\u0434\u0440\u0435\u0441 : Telliskivi tn 26, 10611 Tallinn\u0420\u0435\u0433. \u043a\u043e\u0434: 12426394 KMKR: EE101624505 IBAN: EE702200221056947491<div class=\"et_pb_with_border et_pb_module dvppl_cf7_styler dvppl_cf7_styler_0 &#187;contact-cf7&#8243;\">\n\t\t\t\t\n\t\t\t\t\n\t\t\t\t\n\t\t\t\t\n\t\t\t\t\n\t\t\t\t\n\t\t\t\t<div class=\"et_pb_module_inner\">\n\t\t\t\t\t<div class=\"dipe-cf7-container dipe-cf7-button-left\">\n\t\t\t\t\n\t\t\t\t<div class=\"dipe-cf7 dipe-cf7-styler \">\n\t\t\t\t\t<p class=\"wpcf7-contact-form-not-found\"><strong>\u041e\u0448\u0438\u0431\u043a\u0430:<\/strong> \u041a\u043e\u043d\u0442\u0430\u043a\u0442\u043d\u0430\u044f \u0444\u043e\u0440\u043c\u0430 \u043d\u0435 \u043d\u0430\u0439\u0434\u0435\u043d\u0430.<\/p>\n\t\t\t\t<\/div>\n\t\t\t<\/div>\n\t\t\t\t<\/div>\n\t\t\t<\/div><\/p>\n","protected":false},"author":1,"featured_media":0,"parent":0,"menu_order":0,"comment_status":"closed","ping_status":"closed","template":"","meta":{"_et_pb_use_builder":"on","_et_pb_old_content":"[et_pb_section fb_built=\"1\" fullwidth=\"on\" _builder_version=\"4.10.7\" _module_preset=\"default\" global_colors_info=\"{}\"][et_pb_fullwidth_post_title meta=\"off\" featured_image=\"off\" _builder_version=\"4.10.7\" _module_preset=\"default\" title_font_size=\"34px\" background_color=\"#f2f2f2\" text_orientation=\"center\" custom_padding=\"40px||40px||true|false\" global_colors_info=\"{}\"][\/et_pb_fullwidth_post_title][\/et_pb_section][et_pb_section fb_built=\"1\" specialty=\"on\" _builder_version=\"4.10.7\" _module_preset=\"default\" global_colors_info=\"{}\"][et_pb_column type=\"3_4\" specialty_columns=\"3\" _builder_version=\"3.25\" custom_padding=\"|||\" global_colors_info=\"{}\" custom_padding__hover=\"|||\"][et_pb_row_inner column_structure=\"1_2,1_2\" _builder_version=\"4.10.7\" _module_preset=\"default\" global_colors_info=\"{}\"][et_pb_column_inner type=\"1_2\" saved_specialty_column_type=\"3_4\" _builder_version=\"4.10.7\" _module_preset=\"default\" global_colors_info=\"{}\"][et_pb_text _builder_version=\"4.11.2\" _module_preset=\"default\" hover_enabled=\"0\" global_colors_info=\"{}\" sticky_enabled=\"0\"]<h2>K\u00f6\u00f6giart O\u00dc<\/h2>\r\n<span style=\"color: #ff0000; font-weight: bold;\">Enne kohale tulekut palume kindlasti teavitada e-posti voi telefoni teel.<\/span>\r\n<a style=\"color:#666666;\" href=\"tel:+37255679588\"> Tel: +372 5567 9588<\/a>\r\n<a style=\"color:#666666;\" href=\"mailto:maksim@koogiart.ee\">Email: maksim@koogiart.ee<\/a>\r\nAadress : Petrooleumi 8, 10152 Tallinn\r\n\r\nRegistrikood: 12426394\r\nKMKR: EE101624505\r\nIBAN: EE702200221056947491[\/et_pb_text][\/et_pb_column_inner][et_pb_column_inner type=\"1_2\" saved_specialty_column_type=\"3_4\" _builder_version=\"4.10.7\" _module_preset=\"default\" global_colors_info=\"{}\"][et_pb_team_member name=\"Maksim Hando\u017eko\" position=\"Tootmisjuht\" image_url=\"https:\/\/koogiart.ee\/wp-content\/uploads\/2021\/10\/max-new.jpg\" _builder_version=\"4.10.7\" _module_preset=\"default\" background_color=\"#f7f7f7\" text_orientation=\"center\" module_alignment=\"center\" custom_padding=\"10px|10px|10px|10px|true|true\" custom_css_member_image=\"margin: 0 auto !important;||padding-bottom: 12px;\" global_colors_info=\"{}\"]maksim@koogiart.ee[\/et_pb_team_member][\/et_pb_column_inner][\/et_pb_row_inner][et_pb_row_inner _builder_version=\"4.10.7\" _module_preset=\"default\" global_colors_info=\"{}\"][et_pb_column_inner saved_specialty_column_type=\"3_4\" _builder_version=\"4.10.7\" _module_preset=\"default\" global_colors_info=\"{}\"][et_pb_code _builder_version=\"4.10.7\" _module_preset=\"default\" global_colors_info=\"{}\"]<iframe src=\"https:\/\/www.google.com\/maps\/embed?pb=!1m14!1m8!1m3!1d16227.605808806586!2d24.776393000000002!3d59.442235!3m2!1i1024!2i768!4f13.1!3m3!1m2!1s0x46929344ab8cd163%3A0xd4f374418ddc3547!2zUGV0cm9vbGV1bWkgOCwgMTAxNTIgVGFsbGlubiwg0K3RgdGC0L7QvdC40Y8!5e0!3m2!1sru!2sus!4v1633509626489!5m2!1sru!2sus\" width=\"100%\" height=\"450\" style=\"border:0;\" allowfullscreen=\"\" loading=\"lazy\"><\/iframe>[\/et_pb_code][\/et_pb_column_inner][\/et_pb_row_inner][et_pb_row_inner _builder_version=\"4.10.7\" _module_preset=\"default\" global_colors_info=\"{}\"][et_pb_column_inner saved_specialty_column_type=\"3_4\" _builder_version=\"4.10.7\" _module_preset=\"default\" global_colors_info=\"{}\"][dvppl_cf7_styler cf7=\"833\" form_background_color=\"rgba(0,0,0,0.015)\" cr_custom_styles=\"on\" cr_size=\"15px\" cr_selected_color=\"#E51B22\" cr_border_color=\"#E51B22\" cr_border_size=\"2px\" _builder_version=\"4.10.7\" _module_preset=\"default\" custom_submit_button=\"on\" submit_button_text_size=\"12px\" submit_button_text_color=\"#FFFFFF\" submit_button_bg_color=\"#E51B22\" submit_button_border_width=\"0px\" submit_button_border_radius=\"0px\" submit_button_letter_spacing=\"0.1em\" submit_button_font=\"|700||on|||||\" submit_button_custom_padding=\"14px|34px|14px|34px|true|true\" border_width_all_field=\"2px\" border_color_all_field=\"rgba(0,0,0,0.04)\" global_colors_info=\"{}\" submit_button_bg_color__hover_enabled=\"on|desktop\" submit_button_bg_color__hover=\"#444444\" submit_button_bg_enable_color__hover=\"on\"][\/dvppl_cf7_styler][\/et_pb_column_inner][\/et_pb_row_inner][\/et_pb_column][et_pb_column type=\"1_4\" _builder_version=\"3.25\" custom_padding=\"|||\" global_colors_info=\"{}\" custom_padding__hover=\"|||\"][et_pb_sidebar show_border=\"off\" _builder_version=\"4.10.7\" _module_preset=\"default\" global_colors_info=\"{}\"][\/et_pb_sidebar][\/et_pb_column][\/et_pb_section]","_et_gb_content_width":"","footnotes":""},"_links":{"self":[{"href":"https:\/\/koogiart.ee\/ru\/wp-json\/wp\/v2\/pages\/3926"}],"collection":[{"href":"https:\/\/koogiart.ee\/ru\/wp-json\/wp\/v2\/pages"}],"about":[{"href":"https:\/\/koogiart.ee\/ru\/wp-json\/wp\/v2\/types\/page"}],"author":[{"embeddable":true,"href":"https:\/\/koogiart.ee\/ru\/wp-json\/wp\/v2\/users\/1"}],"replies":[{"embeddable":true,"href":"https:\/\/koogiart.ee\/ru\/wp-json\/wp\/v2\/comments?post=3926"}],"version-history":[{"count":5,"href":"https:\/\/koogiart.ee\/ru\/wp-json\/wp\/v2\/pages\/3926\/revisions"}],"predecessor-version":[{"id":5396,"href":"https:\/\/koogiart.ee\/ru\/wp-json\/wp\/v2\/pages\/3926\/revisions\/5396"}],"wp:attachment":[{"href":"https:\/\/koogiart.ee\/ru\/wp-json\/wp\/v2\/media?parent=3926"}],"curies":[{"name":"wp","href":"https:\/\/api.w.org\/{rel}","templated":true}]}}