{"id":4336,"date":"2021-10-12T15:24:58","date_gmt":"2021-10-12T12:24:58","guid":{"rendered":"https:\/\/koogiart.ee\/?page_id=4336"},"modified":"2021-10-12T15:25:00","modified_gmt":"2021-10-12T12:25:00","slug":"blog","status":"publish","type":"page","link":"https:\/\/koogiart.ee\/en\/blog\/","title":{"rendered":"Blog"},"content":{"rendered":"<p>[et_pb_section fb_built=&#8221;1&#8243; fullwidth=&#8221;on&#8221; _builder_version=&#8221;4.10.7&#8243; _module_preset=&#8221;default&#8221; global_colors_info=&#8221;{}&#8221;][et_pb_fullwidth_post_title meta=&#8221;off&#8221; featured_image=&#8221;off&#8221; _builder_version=&#8221;4.10.7&#8243; _module_preset=&#8221;default&#8221; title_font_size=&#8221;34px&#8221; background_color=&#8221;#f2f2f2&#8243; text_orientation=&#8221;center&#8221; custom_padding=&#8221;40px||40px||true|false&#8221; global_colors_info=&#8221;{}&#8221;][\/et_pb_fullwidth_post_title][\/et_pb_section][et_pb_section fb_built=&#8221;1&#8243; specialty=&#8221;on&#8221; _builder_version=&#8221;4.11.2&#8243; _module_preset=&#8221;default&#8221; global_colors_info=&#8221;{}&#8221;][et_pb_column type=&#8221;3_4&#8243; specialty_columns=&#8221;3&#8243; _builder_version=&#8221;3.25&#8243; custom_padding=&#8221;|||&#8221; global_colors_info=&#8221;{}&#8221; custom_padding__hover=&#8221;|||&#8221;][et_pb_row_inner column_structure=&#8221;1_2,1_2&#8243; _builder_version=&#8221;4.11.2&#8243; _module_preset=&#8221;default&#8221; global_colors_info=&#8221;{}&#8221;][et_pb_column_inner type=&#8221;1_2&#8243; saved_specialty_column_type=&#8221;3_4&#8243; _builder_version=&#8221;4.11.2&#8243; _module_preset=&#8221;default&#8221; background_color=&#8221;rgba(0,0,0,0.03)&#8221; custom_padding=&#8221;30px|30px|24px|30px|false|true&#8221; global_colors_info=&#8221;{}&#8221;][et_pb_text _builder_version=&#8221;4.11.2&#8243; _module_preset=&#8221;default&#8221; header_font_size=&#8221;22px&#8221; hover_enabled=&#8221;0&#8243; global_colors_info=&#8221;{}&#8221; sticky_enabled=&#8221;0&#8243;]<\/p>\n<h1><a href=\"https:\/\/koogiart.ee\/en\/kitchen-design\/\">Kitchen design<\/a><\/h1>\n<p>[\/et_pb_text][et_pb_image src=&#8221;https:\/\/koogiart.ee\/wp-content\/uploads\/2021\/10\/kd3.png&#8221; title_text=&#8221;kd3&#8243; url=&#8221;https:\/\/koogiart.ee\/en\/kitchen-design\/&#8221; _builder_version=&#8221;4.11.2&#8243; _module_preset=&#8221;default&#8221; hover_enabled=&#8221;0&#8243; global_colors_info=&#8221;{}&#8221; sticky_enabled=&#8221;0&#8243;][\/et_pb_image][et_pb_text _builder_version=&#8221;4.11.2&#8243; _module_preset=&#8221;default&#8221; hover_enabled=&#8221;0&#8243; global_colors_info=&#8221;{}&#8221; sticky_enabled=&#8221;0&#8243;]A kitchen is known to be the coziest place in a house where all family members get together to dine, communi\u0441ate and rest after a hard working day.<br \/>\n <a href=\"https:\/\/koogiart.ee\/en\/kitchen-design\/\">Continue reading \u2192<\/a>[\/et_pb_text][\/et_pb_column_inner][et_pb_column_inner type=&#8221;1_2&#8243; saved_specialty_column_type=&#8221;3_4&#8243; _builder_version=&#8221;4.11.2&#8243; _module_preset=&#8221;default&#8221; background_color=&#8221;rgba(0,0,0,0.03)&#8221; custom_padding=&#8221;30px|30px|24px|30px|false|false&#8221; global_colors_info=&#8221;{}&#8221;][et_pb_text _builder_version=&#8221;4.11.2&#8243; _module_preset=&#8221;default&#8221; header_font_size=&#8221;22px&#8221; hover_enabled=&#8221;0&#8243; global_colors_info=&#8221;{}&#8221; sticky_enabled=&#8221;0&#8243;]<\/p>\n<h1><a href=\"https:\/\/koogiart.ee\/en\/planning-a-kitchen\/\">Planning a kitchen<\/a><\/h1>\n<p>[\/et_pb_text][et_pb_image src=&#8221;https:\/\/koogiart.ee\/wp-content\/uploads\/2021\/10\/triangle300.jpg&#8221; title_text=&#8221;triangle300&#8243; url=&#8221;https:\/\/koogiart.ee\/en\/planning-a-kitchen\/&#8221; _builder_version=&#8221;4.11.2&#8243; _module_preset=&#8221;default&#8221; hover_enabled=&#8221;0&#8243; global_colors_info=&#8221;{}&#8221; sticky_enabled=&#8221;0&#8243;][\/et_pb_image][et_pb_text _builder_version=&#8221;4.11.2&#8243; _module_preset=&#8221;default&#8221; hover_enabled=&#8221;0&#8243; global_colors_info=&#8221;{}&#8221; sticky_enabled=&#8221;0&#8243;]When planning to remodel a kitchen, it\u2019s important to know about work triangles. Often designers define a work triangle as a way to create an effective kitchen that will answer all customer\u2019s needs.  <a href=\"https:\/\/koogiart.ee\/en\/planning-a-kitchen\/\">Continue reading \u2192<\/a>[\/et_pb_text][\/et_pb_column_inner][\/et_pb_row_inner][et_pb_row_inner column_structure=&#8221;1_2,1_2&#8243; _builder_version=&#8221;4.11.2&#8243; _module_preset=&#8221;default&#8221; global_colors_info=&#8221;{}&#8221;][et_pb_column_inner type=&#8221;1_2&#8243; saved_specialty_column_type=&#8221;3_4&#8243; _builder_version=&#8221;4.11.2&#8243; _module_preset=&#8221;default&#8221; background_color=&#8221;rgba(0,0,0,0.03)&#8221; custom_padding=&#8221;30px|30px|24px|30px|false|true&#8221; global_colors_info=&#8221;{}&#8221;][et_pb_text _builder_version=&#8221;4.11.2&#8243; _module_preset=&#8221;default&#8221; header_font_size=&#8221;22px&#8221; hover_enabled=&#8221;0&#8243; global_colors_info=&#8221;{}&#8221; sticky_enabled=&#8221;0&#8243;]<\/p>\n<h1><a href=\"https:\/\/koogiart.ee\/en\/small-kitchen\/\">Small kitchen with built-in appliances<\/a><\/h1>\n<p>[\/et_pb_text][et_pb_image src=&#8221;https:\/\/koogiart.ee\/wp-content\/uploads\/2021\/10\/dsc_0319.jpg&#8221; title_text=&#8221;dsc_0319&#8243; url=&#8221;https:\/\/koogiart.ee\/en\/small-kitchen\/&#8221; _builder_version=&#8221;4.11.2&#8243; _module_preset=&#8221;default&#8221; hover_enabled=&#8221;0&#8243; global_colors_info=&#8221;{}&#8221; sticky_enabled=&#8221;0&#8243;][\/et_pb_image][et_pb_text _builder_version=&#8221;4.11.2&#8243; _module_preset=&#8221;default&#8221; hover_enabled=&#8221;0&#8243; global_colors_info=&#8221;{}&#8221; sticky_enabled=&#8221;0&#8243;]Countertop: birch melamine. Frames: birch melamine. Facade: birch melamine.  <a href=\"https:\/\/koogiart.ee\/en\/small-kitchen\/\">Continue reading \u2192<\/a>[\/et_pb_text][\/et_pb_column_inner][et_pb_column_inner type=&#8221;1_2&#8243; saved_specialty_column_type=&#8221;3_4&#8243; _builder_version=&#8221;4.11.2&#8243; _module_preset=&#8221;default&#8221; background_color=&#8221;rgba(0,0,0,0.03)&#8221; custom_padding=&#8221;30px|30px|24px|30px|false|false&#8221; global_colors_info=&#8221;{}&#8221;][et_pb_text _builder_version=&#8221;4.11.2&#8243; _module_preset=&#8221;default&#8221; header_font_size=&#8221;22px&#8221; hover_enabled=&#8221;0&#8243; global_colors_info=&#8221;{}&#8221; sticky_enabled=&#8221;0&#8243;]<\/p>\n<h1><a href=\"https:\/\/koogiart.ee\/en\/our-partner\/\">Our partner E-lux<\/a><\/h1>\n<p>[\/et_pb_text][et_pb_image src=&#8221;https:\/\/koogiart.ee\/wp-content\/uploads\/2021\/10\/elux2.png&#8221; title_text=&#8221;elux2&#8243; url=&#8221;https:\/\/koogiart.ee\/en\/our-partner\/&#8221; _builder_version=&#8221;4.11.2&#8243; _module_preset=&#8221;default&#8221; hover_enabled=&#8221;0&#8243; global_colors_info=&#8221;{}&#8221; sticky_enabled=&#8221;0&#8243;][\/et_pb_image][et_pb_text _builder_version=&#8221;4.11.2&#8243; _module_preset=&#8221;default&#8221; hover_enabled=&#8221;0&#8243; global_colors_info=&#8221;{}&#8221; sticky_enabled=&#8221;0&#8243;]K\u00f6\u00f6giArt is partnering with E-Lux which is a supplier of kitchen appliances.  <a href=\"https:\/\/koogiart.ee\/en\/our-partner\/\">Continue reading \u2192<\/a>[\/et_pb_text][\/et_pb_column_inner][\/et_pb_row_inner][\/et_pb_column][et_pb_column type=&#8221;1_4&#8243; _builder_version=&#8221;3.25&#8243; custom_padding=&#8221;|||&#8221; global_colors_info=&#8221;{}&#8221; custom_padding__hover=&#8221;|||&#8221;][et_pb_sidebar show_border=&#8221;off&#8221; _builder_version=&#8221;4.11.2&#8243; _module_preset=&#8221;default&#8221; global_colors_info=&#8221;{}&#8221;][\/et_pb_sidebar][\/et_pb_column][\/et_pb_section]<\/p>\n","protected":false},"excerpt":{"rendered":"<p>Kitchen designA kitchen is known to be the coziest place in a house where all family members get together to dine, communi\u0441ate and rest after a hard working day. Continue reading \u2192Planning a kitchenWhen planning to remodel a kitchen, it\u2019s important to know about work triangles. Often designers define a work triangle as a way [&hellip;]<\/p>\n","protected":false},"author":1,"featured_media":0,"parent":0,"menu_order":0,"comment_status":"closed","ping_status":"closed","template":"","meta":{"_et_pb_use_builder":"on","_et_pb_old_content":"[et_pb_section fb_built=\"1\" fullwidth=\"on\" _builder_version=\"4.10.7\" _module_preset=\"default\" global_colors_info=\"{}\"][et_pb_fullwidth_post_title meta=\"off\" featured_image=\"off\" _builder_version=\"4.10.7\" _module_preset=\"default\" title_font_size=\"34px\" background_color=\"#f2f2f2\" text_orientation=\"center\" custom_padding=\"40px||40px||true|false\" global_colors_info=\"{}\"][\/et_pb_fullwidth_post_title][\/et_pb_section][et_pb_section fb_built=\"1\" specialty=\"on\" _builder_version=\"4.11.2\" _module_preset=\"default\" global_colors_info=\"{}\"][et_pb_column type=\"3_4\" specialty_columns=\"3\" _builder_version=\"3.25\" custom_padding=\"|||\" global_colors_info=\"{}\" custom_padding__hover=\"|||\"][et_pb_row_inner column_structure=\"1_2,1_2\" _builder_version=\"4.11.2\" _module_preset=\"default\" global_colors_info=\"{}\"][et_pb_column_inner type=\"1_2\" saved_specialty_column_type=\"3_4\" _builder_version=\"4.11.2\" _module_preset=\"default\" background_color=\"rgba(0,0,0,0.03)\" custom_padding=\"30px|30px|24px|30px|false|true\" global_colors_info=\"{}\"][et_pb_text _builder_version=\"4.11.2\" _module_preset=\"default\" header_font_size=\"22px\" hover_enabled=\"0\" global_colors_info=\"{}\" sticky_enabled=\"0\"]<h1><a href=\"https:\/\/koogiart.ee\/koogi-disain\/\">K\u00f6\u00f6gi disain<\/a><\/h1>[\/et_pb_text][et_pb_image src=\"https:\/\/koogiart.ee\/wp-content\/uploads\/2021\/10\/kd3.png\" title_text=\"kd3\" _builder_version=\"4.11.2\" _module_preset=\"default\" hover_enabled=\"0\" global_colors_info=\"{}\" url=\"https:\/\/koogiart.ee\/koogi-disain\/\" sticky_enabled=\"0\"][\/et_pb_image][et_pb_text _builder_version=\"4.11.2\" _module_preset=\"default\" hover_enabled=\"0\" global_colors_info=\"{}\" sticky_enabled=\"0\"]K\u00f6\u00f6k on t\u00f5esti k\u00f5ige hubasem tuba, kus pereliikmed nii s\u00f6\u00f6vad hommikus\u00f6\u00f6ki \/ l\u00f5unas\u00f6\u00f6ki \/ \u00f5htus\u00f6\u00f6ki k\u00f5ik koos, kui ka suhtlevad omavahel, puhkavad p\u00e4rast rasket p\u00e4eva.\r\n<a href=\"https:\/\/koogiart.ee\/koogi-disain\/\">Loe edasi \u2192<\/a>[\/et_pb_text][\/et_pb_column_inner][et_pb_column_inner type=\"1_2\" saved_specialty_column_type=\"3_4\" _builder_version=\"4.11.2\" _module_preset=\"default\" background_color=\"rgba(0,0,0,0.03)\" custom_padding=\"30px|30px|24px|30px|false|false\" global_colors_info=\"{}\"][et_pb_text _builder_version=\"4.11.2\" _module_preset=\"default\" header_font_size=\"22px\" hover_enabled=\"0\" global_colors_info=\"{}\" sticky_enabled=\"0\"]<h1><a href=\"https:\/\/koogiart.ee\/koogi-planeerimine\/\">K\u00f6\u00f6gi planeerimine<\/a><\/h1>[\/et_pb_text][et_pb_image src=\"https:\/\/koogiart.ee\/wp-content\/uploads\/2021\/10\/triangle300.jpg\" title_text=\"triangle300\" _builder_version=\"4.11.2\" _module_preset=\"default\" hover_enabled=\"0\" global_colors_info=\"{}\" url=\"https:\/\/koogiart.ee\/koogi-planeerimine\/\" sticky_enabled=\"0\"][\/et_pb_image][et_pb_text _builder_version=\"4.11.2\" _module_preset=\"default\" hover_enabled=\"0\" global_colors_info=\"{}\" sticky_enabled=\"0\"]Kui teie kavatsete uuendada k\u00f6\u00f6ki, siis kindlasti olete palju kuulnud \u201ct\u00f6\u00f6 kolmnurkadest\u201d. Kuigi sageli disainerid \u00fctlevad, et see on kindel viis k\u00f5ige t\u00f5husama k\u00f6\u00f6gi loomiseks, mis vastaks k\u00f5igile perenaise vajadustele. <a href=\"https:\/\/koogiart.ee\/koogi-planeerimine\/\">Loe edasi \u2192<\/a>[\/et_pb_text][\/et_pb_column_inner][\/et_pb_row_inner][et_pb_row_inner column_structure=\"1_2,1_2\" _builder_version=\"4.11.2\" _module_preset=\"default\" global_colors_info=\"{}\"][et_pb_column_inner type=\"1_2\" saved_specialty_column_type=\"3_4\" _builder_version=\"4.11.2\" _module_preset=\"default\" background_color=\"rgba(0,0,0,0.03)\" custom_padding=\"30px|30px|24px|30px|false|true\" global_colors_info=\"{}\"][et_pb_text _builder_version=\"4.11.2\" _module_preset=\"default\" header_font_size=\"22px\" hover_enabled=\"0\" global_colors_info=\"{}\" sticky_enabled=\"0\"]<h1><a href=\"https:\/\/koogiart.ee\/vaike-kook\/\">V\u00e4ike k\u00f6\u00f6k integreeritava tehnikaga<\/a><\/h1>[\/et_pb_text][et_pb_image src=\"https:\/\/koogiart.ee\/wp-content\/uploads\/2021\/10\/dsc_0319.jpg\" title_text=\"dsc_0319\" _builder_version=\"4.11.2\" _module_preset=\"default\" hover_enabled=\"0\" global_colors_info=\"{}\" url=\"https:\/\/koogiart.ee\/vaike-kook\/\" sticky_enabled=\"0\"][\/et_pb_image][et_pb_text _builder_version=\"4.11.2\" _module_preset=\"default\" hover_enabled=\"0\" global_colors_info=\"{}\" sticky_enabled=\"0\"]T\u00f6\u00f6pind: melamiin Kask. Karkass: melamiin Kask. Esipaneelid: melamiin Kask. <a href=\"https:\/\/koogiart.ee\/vaike-kook\/\" >Loe edasi \u2192<\/a>[\/et_pb_text][\/et_pb_column_inner][et_pb_column_inner type=\"1_2\" saved_specialty_column_type=\"3_4\" _builder_version=\"4.11.2\" _module_preset=\"default\" background_color=\"rgba(0,0,0,0.03)\" custom_padding=\"30px|30px|24px|30px|false|false\" global_colors_info=\"{}\"][et_pb_text _builder_version=\"4.11.2\" _module_preset=\"default\" header_font_size=\"22px\" hover_enabled=\"0\" global_colors_info=\"{}\" sticky_enabled=\"0\"]<h1><a href=\"https:\/\/koogiart.ee\/e-lux\/\">Meie k\u00f6\u00f6gitehnika koost\u00f6\u00f6partner E-lux<\/a><\/h1>[\/et_pb_text][et_pb_image src=\"https:\/\/koogiart.ee\/wp-content\/uploads\/2021\/10\/elux2.png\" title_text=\"elux2\" _builder_version=\"4.11.2\" _module_preset=\"default\" hover_enabled=\"0\" global_colors_info=\"{}\" url=\"https:\/\/koogiart.ee\/e-lux\/\" sticky_enabled=\"0\"][\/et_pb_image][et_pb_text _builder_version=\"4.11.2\" _module_preset=\"default\" hover_enabled=\"0\" global_colors_info=\"{}\" sticky_enabled=\"0\"]K\u00f6\u00f6giArt s\u00f5lmis koost\u00f6\u00f6lepingu k\u00f6\u00f6gitehnika tarnijaga E-Lux. <a href=\"https:\/\/koogiart.ee\/e-lux\/\">Loe edasi \u2192<\/a>[\/et_pb_text][\/et_pb_column_inner][\/et_pb_row_inner][\/et_pb_column][et_pb_column type=\"1_4\" _builder_version=\"3.25\" custom_padding=\"|||\" global_colors_info=\"{}\" custom_padding__hover=\"|||\"][et_pb_sidebar show_border=\"off\" _builder_version=\"4.11.2\" _module_preset=\"default\" global_colors_info=\"{}\"][\/et_pb_sidebar][\/et_pb_column][\/et_pb_section]","_et_gb_content_width":"","footnotes":""},"_links":{"self":[{"href":"https:\/\/koogiart.ee\/en\/wp-json\/wp\/v2\/pages\/4336"}],"collection":[{"href":"https:\/\/koogiart.ee\/en\/wp-json\/wp\/v2\/pages"}],"about":[{"href":"https:\/\/koogiart.ee\/en\/wp-json\/wp\/v2\/types\/page"}],"author":[{"embeddable":true,"href":"https:\/\/koogiart.ee\/en\/wp-json\/wp\/v2\/users\/1"}],"replies":[{"embeddable":true,"href":"https:\/\/koogiart.ee\/en\/wp-json\/wp\/v2\/comments?post=4336"}],"version-history":[{"count":5,"href":"https:\/\/koogiart.ee\/en\/wp-json\/wp\/v2\/pages\/4336\/revisions"}],"predecessor-version":[{"id":4344,"href":"https:\/\/koogiart.ee\/en\/wp-json\/wp\/v2\/pages\/4336\/revisions\/4344"}],"wp:attachment":[{"href":"https:\/\/koogiart.ee\/en\/wp-json\/wp\/v2\/media?parent=4336"}],"curies":[{"name":"wp","href":"https:\/\/api.w.org\/{rel}","templated":true}]}}