{"id":3981,"date":"2021-10-12T12:18:51","date_gmt":"2021-10-12T09:18:51","guid":{"rendered":"https:\/\/koogiart.ee\/?page_id=3981"},"modified":"2022-10-12T12:36:53","modified_gmt":"2022-10-12T09:36:53","slug":"testimonials","status":"publish","type":"page","link":"https:\/\/koogiart.ee\/en\/testimonials\/","title":{"rendered":"Testimonials"},"content":{"rendered":"<p>[et_pb_section fb_built=&#8221;1&#8243; fullwidth=&#8221;on&#8221; _builder_version=&#8221;4.16&#8243; _module_preset=&#8221;default&#8221; global_colors_info=&#8221;{}&#8221;][et_pb_fullwidth_post_title meta=&#8221;off&#8221; featured_image=&#8221;off&#8221; _builder_version=&#8221;4.16&#8243; _module_preset=&#8221;default&#8221; title_font_size=&#8221;34px&#8221; background_color=&#8221;#f2f2f2&#8243; text_orientation=&#8221;center&#8221; custom_padding=&#8221;40px||40px||true|false&#8221; global_colors_info=&#8221;{}&#8221;][\/et_pb_fullwidth_post_title][\/et_pb_section][et_pb_section fb_built=&#8221;1&#8243; _builder_version=&#8221;4.16&#8243; _module_preset=&#8221;default&#8221; global_colors_info=&#8221;{}&#8221;][et_pb_row column_structure=&#8221;1_2,1_2&#8243; _builder_version=&#8221;4.16&#8243; _module_preset=&#8221;default&#8221; global_colors_info=&#8221;{}&#8221;][et_pb_column type=&#8221;1_2&#8243; _builder_version=&#8221;4.16&#8243; _module_preset=&#8221;default&#8221; global_colors_info=&#8221;{}&#8221;][et_pb_testimonial author=&#8221;Hilde&#8221; job_title=&#8221;Customer of K\u00f6\u00f6giART&#8221; portrait_url=&#8221;https:\/\/koogiart.ee\/wp-content\/uploads\/2021\/10\/happy.png&#8221; admin_label=&#8221;Hilde&#8221; _builder_version=&#8221;4.17.6&#8243; _module_preset=&#8221;default&#8221; hover_enabled=&#8221;0&#8243; global_colors_info=&#8221;{}&#8221; sticky_enabled=&#8221;0&#8243;]Excellent company that delivers on time and  does the job really well. Great service overall with minor issues being resolved quickly and professionally. Will use again and recommend to everyone looking for a nice kitchen and other furniture. Thanks![\/et_pb_testimonial][\/et_pb_column][et_pb_column type=&#8221;1_2&#8243; _builder_version=&#8221;4.16&#8243; _module_preset=&#8221;default&#8221; global_colors_info=&#8221;{}&#8221;][et_pb_testimonial author=&#8221;Larissa &#038; Bernt G\u00f6ransson&#8221; job_title=&#8221;Customer of K\u00f6\u00f6giART&#8221; portrait_url=&#8221;https:\/\/koogiart.ee\/wp-content\/uploads\/2021\/10\/larissa-77&#215;77-1.jpg&#8221; admin_label=&#8221;Larissa &#038; Bernt G\u00f6ransson&#8221; _builder_version=&#8221;4.16&#8243; _module_preset=&#8221;default&#8221; global_colors_info=&#8221;{}&#8221;]Hey! We bought a new apartment in Tallinn and there were only walls painted, so we had to find a company of professionals. We succeeded because we made a contact with a company called K\u00f6\u00f6giART O\u00dc in Tallinn. Very nice business owners! We ordered kitchen furniture, appliances and storage areas from them. The work they did was perfectly done and we can recommend them to anyone who needs to equip their new home with the things I have listed. We would like to thank Maxim and Julia for the job.<\/p>\n<p>Larissa &#038; Bernt G\u00f6ransson[\/et_pb_testimonial][\/et_pb_column][\/et_pb_row][et_pb_row column_structure=&#8221;1_2,1_2&#8243; _builder_version=&#8221;4.16&#8243; _module_preset=&#8221;default&#8221; global_colors_info=&#8221;{}&#8221;][et_pb_column type=&#8221;1_2&#8243; _builder_version=&#8221;4.16&#8243; _module_preset=&#8221;default&#8221; global_colors_info=&#8221;{}&#8221;][et_pb_testimonial author=&#8221;Mehis&#8221; job_title=&#8221;Customer of K\u00f6\u00f6giART&#8221; portrait_url=&#8221;https:\/\/koogiart.ee\/wp-content\/uploads\/2021\/10\/happy.png&#8221; admin_label=&#8221;Mehis&#8221; _builder_version=&#8221;4.16&#8243; _module_preset=&#8221;default&#8221; global_colors_info=&#8221;{}&#8221;]We are very pleased with the choice of kitchen manufacturer. K\u00f6\u00f6giart managed solving planning issues and different alternative solutions quickly and professionally. Thank you. Materials used are of high quality and kitchen installing is fast. An extra joy was to see that all the trash was taken away and the new furniture was cleaned inside out after installing. Cabinets can be filled with things right away.[\/et_pb_testimonial][\/et_pb_column][et_pb_column type=&#8221;1_2&#8243; _builder_version=&#8221;4.16&#8243; _module_preset=&#8221;default&#8221; global_colors_info=&#8221;{}&#8221;][et_pb_testimonial author=&#8221;Kari and Towe&#8221; job_title=&#8221;Customer of K\u00f6\u00f6giART&#8221; portrait_url=&#8221;https:\/\/koogiart.ee\/wp-content\/uploads\/2021\/10\/happy.png&#8221; admin_label=&#8221;Kari and Towe&#8221; _builder_version=&#8221;4.16&#8243; _module_preset=&#8221;default&#8221; global_colors_info=&#8221;{}&#8221;]We arrived last Thursday late in the evening to Tallinn. There, in the corner of our apartment you and your team had created the most beautifull and functional kitchen. Thank you very much of the good work and service! We are happy to recommend you to anyone who asks. And thank you Triinu to pointing us to Maksim.<\/p>\n<p>With best Regards,<\/p>\n<p>Kari and Towe [\/et_pb_testimonial][\/et_pb_column][\/et_pb_row][\/et_pb_section]<\/p>\n","protected":false},"excerpt":{"rendered":"<p>Excellent company that delivers on time and does the job really well. Great service overall with minor issues being resolved quickly and professionally. Will use again and recommend to everyone looking for a nice kitchen and other furniture. Thanks!Hey! We bought a new apartment in Tallinn and there were only walls painted, so we had [&hellip;]<\/p>\n","protected":false},"author":1,"featured_media":0,"parent":0,"menu_order":0,"comment_status":"closed","ping_status":"closed","template":"","meta":{"_et_pb_use_builder":"on","_et_pb_old_content":"[et_pb_section fb_built=\"1\" fullwidth=\"on\" _builder_version=\"4.10.7\" _module_preset=\"default\" global_colors_info=\"{}\"][et_pb_fullwidth_post_title meta=\"off\" featured_image=\"off\" _builder_version=\"4.10.7\" _module_preset=\"default\" title_font_size=\"34px\" background_color=\"#f2f2f2\" text_orientation=\"center\" custom_padding=\"40px||40px||true|false\" global_colors_info=\"{}\"][\/et_pb_fullwidth_post_title][\/et_pb_section][et_pb_section fb_built=\"1\" _builder_version=\"4.10.7\" _module_preset=\"default\" global_colors_info=\"{}\"][et_pb_row column_structure=\"3_5,2_5\" _builder_version=\"4.10.7\" _module_preset=\"default\" global_colors_info=\"{}\"][et_pb_column type=\"3_5\" _builder_version=\"4.10.7\" _module_preset=\"default\" global_colors_info=\"{}\"][et_pb_testimonial author=\"Aire P\u00f5der\" job_title=\"\u041a\u043b\u0438\u0435\u043d\u0442 K\u00f6\u00f6giART\" portrait_url=\"https:\/\/koogiart.ee\/wp-content\/uploads\/2021\/10\/aire-77x77-1.jpg\" admin_label=\"Aire P\u00f5der\" _builder_version=\"4.11.2\" _module_preset=\"default\" global_colors_info=\"{}\"]\u041c\u043e\u0439 \u0441\u043b\u0443\u0447\u0430\u0439 \u0441 \u0437\u0430\u043a\u0430\u0437\u043e\u043c \u043a\u0443\u0445\u043e\u043d\u043d\u043e\u0439 \u043c\u0435\u0431\u0435\u043b\u0438 \u0431\u044b\u043b \u043e\u0447\u0435\u043d\u044c \u043f\u043e\u0437\u0438\u0442\u0438\u0432\u043d\u044b\u0439. \u0412\u0441\u0435 \u043e\u0431\u0433\u043e\u0432\u043e\u0440\u0435\u043d\u043d\u044b\u0435 \u0441\u0440\u043e\u043a\u0438 \u0431\u044b\u043b\u0438 \u0442\u043e\u0447\u043d\u044b, \u043a\u043e\u043b\u043b\u0435\u043a\u0442\u0438\u0432 \u0434\u0440\u0443\u0436\u043d\u044b\u0439 \u0430 \u0440\u0430\u0431\u043e\u0442\u0430 \u043a\u0430\u0447\u0435\u0441\u0442\u0432\u0435\u043d\u043d\u0430\u044f. \u0423 \u043a\u043e\u0433\u043e \u0432 \u043f\u043b\u0430\u043d\u0430\u0445 \u0437\u0430\u043a\u0430\u0437\u0430\u0442\u044c \u043d\u043e\u0432\u0443\u044e \u043c\u0435\u0431\u0435\u043b\u044c \u043d\u0430 \u043a\u0443\u0445\u043d\u044e \u2014 \u0441\u043e\u0432\u0435\u0442\u0443\u044e \u0432\u0437\u044f\u0442\u044c \u043f\u0440\u0435\u0434\u043b\u043e\u0436\u0435\u043d\u0438\u0435 \u0432 K\u00f6\u00f6giart! [\/et_pb_testimonial][\/et_pb_column][et_pb_column type=\"2_5\" _builder_version=\"4.10.7\" _module_preset=\"default\" global_colors_info=\"{}\"][et_pb_image src=\"https:\/\/koogiart.ee\/wp-content\/uploads\/2021\/10\/030.jpg\" title_text=\"030\" show_in_lightbox=\"on\" _builder_version=\"4.10.7\" _module_preset=\"default\" global_colors_info=\"{}\"][\/et_pb_image][\/et_pb_column][\/et_pb_row][\/et_pb_section]","_et_gb_content_width":"","footnotes":""},"_links":{"self":[{"href":"https:\/\/koogiart.ee\/en\/wp-json\/wp\/v2\/pages\/3981"}],"collection":[{"href":"https:\/\/koogiart.ee\/en\/wp-json\/wp\/v2\/pages"}],"about":[{"href":"https:\/\/koogiart.ee\/en\/wp-json\/wp\/v2\/types\/page"}],"author":[{"embeddable":true,"href":"https:\/\/koogiart.ee\/en\/wp-json\/wp\/v2\/users\/1"}],"replies":[{"embeddable":true,"href":"https:\/\/koogiart.ee\/en\/wp-json\/wp\/v2\/comments?post=3981"}],"version-history":[{"count":4,"href":"https:\/\/koogiart.ee\/en\/wp-json\/wp\/v2\/pages\/3981\/revisions"}],"predecessor-version":[{"id":4813,"href":"https:\/\/koogiart.ee\/en\/wp-json\/wp\/v2\/pages\/3981\/revisions\/4813"}],"wp:attachment":[{"href":"https:\/\/koogiart.ee\/en\/wp-json\/wp\/v2\/media?parent=3981"}],"curies":[{"name":"wp","href":"https:\/\/api.w.org\/{rel}","templated":true}]}}